{"id":2803,"date":"2025-12-03T07:00:44","date_gmt":"2025-12-03T07:00:44","guid":{"rendered":"https:\/\/ledingco.com\/?page_id=2803"},"modified":"2025-12-03T07:24:55","modified_gmt":"2025-12-03T07:24:55","slug":"datenschutzbestimmungen","status":"publish","type":"page","link":"https:\/\/ledingco.com\/de\/privacy-policy\/","title":{"rendered":"Datenschutzbestimmungen"},"content":{"rendered":"<div data-elementor-type=\"wp-page\" data-elementor-id=\"2803\" class=\"elementor elementor-2803\" data-elementor-post-type=\"page\">\n\t\t\t\t<div class=\"elementor-element elementor-element-cd2d705 e-flex e-con-boxed e-con e-parent\" data-id=\"cd2d705\" data-element_type=\"container\" data-e-type=\"container\" data-settings=\"{&quot;background_background&quot;:&quot;classic&quot;}\">\n\t\t\t\t\t<div class=\"e-con-inner\">\n\t\t\t\t<div class=\"elementor-element elementor-element-153279b elementor-widget__width-inherit elementor-invisible elementor-widget elementor-widget-heading\" data-id=\"153279b\" data-element_type=\"widget\" data-e-type=\"widget\" data-settings=\"{&quot;_animation&quot;:&quot;fadeIn&quot;}\" data-widget_type=\"heading.default\">\n\t\t\t\t\t<h2 class=\"elementor-heading-title elementor-size-default\">Datenschutzbestimmungen<\/h2>\t\t\t\t<\/div>\n\t\t\t\t<div class=\"elementor-element elementor-element-9855688 elementor-icon-list--layout-inline elementor-align-center elementor-list-item-link-full_width elementor-invisible elementor-widget elementor-widget-icon-list\" data-id=\"9855688\" data-element_type=\"widget\" data-e-type=\"widget\" data-settings=\"{&quot;_animation&quot;:&quot;fadeIn&quot;,&quot;_animation_delay&quot;:200}\" data-widget_type=\"icon-list.default\">\n\t\t\t\t\t\t\t<ul class=\"elementor-icon-list-items elementor-inline-items\">\n\t\t\t\t\t\t\t<li class=\"elementor-icon-list-item elementor-inline-item\">\n\t\t\t\t\t\t\t\t\t\t\t<a href=\"#\">\n\n\t\t\t\t\t\t\t\t\t\t\t<span class=\"elementor-icon-list-text\">Startseite<\/span>\n\t\t\t\t\t\t\t\t\t\t\t<\/a>\n\t\t\t\t\t\t\t\t\t<\/li>\n\t\t\t\t\t\t\t\t<li class=\"elementor-icon-list-item elementor-inline-item\">\n\t\t\t\t\t\t\t\t\t\t\t<a href=\"https:\/\/ledingco.com\/de\/privacy-policy\/\">\n\n\t\t\t\t\t\t\t\t\t\t\t\t<span class=\"elementor-icon-list-icon\">\n\t\t\t\t\t\t\t<i aria-hidden=\"true\" class=\"icon icon-arrow-right\"><\/i>\t\t\t\t\t\t<\/span>\n\t\t\t\t\t\t\t\t\t\t<span class=\"elementor-icon-list-text\">Datenschutzbestimmungen<\/span>\n\t\t\t\t\t\t\t\t\t\t\t<\/a>\n\t\t\t\t\t\t\t\t\t<\/li>\n\t\t\t\t\t\t<\/ul>\n\t\t\t\t\t\t<\/div>\n\t\t\t\t\t<\/div>\n\t\t\t\t<\/div>\n\t\t<div class=\"elementor-element elementor-element-5169c23 e-flex e-con-boxed e-con e-parent\" data-id=\"5169c23\" data-element_type=\"container\" data-e-type=\"container\">\n\t\t\t\t\t<div class=\"e-con-inner\">\n\t\t\t\t<div class=\"elementor-element elementor-element-ecd4e2e elementor-widget elementor-widget-text-editor\" data-id=\"ecd4e2e\" data-element_type=\"widget\" data-e-type=\"widget\" data-widget_type=\"text-editor.default\">\n\t\t\t\t\t\t\t\t\t<p data-start=\"112\" data-end=\"144\"><em data-start=\"112\" data-end=\"144\">Zuletzt aktualisiert: Dezember 3, 2025<\/em><\/p><p data-start=\"146\" data-end=\"393\">Vielen Dank f\u00fcr Ihren Besuch auf unserer Website. Wir wissen Ihr Vertrauen zu sch\u00e4tzen und verpflichten uns, Ihre pers\u00f6nlichen Daten zu sch\u00fctzen. In dieser Datenschutzerkl\u00e4rung wird erl\u00e4utert, wie wir Ihre Daten erfassen, verwenden, weitergeben und sch\u00fctzen, wenn Sie auf unsere Website zugreifen oder unsere Dienste nutzen.<\/p><hr data-start=\"395\" data-end=\"398\" \/><h3 data-start=\"400\" data-end=\"432\">1. Informationen, die wir sammeln<\/h3><h4 data-start=\"434\" data-end=\"478\">1.1 Von Ihnen bereitgestellte pers\u00f6nliche Informationen<\/h4><p data-start=\"479\" data-end=\"547\">Wenn Sie ein Formular ausf\u00fcllen oder mit uns Kontakt aufnehmen, k\u00f6nnen Sie freiwillig Angaben machen:<\/p><ul data-start=\"548\" data-end=\"669\"><li data-start=\"548\" data-end=\"556\"><p data-start=\"550\" data-end=\"556\">Name<\/p><\/li><li data-start=\"557\" data-end=\"574\"><p data-start=\"559\" data-end=\"574\">E-Mail Adresse<\/p><\/li><li data-start=\"575\" data-end=\"591\"><p data-start=\"577\" data-end=\"591\">Rufnummer<\/p><\/li><li data-start=\"592\" data-end=\"615\"><p data-start=\"594\" data-end=\"615\">Informationen zum Unternehmen<\/p><\/li><li data-start=\"616\" data-end=\"669\"><p data-start=\"618\" data-end=\"669\">Alle anderen \u00fcber unsere Formulare \u00fcbermittelten Informationen<\/p><\/li><\/ul><h4 data-start=\"671\" data-end=\"718\">1.2 Automatisch gesammelte Informationen<\/h4><p data-start=\"719\" data-end=\"777\">Wenn Sie unsere Website besuchen, k\u00f6nnen wir automatisch Daten erfassen:<\/p><ul data-start=\"778\" data-end=\"915\"><li data-start=\"778\" data-end=\"792\"><p data-start=\"780\" data-end=\"792\">IP-Adresse<\/p><\/li><li data-start=\"793\" data-end=\"821\"><p data-start=\"795\" data-end=\"821\">Browsertyp und -version<\/p><\/li><li data-start=\"822\" data-end=\"844\"><p data-start=\"824\" data-end=\"844\">Informationen zum Ger\u00e4t<\/p><\/li><li data-start=\"845\" data-end=\"877\"><p data-start=\"847\" data-end=\"877\">Besuchte Seiten und Verweildauer<\/p><\/li><li data-start=\"878\" data-end=\"915\"><p data-start=\"880\" data-end=\"915\">Cookies und Tracking-Technologien<\/p><\/li><\/ul><hr data-start=\"917\" data-end=\"920\" \/><h3 data-start=\"922\" data-end=\"959\">2. Wie wir Ihre Informationen verwenden<\/h3><p data-start=\"960\" data-end=\"1000\">Wir k\u00f6nnen die gesammelten Informationen verwenden, um:<\/p><ul data-start=\"1001\" data-end=\"1269\"><li data-start=\"1001\" data-end=\"1047\"><p data-start=\"1003\" data-end=\"1047\">Bereitstellung, Betrieb und Verbesserung unserer Dienstleistungen<\/p><\/li><li data-start=\"1048\" data-end=\"1101\"><p data-start=\"1050\" data-end=\"1101\">Beantwortung von Anfragen und Unterst\u00fctzung von Kunden<\/p><\/li><li data-start=\"1102\" data-end=\"1166\"><p data-start=\"1104\" data-end=\"1166\">Senden Sie Updates, Marketingnachrichten oder wichtige Benachrichtigungen<\/p><\/li><li data-start=\"1167\" data-end=\"1213\"><p data-start=\"1169\" data-end=\"1213\">Analysieren Sie die Leistung der Website und das Nutzerverhalten<\/p><\/li><li data-start=\"1214\" data-end=\"1269\"><p data-start=\"1216\" data-end=\"1269\">Aufrechterhaltung der Sicherheit und Verhinderung betr\u00fcgerischer Aktivit\u00e4ten<\/p><\/li><\/ul><hr data-start=\"1271\" data-end=\"1274\" \/><h3 data-start=\"1276\" data-end=\"1317\">3. Cookies und Tracking-Technologien<\/h3><p data-start=\"1318\" data-end=\"1361\">Wir verwenden Cookies und \u00e4hnliche Technologien, um:<\/p><ul data-start=\"1362\" data-end=\"1492\"><li data-start=\"1362\" data-end=\"1395\"><p data-start=\"1364\" data-end=\"1395\">Verbessern Sie die Funktionalit\u00e4t der Website<\/p><\/li><li data-start=\"1396\" data-end=\"1423\"><p data-start=\"1398\" data-end=\"1423\">Verbesserung der Benutzerfreundlichkeit<\/p><\/li><li data-start=\"1424\" data-end=\"1462\"><p data-start=\"1426\" data-end=\"1462\">Analysieren Sie Verkehr und Nutzungsmuster<\/p><\/li><li data-start=\"1463\" data-end=\"1492\"><p data-start=\"1465\" data-end=\"1492\">Merken Sie sich Ihre Pr\u00e4ferenzen<\/p><\/li><\/ul><p data-start=\"1494\" data-end=\"1588\">Sie k\u00f6nnen Cookies in den Einstellungen Ihres Browsers deaktivieren, aber einige Funktionen funktionieren dann m\u00f6glicherweise nicht richtig.<\/p><hr data-start=\"1590\" data-end=\"1593\" \/><h3 data-start=\"1595\" data-end=\"1634\">4. Wie wir Ihre Informationen weitergeben<\/h3><p data-start=\"1635\" data-end=\"1731\">Wir <strong data-start=\"1638\" data-end=\"1662\">nicht verkaufen oder handeln<\/strong> Ihre pers\u00f6nlichen Daten.<br data-start=\"1682\" data-end=\"1685\" \/>Informationen d\u00fcrfen nur bei Bedarf weitergegeben werden:<\/p><ul data-start=\"1732\" data-end=\"1899\"><li data-start=\"1732\" data-end=\"1815\"><p data-start=\"1734\" data-end=\"1815\">Mit vertrauensw\u00fcrdigen Drittanbietern (Hosting, Analytik, E-Mail-Dienste)<\/p><\/li><li data-start=\"1816\" data-end=\"1852\"><p data-start=\"1818\" data-end=\"1852\">Zur Erf\u00fcllung gesetzlicher Verpflichtungen<\/p><\/li><li data-start=\"1853\" data-end=\"1899\"><p data-start=\"1855\" data-end=\"1899\">Zum Schutz unserer Website, unserer Benutzer oder unseres Eigentums<\/p><\/li><\/ul><p data-start=\"1901\" data-end=\"1989\">Alle Dienstleister m\u00fcssen strenge Vertraulichkeits- und Datenschutzrichtlinien einhalten.<\/p><hr data-start=\"1991\" data-end=\"1994\" \/><h3 data-start=\"1996\" data-end=\"2019\">5. Datensicherheit<\/h3><p data-start=\"2020\" data-end=\"2243\">Wir wenden branchen\u00fcbliche Sicherheitsma\u00dfnahmen an, um Ihre Daten zu sch\u00fctzen.<br data-start=\"2097\" data-end=\"2100\" \/>Bitte haben Sie jedoch Verst\u00e4ndnis daf\u00fcr, dass keine Online-Daten\u00fcbertragung 100% sicher ist.<br data-start=\"2175\" data-end=\"2178\" \/>Wir werden weiterhin angemessene Ma\u00dfnahmen zum Schutz Ihrer Daten ergreifen.<\/p><hr data-start=\"2245\" data-end=\"2248\" \/><h3 data-start=\"2250\" data-end=\"2271\">6. Deine Rechte<\/h3><p data-start=\"2272\" data-end=\"2324\">Je nach Region haben Sie m\u00f6glicherweise das Recht auf:<\/p><ul data-start=\"2325\" data-end=\"2493\"><li data-start=\"2325\" data-end=\"2354\"><p data-start=\"2327\" data-end=\"2354\">Zugang zu Ihren pers\u00f6nlichen Daten<\/p><\/li><li data-start=\"2355\" data-end=\"2389\"><p data-start=\"2357\" data-end=\"2389\">Richtigstellung ungenauer Informationen<\/p><\/li><li data-start=\"2390\" data-end=\"2423\"><p data-start=\"2392\" data-end=\"2423\">Beantragen Sie die L\u00f6schung Ihrer Daten<\/p><\/li><li data-start=\"2424\" data-end=\"2463\"><p data-start=\"2426\" data-end=\"2463\">Abmeldung von Marketingmitteilungen<\/p><\/li><li data-start=\"2464\" data-end=\"2493\"><p data-start=\"2466\" data-end=\"2493\">Cookie-Einstellungen verwalten<\/p><\/li><\/ul><p data-start=\"2495\" data-end=\"2565\">Wenn Sie diese Rechte aus\u00fcben m\u00f6chten, kontaktieren Sie uns bitte \u00fcber die unten stehenden Angaben.<\/p><hr data-start=\"2567\" data-end=\"2570\" \/><h3 data-start=\"2572\" data-end=\"2599\">7. Links von Drittanbietern<\/h3><p data-start=\"2600\" data-end=\"2719\">Unsere Website kann Links zu Websites Dritter enthalten.<br data-start=\"2654\" data-end=\"2657\" \/>Wir sind nicht verantwortlich f\u00fcr deren Datenschutzpraktiken oder Inhalte.<\/p><hr data-start=\"2721\" data-end=\"2724\" \/><h3>8. Privatsph\u00e4re der Kinder<\/h3><p data-start=\"2755\" data-end=\"2873\">Unsere Website und Dienstleistungen sind <strong data-start=\"2784\" data-end=\"2822\">nicht f\u00fcr Kinder unter 13 Jahren bestimmt<\/strong>.<br data-start=\"2823\" data-end=\"2826\" \/>Wir sammeln nicht wissentlich Daten von Kindern.<\/p><hr data-start=\"2875\" data-end=\"2878\" \/><h3 data-start=\"2880\" data-end=\"2912\">9. \u00c4nderungen an dieser Politik<\/h3><p data-start=\"2913\" data-end=\"3034\">Wir k\u00f6nnen diese Datenschutzrichtlinie von Zeit zu Zeit aktualisieren.<br data-start=\"2965\" data-end=\"2968\" \/>Aktualisierungen werden auf dieser Seite mit dem Datum der \u00dcberarbeitung ver\u00f6ffentlicht.<\/p><hr data-start=\"3036\" data-end=\"3039\" \/><h3 data-start=\"3041\" data-end=\"3062\">10. Kontakt<\/h3><p data-start=\"3063\" data-end=\"3166\">Wenn Sie Fragen zu dieser Datenschutzrichtlinie haben oder Daten\u00e4nderungen beantragen m\u00f6chten, wenden Sie sich bitte an uns:<\/p><p data-start=\"3168\" data-end=\"3339\"><strong data-start=\"3168\" data-end=\"3178\">E-Mail:<\/strong> <a class=\"decorated-link cursor-pointer\" rel=\"noopener\" data-start=\"3179\" data-end=\"3196\">info@ledingco.com<\/a><br data-start=\"3196\" data-end=\"3199\" \/><strong data-start=\"3199\" data-end=\"3211\">Adresse:<\/strong> 507B, 5. Stock, Block A, Longfor Hongqiao Paradise Walk,&lt;br&gt;Minhang-Bezirk, Shanghai, China<br data-start=\"3306\" data-end=\"3309\" \/><strong data-start=\"3309\" data-end=\"3319\">Telefon:<\/strong> +86 181 1759 7935<\/p>\t\t\t\t\t\t\t\t<\/div>\n\t\t\t\t\t<\/div>\n\t\t\t\t<\/div>\n\t\t\t\t<\/div>","protected":false},"excerpt":{"rendered":"<p>Privacy Policy Home Privacy Policy Last Updated: December 3, 2025 Thank you for visiting our website. We value your trust and are committed to protecting your personal information. This Privacy Policy explains how we collect, use, disclose, and safeguard your data when you access our website or use our services. 1. Information We Collect 1.1 [&hellip;]<\/p>\n","protected":false},"author":1,"featured_media":0,"parent":0,"menu_order":0,"comment_status":"closed","ping_status":"closed","template":"","meta":{"footnotes":""},"class_list":["post-2803","page","type-page","status-publish","hentry"],"_links":{"self":[{"href":"https:\/\/ledingco.com\/de\/wp-json\/wp\/v2\/pages\/2803","targetHints":{"allow":["GET"]}}],"collection":[{"href":"https:\/\/ledingco.com\/de\/wp-json\/wp\/v2\/pages"}],"about":[{"href":"https:\/\/ledingco.com\/de\/wp-json\/wp\/v2\/types\/page"}],"author":[{"embeddable":true,"href":"https:\/\/ledingco.com\/de\/wp-json\/wp\/v2\/users\/1"}],"replies":[{"embeddable":true,"href":"https:\/\/ledingco.com\/de\/wp-json\/wp\/v2\/comments?post=2803"}],"version-history":[{"count":49,"href":"https:\/\/ledingco.com\/de\/wp-json\/wp\/v2\/pages\/2803\/revisions"}],"predecessor-version":[{"id":2861,"href":"https:\/\/ledingco.com\/de\/wp-json\/wp\/v2\/pages\/2803\/revisions\/2861"}],"wp:attachment":[{"href":"https:\/\/ledingco.com\/de\/wp-json\/wp\/v2\/media?parent=2803"}],"curies":[{"name":"wp","href":"https:\/\/api.w.org\/{rel}","templated":true}]}}