{"id":1993,"date":"2025-12-01T08:25:46","date_gmt":"2025-12-01T08:25:46","guid":{"rendered":"https:\/\/ledingco.com\/?page_id=1993"},"modified":"2025-12-30T09:34:28","modified_gmt":"2025-12-30T09:34:28","slug":"nuestros-servicios","status":"publish","type":"page","link":"https:\/\/ledingco.com\/es\/our-services\/","title":{"rendered":"Nuestros servicios"},"content":{"rendered":"<div data-elementor-type=\"wp-page\" data-elementor-id=\"1993\" class=\"elementor elementor-1993\" data-elementor-post-type=\"page\">\n\t\t\t\t<div class=\"elementor-element elementor-element-3cf3a5b8 e-flex e-con-boxed e-con e-parent\" data-id=\"3cf3a5b8\" data-element_type=\"container\" data-e-type=\"container\" data-settings=\"{&quot;background_background&quot;:&quot;classic&quot;}\">\n\t\t\t\t\t<div class=\"e-con-inner\">\n\t\t\t\t<div class=\"elementor-element elementor-element-4ea3d391 elementor-widget__width-inherit elementor-invisible elementor-widget elementor-widget-heading\" data-id=\"4ea3d391\" data-element_type=\"widget\" data-e-type=\"widget\" data-settings=\"{&quot;_animation&quot;:&quot;fadeIn&quot;}\" data-widget_type=\"heading.default\">\n\t\t\t\t\t<h2 class=\"elementor-heading-title elementor-size-default\">Nuestros servicios<\/h2>\t\t\t\t<\/div>\n\t\t\t\t<div class=\"elementor-element elementor-element-7e8f8f0e elementor-icon-list--layout-inline elementor-align-center elementor-list-item-link-full_width elementor-invisible elementor-widget elementor-widget-icon-list\" data-id=\"7e8f8f0e\" data-element_type=\"widget\" data-e-type=\"widget\" data-settings=\"{&quot;_animation&quot;:&quot;fadeIn&quot;,&quot;_animation_delay&quot;:200}\" data-widget_type=\"icon-list.default\">\n\t\t\t\t\t\t\t<ul class=\"elementor-icon-list-items elementor-inline-items\">\n\t\t\t\t\t\t\t<li class=\"elementor-icon-list-item elementor-inline-item\">\n\t\t\t\t\t\t\t\t\t\t\t<a href=\"https:\/\/ledingco.com\/es\">\n\n\t\t\t\t\t\t\t\t\t\t\t<span class=\"elementor-icon-list-text\">Inicio<\/span>\n\t\t\t\t\t\t\t\t\t\t\t<\/a>\n\t\t\t\t\t\t\t\t\t<\/li>\n\t\t\t\t\t\t\t\t<li class=\"elementor-icon-list-item elementor-inline-item\">\n\t\t\t\t\t\t\t\t\t\t\t<a href=\"https:\/\/ledingco.com\/es\/our-services\/\">\n\n\t\t\t\t\t\t\t\t\t\t\t\t<span class=\"elementor-icon-list-icon\">\n\t\t\t\t\t\t\t<i aria-hidden=\"true\" class=\"icon icon-arrow-right\"><\/i>\t\t\t\t\t\t<\/span>\n\t\t\t\t\t\t\t\t\t\t<span class=\"elementor-icon-list-text\">Nuestros servicios<\/span>\n\t\t\t\t\t\t\t\t\t\t\t<\/a>\n\t\t\t\t\t\t\t\t\t<\/li>\n\t\t\t\t\t\t<\/ul>\n\t\t\t\t\t\t<\/div>\n\t\t\t\t\t<\/div>\n\t\t\t\t<\/div>\n\t\t<div class=\"elementor-element elementor-element-86bdc3a e-flex e-con-boxed e-con e-parent\" data-id=\"86bdc3a\" data-element_type=\"container\" data-e-type=\"container\" data-settings=\"{&quot;background_background&quot;:&quot;classic&quot;}\">\n\t\t\t\t\t<div class=\"e-con-inner\">\n\t\t\t\t<div class=\"elementor-element elementor-element-6e1af26 elementor-widget elementor-widget-heading\" data-id=\"6e1af26\" data-element_type=\"widget\" data-e-type=\"widget\" data-widget_type=\"heading.default\">\n\t\t\t\t\t<h2 class=\"elementor-heading-title elementor-size-default\">Soluciones profesionales para socios de iluminaci\u00f3n de autom\u00f3viles<\/h2>\t\t\t\t<\/div>\n\t\t<div class=\"elementor-element elementor-element-14604f12 e-con-full e-flex e-con e-child\" data-id=\"14604f12\" data-element_type=\"container\" data-e-type=\"container\">\n\t\t<div class=\"elementor-element elementor-element-6dbe653f e-con-full e-flex e-con e-child\" data-id=\"6dbe653f\" data-element_type=\"container\" data-e-type=\"container\">\n\t\t\t\t<div class=\"elementor-element elementor-element-1790c293 elementor-cta--layout-image-above elementor-widget__width-inherit elementor-widget-tablet__width-inherit elementor-cta--skin-classic elementor-animated-content elementor-bg-transform elementor-bg-transform-zoom-in elementor-widget elementor-widget-call-to-action\" data-id=\"1790c293\" data-element_type=\"widget\" data-e-type=\"widget\" data-widget_type=\"call-to-action.default\">\n\t\t\t\t\t\t\t<div class=\"elementor-cta\">\n\t\t\t\t\t<div class=\"elementor-cta__bg-wrapper\">\n\t\t\t\t<div class=\"elementor-cta__bg elementor-bg\" style=\"background-image: url(https:\/\/ledingco.com\/wp-content\/uploads\/2025\/12\/oem-automotive-lighting-manufacturing-907x1024.webp);\" role=\"img\" aria-label=\"Instalaci\u00f3n de fabricaci\u00f3n OEM que proporciona una producci\u00f3n de iluminaci\u00f3n de automoci\u00f3n personalizada con una calidad fiable y una entrega r\u00e1pida\"><\/div>\n\t\t\t\t<div class=\"elementor-cta__bg-overlay\"><\/div>\n\t\t\t<\/div>\n\t\t\t\t\t\t\t<div class=\"elementor-cta__content\">\n\t\t\t\t\n\t\t\t\t\t\t\t\t\t<h2 class=\"elementor-cta__title elementor-cta__content-item elementor-content-item\">\n\t\t\t\t\t\tFabricaci\u00f3n OEM\t\t\t\t\t<\/h2>\n\t\t\t\t\n\t\t\t\t\t\t\t\t\t<div class=\"elementor-cta__description elementor-cta__content-item elementor-content-item\">\n\t\t\t\t\t\tProporcionamos servicios profesionales de OEM, ofreciendo una producci\u00f3n personalizada basada en sus especificaciones, garantizando una calidad fiable y una entrega r\u00e1pida.\t\t\t\t\t<\/div>\n\t\t\t\t\n\t\t\t\t\t\t\t<\/div>\n\t\t\t\t\t\t<\/div>\n\t\t\t\t\t\t<\/div>\n\t\t\t\t<\/div>\n\t\t<div class=\"elementor-element elementor-element-48a3ad6e e-con-full e-flex e-con e-child\" data-id=\"48a3ad6e\" data-element_type=\"container\" data-e-type=\"container\">\n\t\t\t\t<div class=\"elementor-element elementor-element-2b0558a2 elementor-cta--layout-image-above elementor-widget__width-inherit elementor-cta--skin-classic elementor-animated-content elementor-bg-transform elementor-bg-transform-zoom-in elementor-widget elementor-widget-call-to-action\" data-id=\"2b0558a2\" data-element_type=\"widget\" data-e-type=\"widget\" data-widget_type=\"call-to-action.default\">\n\t\t\t\t\t\t\t<div class=\"elementor-cta\">\n\t\t\t\t\t<div class=\"elementor-cta__bg-wrapper\">\n\t\t\t\t<div class=\"elementor-cta__bg elementor-bg\" style=\"background-image: url(https:\/\/ledingco.com\/wp-content\/uploads\/2025\/12\/automotive-lighting-brand-distribution-banner-907x1024.webp);\" role=\"img\" aria-label=\"Distribuci\u00f3n de marcas de iluminaci\u00f3n para autom\u00f3viles\"><\/div>\n\t\t\t\t<div class=\"elementor-cta__bg-overlay\"><\/div>\n\t\t\t<\/div>\n\t\t\t\t\t\t\t<div class=\"elementor-cta__content\">\n\t\t\t\t\n\t\t\t\t\t\t\t\t\t<h2 class=\"elementor-cta__title elementor-cta__content-item elementor-content-item\">\n\t\t\t\t\t\tDistribuci\u00f3n de marcas\t\t\t\t\t<\/h2>\n\t\t\t\t\n\t\t\t\t\t\t\t\t\t<div class=\"elementor-cta__description elementor-cta__content-item elementor-content-item\">\n\t\t\t\t\t\tAs\u00f3ciese con nosotros como distribuidor de marca autorizado. Ofrecemos un suministro estable, apoyo de marketing y precios competitivos para hacer crecer su mercado.\t\t\t\t\t<\/div>\n\t\t\t\t\n\t\t\t\t\t\t\t<\/div>\n\t\t\t\t\t\t<\/div>\n\t\t\t\t\t\t<\/div>\n\t\t\t\t<\/div>\n\t\t<div class=\"elementor-element elementor-element-63bce459 e-con-full e-flex e-con e-child\" data-id=\"63bce459\" data-element_type=\"container\" data-e-type=\"container\">\n\t\t\t\t<div class=\"elementor-element elementor-element-1e2732f2 elementor-cta--layout-image-above elementor-widget__width-inherit elementor-cta--skin-classic elementor-animated-content elementor-bg-transform elementor-bg-transform-zoom-in elementor-widget elementor-widget-call-to-action\" data-id=\"1e2732f2\" data-element_type=\"widget\" data-e-type=\"widget\" data-widget_type=\"call-to-action.default\">\n\t\t\t\t\t\t\t<div class=\"elementor-cta\">\n\t\t\t\t\t<div class=\"elementor-cta__bg-wrapper\">\n\t\t\t\t<div class=\"elementor-cta__bg elementor-bg\" style=\"background-image: url(https:\/\/ledingco.com\/wp-content\/uploads\/2025\/12\/automotive-lighting-wholesale-supply-907x1024.webp);\" role=\"img\" aria-label=\"Iluminaci\u00f3n del autom\u00f3vil Suministro al por mayor\"><\/div>\n\t\t\t\t<div class=\"elementor-cta__bg-overlay\"><\/div>\n\t\t\t<\/div>\n\t\t\t\t\t\t\t<div class=\"elementor-cta__content\">\n\t\t\t\t\n\t\t\t\t\t\t\t\t\t<h2 class=\"elementor-cta__title elementor-cta__content-item elementor-content-item\">\n\t\t\t\t\t\tSuministro al por mayor\t\t\t\t\t<\/h2>\n\t\t\t\t\n\t\t\t\t\t\t\t\t\t<div class=\"elementor-cta__description elementor-cta__content-item elementor-content-item\">\n\t\t\t\t\t\tRealizamos compras al por mayor a precios competitivos, lo que garantiza un inventario constante y flexibilidad en los pedidos para minoristas y distribuidores.\t\t\t\t\t<\/div>\n\t\t\t\t\n\t\t\t\t\t\t\t<\/div>\n\t\t\t\t\t\t<\/div>\n\t\t\t\t\t\t<\/div>\n\t\t\t\t<\/div>\n\t\t<div class=\"elementor-element elementor-element-2066ce40 e-con-full e-flex e-con e-child\" data-id=\"2066ce40\" data-element_type=\"container\" data-e-type=\"container\">\n\t\t\t\t<div class=\"elementor-element elementor-element-390d3ed elementor-cta--layout-image-above elementor-widget__width-inherit elementor-cta--skin-classic elementor-animated-content elementor-bg-transform elementor-bg-transform-zoom-in elementor-widget elementor-widget-call-to-action\" data-id=\"390d3ed\" data-element_type=\"widget\" data-e-type=\"widget\" data-widget_type=\"call-to-action.default\">\n\t\t\t\t\t\t\t<div class=\"elementor-cta\">\n\t\t\t\t\t<div class=\"elementor-cta__bg-wrapper\">\n\t\t\t\t<div class=\"elementor-cta__bg elementor-bg\" style=\"background-image: url(https:\/\/ledingco.com\/wp-content\/uploads\/2025\/12\/small-batch-custom-automotive-lighting-907x1024.webp);\" role=\"img\" aria-label=\"Servicios personalizados de iluminaci\u00f3n de automoci\u00f3n en peque\u00f1os lotes para nuevas empresas y proyectos especiales, que ofrecen una producci\u00f3n flexible con una baja cantidad m\u00ednima de piezas.\"><\/div>\n\t\t\t\t<div class=\"elementor-cta__bg-overlay\"><\/div>\n\t\t\t<\/div>\n\t\t\t\t\t\t\t<div class=\"elementor-cta__content\">\n\t\t\t\t\n\t\t\t\t\t\t\t\t\t<h2 class=\"elementor-cta__title elementor-cta__content-item elementor-content-item\">\n\t\t\t\t\t\tPeque\u00f1os lotes personalizados\t\t\t\t\t<\/h2>\n\t\t\t\t\n\t\t\t\t\t\t\t\t\t<div class=\"elementor-cta__description elementor-cta__content-item elementor-content-item\">\n\t\t\t\t\t\tIdeal para empresas de nueva creaci\u00f3n o proyectos especiales, ofrecemos servicios de personalizaci\u00f3n de cantidades m\u00ednimas, que incluyen la optimizaci\u00f3n del dise\u00f1o y la producci\u00f3n a medida.\t\t\t\t\t<\/div>\n\t\t\t\t\n\t\t\t\t\t\t\t<\/div>\n\t\t\t\t\t\t<\/div>\n\t\t\t\t\t\t<\/div>\n\t\t\t\t<\/div>\n\t\t\t\t<\/div>\n\t\t\t\t\t<\/div>\n\t\t\t\t<\/div>\n\t\t<div class=\"elementor-element elementor-element-bee6415 e-con-full e-flex e-con e-parent\" data-id=\"bee6415\" data-element_type=\"container\" data-e-type=\"container\" data-settings=\"{&quot;background_background&quot;:&quot;classic&quot;}\">\n\t\t\t\t<div class=\"elementor-element elementor-element-45f87a5 elementor-widget elementor-widget-image-carousel\" data-id=\"45f87a5\" data-element_type=\"widget\" data-e-type=\"widget\" data-settings=\"{&quot;slides_to_show&quot;:&quot;8&quot;,&quot;slides_to_scroll&quot;:&quot;8&quot;,&quot;slides_to_scroll_tablet&quot;:&quot;4&quot;,&quot;navigation&quot;:&quot;none&quot;,&quot;image_spacing_custom&quot;:{&quot;unit&quot;:&quot;px&quot;,&quot;size&quot;:50,&quot;sizes&quot;:[]},&quot;image_spacing_custom_tablet&quot;:{&quot;unit&quot;:&quot;px&quot;,&quot;size&quot;:-300,&quot;sizes&quot;:[]},&quot;image_spacing_custom_mobile&quot;:{&quot;unit&quot;:&quot;px&quot;,&quot;size&quot;:-100,&quot;sizes&quot;:[]},&quot;autoplay&quot;:&quot;yes&quot;,&quot;pause_on_hover&quot;:&quot;yes&quot;,&quot;pause_on_interaction&quot;:&quot;yes&quot;,&quot;autoplay_speed&quot;:5000,&quot;infinite&quot;:&quot;yes&quot;,&quot;speed&quot;:500}\" data-widget_type=\"image-carousel.default\">\n\t\t\t\t\t\t\t<div class=\"elementor-image-carousel-wrapper swiper\" role=\"region\" aria-roledescription=\"carousel\" aria-label=\"Carrusel de im\u00e1genes\" dir=\"ltr\">\n\t\t\t<div class=\"elementor-image-carousel swiper-wrapper\" aria-live=\"off\">\n\t\t\t\t\t\t\t\t<div class=\"swiper-slide\" role=\"group\" aria-roledescription=\"slide\" aria-label=\"1 de 10\"><figure class=\"swiper-slide-inner\"><img decoding=\"async\" class=\"swiper-slide-image\" src=\"https:\/\/ledingco.com\/wp-content\/uploads\/2025\/12\/Fog-lamp-product-001-150x150.webp\" alt=\"Producto antiniebla cil\u00edndrico amarillo con dise\u00f1o de lente de proyector para mejorar la visibilidad en condiciones de niebla\" \/><figcaption class=\"elementor-image-carousel-caption\">Luz antiniebla<\/figcaption><\/figure><\/div><div class=\"swiper-slide\" role=\"group\" aria-roledescription=\"slide\" aria-label=\"2 de 10\"><figure class=\"swiper-slide-inner\"><img decoding=\"async\" class=\"swiper-slide-image\" src=\"https:\/\/ledingco.com\/wp-content\/uploads\/2025\/12\/four-eye-laser-projector-lens-150x150.webp\" alt=\"Lente de proyector l\u00e1ser Four Eye dise\u00f1ada para aplicaciones de faros de autom\u00f3viles, con elementos de iluminaci\u00f3n l\u00e1ser tipo ojo\" \/><figcaption class=\"elementor-image-carousel-caption\">Faro<\/figcaption><\/figure><\/div><div class=\"swiper-slide\" role=\"group\" aria-roledescription=\"slide\" aria-label=\"3 de 10\"><figure class=\"swiper-slide-inner\"><img decoding=\"async\" class=\"swiper-slide-image\" src=\"https:\/\/ledingco.com\/wp-content\/uploads\/2025\/12\/four-eye-pro-projector-lens-150x150.webp\" alt=\"Lente de proyector Four Eye Pro con elementos LED en forma de ojo, dise\u00f1ada para mejorar el rendimiento de la iluminaci\u00f3n del autom\u00f3vil.\" \/><figcaption class=\"elementor-image-carousel-caption\">Faro<\/figcaption><\/figure><\/div><div class=\"swiper-slide\" role=\"group\" aria-roledescription=\"slide\" aria-label=\"4 de 10\"><figure class=\"swiper-slide-inner\"><img decoding=\"async\" class=\"swiper-slide-image\" src=\"https:\/\/ledingco.com\/wp-content\/uploads\/2025\/12\/grille-light-product001-150x150.webp\" alt=\"Producto de iluminaci\u00f3n para rejillas de autom\u00f3viles con un fino dise\u00f1o LED para su instalaci\u00f3n en rejillas frontales\" \/><figcaption class=\"elementor-image-carousel-caption\">Luz de parrilla<\/figcaption><\/figure><\/div><div class=\"swiper-slide\" role=\"group\" aria-roledescription=\"slide\" aria-label=\"5 de 10\"><figure class=\"swiper-slide-inner\"><img decoding=\"async\" class=\"swiper-slide-image\" src=\"https:\/\/ledingco.com\/wp-content\/uploads\/2025\/12\/grille-light-product002-150x150.webp\" alt=\"Producto de iluminaci\u00f3n para rejillas de autom\u00f3viles con un fino dise\u00f1o LED para su instalaci\u00f3n en rejillas frontales\" \/><figcaption class=\"elementor-image-carousel-caption\">Luz de parrilla<\/figcaption><\/figure><\/div><div class=\"swiper-slide\" role=\"group\" aria-roledescription=\"slide\" aria-label=\"6 de 10\"><figure class=\"swiper-slide-inner\"><img decoding=\"async\" class=\"swiper-slide-image\" src=\"https:\/\/ledingco.com\/wp-content\/uploads\/2025\/12\/three-eye-laser-projector-lens-front-view-150x150.webp\" alt=\"Lente de proyector l\u00e1ser Three Eye dise\u00f1ada para aplicaciones de faros de autom\u00f3viles, con elementos de iluminaci\u00f3n l\u00e1ser de estilo ocular.\" \/><figcaption class=\"elementor-image-carousel-caption\">Faro<\/figcaption><\/figure><\/div><div class=\"swiper-slide\" role=\"group\" aria-roledescription=\"slide\" aria-label=\"7 de 10\"><figure class=\"swiper-slide-inner\"><img decoding=\"async\" class=\"swiper-slide-image\" src=\"https:\/\/ledingco.com\/wp-content\/uploads\/2025\/12\/projector-fog-lamp-product-001-150x150.webp\" alt=\"Proyector antiniebla: imagen de producto que muestra el dise\u00f1o de la lente \u00f3ptica para aplicaciones de iluminaci\u00f3n en automoci\u00f3n.\" \/><figcaption class=\"elementor-image-carousel-caption\">Luz antiniebla<\/figcaption><\/figure><\/div><div class=\"swiper-slide\" role=\"group\" aria-roledescription=\"slide\" aria-label=\"8 de 10\"><figure class=\"swiper-slide-inner\"><img decoding=\"async\" class=\"swiper-slide-image\" src=\"https:\/\/ledingco.com\/wp-content\/uploads\/2025\/12\/suv-single-beam-spot-light-150x150.webp\" alt=\"Foco SUV de haz \u00fanico dise\u00f1ado para iluminaci\u00f3n de largo alcance y auxiliar de conducci\u00f3n\" \/><figcaption class=\"elementor-image-carousel-caption\">Luz puntual<\/figcaption><\/figure><\/div><div class=\"swiper-slide\" role=\"group\" aria-roledescription=\"slide\" aria-label=\"9 de 10\"><figure class=\"swiper-slide-inner\"><img decoding=\"async\" class=\"swiper-slide-image\" src=\"https:\/\/ledingco.com\/wp-content\/uploads\/2025\/12\/three-eye-laser-projector-lens-150x150.webp\" alt=\"Lente de proyector l\u00e1ser Three Eye dise\u00f1ada para aplicaciones de faros de autom\u00f3viles, con elementos de iluminaci\u00f3n l\u00e1ser de estilo ocular.\" \/><figcaption class=\"elementor-image-carousel-caption\">Faro<\/figcaption><\/figure><\/div><div class=\"swiper-slide\" role=\"group\" aria-roledescription=\"slide\" aria-label=\"10 de 10\"><figure class=\"swiper-slide-inner\"><img decoding=\"async\" class=\"swiper-slide-image\" src=\"https:\/\/ledingco.com\/wp-content\/uploads\/2025\/12\/suv-spot-light-product-150x150.webp\" alt=\"Producto de iluminaci\u00f3n puntual para SUV dise\u00f1ado para iluminaci\u00f3n todoterreno y auxiliar de conducci\u00f3n\" \/><figcaption class=\"elementor-image-carousel-caption\">Luz puntual<\/figcaption><\/figure><\/div>\t\t\t<\/div>\n\t\t\t\t\t\t\t\n\t\t\t\t\t\t\t\t\t<\/div>\n\t\t\t\t\t\t<\/div>\n\t\t\t\t<\/div>\n\t\t<div class=\"elementor-element elementor-element-5bd528c e-flex e-con-boxed e-con e-parent\" data-id=\"5bd528c\" data-element_type=\"container\" data-e-type=\"container\" data-settings=\"{&quot;background_background&quot;:&quot;classic&quot;}\">\n\t\t\t\t\t<div class=\"e-con-inner\">\n\t\t<div class=\"elementor-element elementor-element-26dc3fa e-con-full e-flex elementor-invisible e-con e-child\" data-id=\"26dc3fa\" data-element_type=\"container\" data-e-type=\"container\" data-settings=\"{&quot;background_background&quot;:&quot;classic&quot;,&quot;animation&quot;:&quot;fadeIn&quot;}\">\n\t\t\t\t<div class=\"elementor-element elementor-element-f53cab1 elementor-widget-divider--view-line elementor-widget elementor-widget-divider\" data-id=\"f53cab1\" data-element_type=\"widget\" data-e-type=\"widget\" data-widget_type=\"divider.default\">\n\t\t\t\t\t\t\t<div class=\"elementor-divider\">\n\t\t\t<span class=\"elementor-divider-separator\">\n\t\t\t\t\t\t<\/span>\n\t\t<\/div>\n\t\t\t\t\t\t<\/div>\n\t\t\t\t<\/div>\n\t\t<div class=\"elementor-element elementor-element-92b9484 e-con-full e-flex e-con e-child\" data-id=\"92b9484\" data-element_type=\"container\" data-e-type=\"container\">\n\t\t\t\t<div class=\"elementor-element elementor-element-aca6fe5 elementor-widget__width-inherit elementor-invisible elementor-widget elementor-widget-text-editor\" data-id=\"aca6fe5\" data-element_type=\"widget\" data-e-type=\"widget\" data-settings=\"{&quot;_animation&quot;:&quot;fadeIn&quot;}\" data-widget_type=\"text-editor.default\">\n\t\t\t\t\t\t\t\t\t<p>Qui\u00e9nes somos<\/p>\t\t\t\t\t\t\t\t<\/div>\n\t\t\t\t<div class=\"elementor-element elementor-element-3864060 elementor-invisible elementor-widget elementor-widget-heading\" data-id=\"3864060\" data-element_type=\"widget\" data-e-type=\"widget\" data-settings=\"{&quot;_animation&quot;:&quot;fadeIn&quot;,&quot;_animation_delay&quot;:200}\" data-widget_type=\"heading.default\">\n\t\t\t\t\t<h2 class=\"elementor-heading-title elementor-size-default\">Fabricante de soluciones avanzadas de iluminaci\u00f3n para autom\u00f3viles<\/h2>\t\t\t\t<\/div>\n\t\t\t\t<div class=\"elementor-element elementor-element-8cf1ac3 elementor-invisible elementor-widget elementor-widget-text-editor\" data-id=\"8cf1ac3\" data-element_type=\"widget\" data-e-type=\"widget\" data-settings=\"{&quot;_animation&quot;:&quot;fadeIn&quot;,&quot;_animation_delay&quot;:400}\" data-widget_type=\"text-editor.default\">\n\t\t\t\t\t\t\t\t\t<p>Shanghai Chexiangai Culture &amp; Communication Co., Ltd. tiene su sede en Shanghai (China) y est\u00e1 especializada en I+D, fabricaci\u00f3n y distribuci\u00f3n de productos de iluminaci\u00f3n para autom\u00f3viles. La mayor\u00eda de los miembros de nuestro equipo central llevan m\u00e1s de 15 a\u00f1os dedicados a la industria de la iluminaci\u00f3n del autom\u00f3vil y, gracias a una innovaci\u00f3n independiente, dominan las tecnolog\u00edas \u00f3pticas clave para la iluminaci\u00f3n del autom\u00f3vil.<\/p>\t\t\t\t\t\t\t\t<\/div>\n\t\t\t\t<div class=\"elementor-element elementor-element-6aade1b elementor-invisible elementor-widget elementor-widget-button\" data-id=\"6aade1b\" data-element_type=\"widget\" data-e-type=\"widget\" data-settings=\"{&quot;_animation&quot;:&quot;fadeIn&quot;,&quot;_animation_delay&quot;:600}\" data-widget_type=\"button.default\">\n\t\t\t\t\t\t\t\t\t\t<a class=\"elementor-button elementor-button-link elementor-size-sm\" href=\"https:\/\/ledingco.com\/es\/about-us\/\">\n\t\t\t\t\t\t<span class=\"elementor-button-content-wrapper\">\n\t\t\t\t\t\t\t\t\t<span class=\"elementor-button-text\">M\u00e1s informaci\u00f3n<\/span>\n\t\t\t\t\t<\/span>\n\t\t\t\t\t<\/a>\n\t\t\t\t\t\t\t\t<\/div>\n\t\t\t\t<\/div>\n\t\t\t\t\t<\/div>\n\t\t\t\t<\/div>\n\t\t\t\t<\/div>","protected":false},"excerpt":{"rendered":"<p>Our Services Home Our Services Professional Solutions for Automotive Lighting Partners OEM Manufacturing We provide professional OEM services, offering customized production based on your specifications, ensuring reliable quality and fast delivery. Brand Distribution Partner with us as an authorized brand distributor. We offer stable supply, marketing support, and competitive pricing to grow your market. Wholesale [&hellip;]<\/p>\n","protected":false},"author":1,"featured_media":0,"parent":0,"menu_order":0,"comment_status":"closed","ping_status":"closed","template":"elementor_header_footer","meta":{"footnotes":""},"class_list":["post-1993","page","type-page","status-publish","hentry"],"_links":{"self":[{"href":"https:\/\/ledingco.com\/es\/wp-json\/wp\/v2\/pages\/1993","targetHints":{"allow":["GET"]}}],"collection":[{"href":"https:\/\/ledingco.com\/es\/wp-json\/wp\/v2\/pages"}],"about":[{"href":"https:\/\/ledingco.com\/es\/wp-json\/wp\/v2\/types\/page"}],"author":[{"embeddable":true,"href":"https:\/\/ledingco.com\/es\/wp-json\/wp\/v2\/users\/1"}],"replies":[{"embeddable":true,"href":"https:\/\/ledingco.com\/es\/wp-json\/wp\/v2\/comments?post=1993"}],"version-history":[{"count":394,"href":"https:\/\/ledingco.com\/es\/wp-json\/wp\/v2\/pages\/1993\/revisions"}],"predecessor-version":[{"id":6328,"href":"https:\/\/ledingco.com\/es\/wp-json\/wp\/v2\/pages\/1993\/revisions\/6328"}],"wp:attachment":[{"href":"https:\/\/ledingco.com\/es\/wp-json\/wp\/v2\/media?parent=1993"}],"curies":[{"name":"wp","href":"https:\/\/api.w.org\/{rel}","templated":true}]}}