{"id":2803,"date":"2025-12-03T07:00:44","date_gmt":"2025-12-03T07:00:44","guid":{"rendered":"https:\/\/ledingco.com\/?page_id=2803"},"modified":"2025-12-03T07:24:55","modified_gmt":"2025-12-03T07:24:55","slug":"politica-de-privacidad","status":"publish","type":"page","link":"https:\/\/ledingco.com\/es\/privacy-policy\/","title":{"rendered":"Pol\u00edtica de privacidad"},"content":{"rendered":"<div data-elementor-type=\"wp-page\" data-elementor-id=\"2803\" class=\"elementor elementor-2803\" data-elementor-post-type=\"page\">\n\t\t\t\t<div class=\"elementor-element elementor-element-cd2d705 e-flex e-con-boxed e-con e-parent\" data-id=\"cd2d705\" data-element_type=\"container\" data-e-type=\"container\" data-settings=\"{&quot;background_background&quot;:&quot;classic&quot;}\">\n\t\t\t\t\t<div class=\"e-con-inner\">\n\t\t\t\t<div class=\"elementor-element elementor-element-153279b elementor-widget__width-inherit elementor-invisible elementor-widget elementor-widget-heading\" data-id=\"153279b\" data-element_type=\"widget\" data-e-type=\"widget\" data-settings=\"{&quot;_animation&quot;:&quot;fadeIn&quot;}\" data-widget_type=\"heading.default\">\n\t\t\t\t\t<h2 class=\"elementor-heading-title elementor-size-default\">Pol\u00edtica de privacidad<\/h2>\t\t\t\t<\/div>\n\t\t\t\t<div class=\"elementor-element elementor-element-9855688 elementor-icon-list--layout-inline elementor-align-center elementor-list-item-link-full_width elementor-invisible elementor-widget elementor-widget-icon-list\" data-id=\"9855688\" data-element_type=\"widget\" data-e-type=\"widget\" data-settings=\"{&quot;_animation&quot;:&quot;fadeIn&quot;,&quot;_animation_delay&quot;:200}\" data-widget_type=\"icon-list.default\">\n\t\t\t\t\t\t\t<ul class=\"elementor-icon-list-items elementor-inline-items\">\n\t\t\t\t\t\t\t<li class=\"elementor-icon-list-item elementor-inline-item\">\n\t\t\t\t\t\t\t\t\t\t\t<a href=\"#\">\n\n\t\t\t\t\t\t\t\t\t\t\t<span class=\"elementor-icon-list-text\">Inicio<\/span>\n\t\t\t\t\t\t\t\t\t\t\t<\/a>\n\t\t\t\t\t\t\t\t\t<\/li>\n\t\t\t\t\t\t\t\t<li class=\"elementor-icon-list-item elementor-inline-item\">\n\t\t\t\t\t\t\t\t\t\t\t<a href=\"https:\/\/ledingco.com\/es\/privacy-policy\/\">\n\n\t\t\t\t\t\t\t\t\t\t\t\t<span class=\"elementor-icon-list-icon\">\n\t\t\t\t\t\t\t<i aria-hidden=\"true\" class=\"icon icon-arrow-right\"><\/i>\t\t\t\t\t\t<\/span>\n\t\t\t\t\t\t\t\t\t\t<span class=\"elementor-icon-list-text\">Pol\u00edtica de privacidad<\/span>\n\t\t\t\t\t\t\t\t\t\t\t<\/a>\n\t\t\t\t\t\t\t\t\t<\/li>\n\t\t\t\t\t\t<\/ul>\n\t\t\t\t\t\t<\/div>\n\t\t\t\t\t<\/div>\n\t\t\t\t<\/div>\n\t\t<div class=\"elementor-element elementor-element-5169c23 e-flex e-con-boxed e-con e-parent\" data-id=\"5169c23\" data-element_type=\"container\" data-e-type=\"container\">\n\t\t\t\t\t<div class=\"e-con-inner\">\n\t\t\t\t<div class=\"elementor-element elementor-element-ecd4e2e elementor-widget elementor-widget-text-editor\" data-id=\"ecd4e2e\" data-element_type=\"widget\" data-e-type=\"widget\" data-widget_type=\"text-editor.default\">\n\t\t\t\t\t\t\t\t\t<p data-start=\"112\" data-end=\"144\"><em data-start=\"112\" data-end=\"144\">\u00daltima actualizaci\u00f3n: 3 de diciembre de 2025<\/em><\/p><p data-start=\"146\" data-end=\"393\">Gracias por visitar nuestro sitio web. Valoramos su confianza y nos comprometemos a proteger su informaci\u00f3n personal. Esta Pol\u00edtica de Privacidad explica c\u00f3mo recogemos, utilizamos, revelamos y protegemos sus datos cuando accede a nuestro sitio web o utiliza nuestros servicios.<\/p><hr data-start=\"395\" data-end=\"398\" \/><h3 data-start=\"400\" data-end=\"432\">1. Informaci\u00f3n que recopilamos<\/h3><h4 data-start=\"434\" data-end=\"478\">1.1 Informaci\u00f3n personal facilitada por el usuario<\/h4><p data-start=\"479\" data-end=\"547\">Cuando rellena un formulario o se pone en contacto con nosotros, puede proporcionar voluntariamente:<\/p><ul data-start=\"548\" data-end=\"669\"><li data-start=\"548\" data-end=\"556\"><p data-start=\"550\" data-end=\"556\">Nombre<\/p><\/li><li data-start=\"557\" data-end=\"574\"><p data-start=\"559\" data-end=\"574\">Direcci\u00f3n de correo electr\u00f3nico<\/p><\/li><li data-start=\"575\" data-end=\"591\"><p data-start=\"577\" data-end=\"591\">N\u00famero de tel\u00e9fono<\/p><\/li><li data-start=\"592\" data-end=\"615\"><p data-start=\"594\" data-end=\"615\">Informaci\u00f3n sobre la empresa<\/p><\/li><li data-start=\"616\" data-end=\"669\"><p data-start=\"618\" data-end=\"669\">Cualquier otra informaci\u00f3n enviada a trav\u00e9s de nuestros formularios<\/p><\/li><\/ul><h4 data-start=\"671\" data-end=\"718\">1.2 Informaci\u00f3n recogida autom\u00e1ticamente<\/h4><p data-start=\"719\" data-end=\"777\">Cuando navega por nuestro sitio web, podemos recopilar datos autom\u00e1ticamente:<\/p><ul data-start=\"778\" data-end=\"915\"><li data-start=\"778\" data-end=\"792\"><p data-start=\"780\" data-end=\"792\">Direcci\u00f3n IP<\/p><\/li><li data-start=\"793\" data-end=\"821\"><p data-start=\"795\" data-end=\"821\">Tipo y versi\u00f3n de navegador<\/p><\/li><li data-start=\"822\" data-end=\"844\"><p data-start=\"824\" data-end=\"844\">Informaci\u00f3n sobre el dispositivo<\/p><\/li><li data-start=\"845\" data-end=\"877\"><p data-start=\"847\" data-end=\"877\">P\u00e1ginas visitadas y tiempo empleado<\/p><\/li><li data-start=\"878\" data-end=\"915\"><p data-start=\"880\" data-end=\"915\">Cookies y tecnolog\u00edas de seguimiento<\/p><\/li><\/ul><hr data-start=\"917\" data-end=\"920\" \/><h3 data-start=\"922\" data-end=\"959\">2. C\u00f3mo utilizamos su informaci\u00f3n<\/h3><p data-start=\"960\" data-end=\"1000\">Podemos utilizar la informaci\u00f3n recopilada para:<\/p><ul data-start=\"1001\" data-end=\"1269\"><li data-start=\"1001\" data-end=\"1047\"><p data-start=\"1003\" data-end=\"1047\">Prestar, utilizar y mejorar nuestros servicios<\/p><\/li><li data-start=\"1048\" data-end=\"1101\"><p data-start=\"1050\" data-end=\"1101\">Responder a las consultas y prestar asistencia al cliente<\/p><\/li><li data-start=\"1102\" data-end=\"1166\"><p data-start=\"1104\" data-end=\"1166\">Enviar actualizaciones, mensajes de marketing o notificaciones importantes<\/p><\/li><li data-start=\"1167\" data-end=\"1213\"><p data-start=\"1169\" data-end=\"1213\">Analizar el rendimiento del sitio y el comportamiento de los usuarios<\/p><\/li><li data-start=\"1214\" data-end=\"1269\"><p data-start=\"1216\" data-end=\"1269\">Mantener la seguridad y evitar actividades fraudulentas<\/p><\/li><\/ul><hr data-start=\"1271\" data-end=\"1274\" \/><h3 data-start=\"1276\" data-end=\"1317\">3. Cookies y tecnolog\u00edas de seguimiento<\/h3><p data-start=\"1318\" data-end=\"1361\">Utilizamos cookies y tecnolog\u00edas similares para:<\/p><ul data-start=\"1362\" data-end=\"1492\"><li data-start=\"1362\" data-end=\"1395\"><p data-start=\"1364\" data-end=\"1395\">Mejorar la funcionalidad del sitio web<\/p><\/li><li data-start=\"1396\" data-end=\"1423\"><p data-start=\"1398\" data-end=\"1423\">Mejorar la experiencia del usuario<\/p><\/li><li data-start=\"1424\" data-end=\"1462\"><p data-start=\"1426\" data-end=\"1462\">Analizar el tr\u00e1fico y las pautas de uso<\/p><\/li><li data-start=\"1463\" data-end=\"1492\"><p data-start=\"1465\" data-end=\"1492\">Recuerda tus preferencias<\/p><\/li><\/ul><p data-start=\"1494\" data-end=\"1588\">Puede desactivar las cookies en la configuraci\u00f3n de su navegador, pero es posible que algunas funciones no funcionen correctamente.<\/p><hr data-start=\"1590\" data-end=\"1593\" \/><h3 data-start=\"1595\" data-end=\"1634\">4. C\u00f3mo compartimos su informaci\u00f3n<\/h3><p data-start=\"1635\" data-end=\"1731\">Nosotros <strong data-start=\"1638\" data-end=\"1662\">no vender ni comerciar<\/strong> sus datos personales.<br data-start=\"1682\" data-end=\"1685\" \/>La informaci\u00f3n s\u00f3lo podr\u00e1 compartirse cuando sea necesario:<\/p><ul data-start=\"1732\" data-end=\"1899\"><li data-start=\"1732\" data-end=\"1815\"><p data-start=\"1734\" data-end=\"1815\">Con proveedores de servicios externos de confianza (alojamiento, an\u00e1lisis, servicios de correo electr\u00f3nico)<\/p><\/li><li data-start=\"1816\" data-end=\"1852\"><p data-start=\"1818\" data-end=\"1852\">Cumplir las obligaciones legales<\/p><\/li><li data-start=\"1853\" data-end=\"1899\"><p data-start=\"1855\" data-end=\"1899\">Para proteger nuestro sitio web, a los usuarios o la propiedad<\/p><\/li><\/ul><p data-start=\"1901\" data-end=\"1989\">Todos los proveedores de servicios deben seguir estrictas directrices de confidencialidad y protecci\u00f3n de datos.<\/p><hr data-start=\"1991\" data-end=\"1994\" \/><h3 data-start=\"1996\" data-end=\"2019\">5. 5. Seguridad de los datos<\/h3><p data-start=\"2020\" data-end=\"2243\">Aplicamos las medidas de seguridad est\u00e1ndar del sector para proteger su informaci\u00f3n.<br data-start=\"2097\" data-end=\"2100\" \/>Sin embargo, comprenda que ninguna transmisi\u00f3n de datos en l\u00ednea es 100% segura.<br data-start=\"2175\" data-end=\"2178\" \/>Seguiremos tomando medidas razonables para salvaguardar sus datos.<\/p><hr data-start=\"2245\" data-end=\"2248\" \/><h3 data-start=\"2250\" data-end=\"2271\">6. Sus derechos<\/h3><p data-start=\"2272\" data-end=\"2324\">Dependiendo de su regi\u00f3n, puede tener derecho a:<\/p><ul data-start=\"2325\" data-end=\"2493\"><li data-start=\"2325\" data-end=\"2354\"><p data-start=\"2327\" data-end=\"2354\">Acceder a sus datos personales<\/p><\/li><li data-start=\"2355\" data-end=\"2389\"><p data-start=\"2357\" data-end=\"2389\">Corregir la informaci\u00f3n inexacta<\/p><\/li><li data-start=\"2390\" data-end=\"2423\"><p data-start=\"2392\" data-end=\"2423\">Solicitar la supresi\u00f3n de sus datos<\/p><\/li><li data-start=\"2424\" data-end=\"2463\"><p data-start=\"2426\" data-end=\"2463\">No recibir comunicaciones comerciales<\/p><\/li><li data-start=\"2464\" data-end=\"2493\"><p data-start=\"2466\" data-end=\"2493\">Gestionar las preferencias de cookies<\/p><\/li><\/ul><p data-start=\"2495\" data-end=\"2565\">Para ejercer estos derechos, p\u00f3ngase en contacto con nosotros a trav\u00e9s de los datos que figuran a continuaci\u00f3n.<\/p><hr data-start=\"2567\" data-end=\"2570\" \/><h3 data-start=\"2572\" data-end=\"2599\">7. Enlaces de terceros<\/h3><p data-start=\"2600\" data-end=\"2719\">Nuestro sitio web puede contener enlaces a sitios web de terceros.<br data-start=\"2654\" data-end=\"2657\" \/>No somos responsables de sus pr\u00e1cticas de privacidad o contenido.<\/p><hr data-start=\"2721\" data-end=\"2724\" \/><h3>8. Privacidad infantil<\/h3><p data-start=\"2755\" data-end=\"2873\">Nuestro sitio web y nuestros servicios <strong data-start=\"2784\" data-end=\"2822\">no destinado a menores de 13 a\u00f1os<\/strong>.<br data-start=\"2823\" data-end=\"2826\" \/>No recopilamos conscientemente datos de ni\u00f1os.<\/p><hr data-start=\"2875\" data-end=\"2878\" \/><h3 data-start=\"2880\" data-end=\"2912\">9. Cambios en esta pol\u00edtica<\/h3><p data-start=\"2913\" data-end=\"3034\">Podemos actualizar esta Pol\u00edtica de Privacidad de vez en cuando.<br data-start=\"2965\" data-end=\"2968\" \/>Las actualizaciones se publicar\u00e1n en esta p\u00e1gina con una fecha de revisi\u00f3n actualizada.<\/p><hr data-start=\"3036\" data-end=\"3039\" \/><h3 data-start=\"3041\" data-end=\"3062\">10. Contacto<\/h3><p data-start=\"3063\" data-end=\"3166\">Si tiene alguna pregunta sobre esta Pol\u00edtica de Privacidad o desea solicitar acciones sobre los datos, p\u00f3ngase en contacto con nosotros:<\/p><p data-start=\"3168\" data-end=\"3339\"><strong data-start=\"3168\" data-end=\"3178\">Correo electr\u00f3nico:<\/strong> <a class=\"decorated-link cursor-pointer\" rel=\"noopener\" data-start=\"3179\" data-end=\"3196\">info@ledingco.com<\/a><br data-start=\"3196\" data-end=\"3199\" \/><strong data-start=\"3199\" data-end=\"3211\">Direcci\u00f3n:<\/strong> 507B, 5&ordf; planta, bloque A, Longfor Hongqiao Paradise Walk,&lt;br&gt;Distrito de Minhang, Shanghai, China<br data-start=\"3306\" data-end=\"3309\" \/><strong data-start=\"3309\" data-end=\"3319\">Tel\u00e9fono:<\/strong> +86 181 1759 7935<\/p>\t\t\t\t\t\t\t\t<\/div>\n\t\t\t\t\t<\/div>\n\t\t\t\t<\/div>\n\t\t\t\t<\/div>","protected":false},"excerpt":{"rendered":"<p>Privacy Policy Home Privacy Policy Last Updated: December 3, 2025 Thank you for visiting our website. We value your trust and are committed to protecting your personal information. This Privacy Policy explains how we collect, use, disclose, and safeguard your data when you access our website or use our services. 1. Information We Collect 1.1 [&hellip;]<\/p>\n","protected":false},"author":1,"featured_media":0,"parent":0,"menu_order":0,"comment_status":"closed","ping_status":"closed","template":"","meta":{"footnotes":""},"class_list":["post-2803","page","type-page","status-publish","hentry"],"_links":{"self":[{"href":"https:\/\/ledingco.com\/es\/wp-json\/wp\/v2\/pages\/2803","targetHints":{"allow":["GET"]}}],"collection":[{"href":"https:\/\/ledingco.com\/es\/wp-json\/wp\/v2\/pages"}],"about":[{"href":"https:\/\/ledingco.com\/es\/wp-json\/wp\/v2\/types\/page"}],"author":[{"embeddable":true,"href":"https:\/\/ledingco.com\/es\/wp-json\/wp\/v2\/users\/1"}],"replies":[{"embeddable":true,"href":"https:\/\/ledingco.com\/es\/wp-json\/wp\/v2\/comments?post=2803"}],"version-history":[{"count":49,"href":"https:\/\/ledingco.com\/es\/wp-json\/wp\/v2\/pages\/2803\/revisions"}],"predecessor-version":[{"id":2861,"href":"https:\/\/ledingco.com\/es\/wp-json\/wp\/v2\/pages\/2803\/revisions\/2861"}],"wp:attachment":[{"href":"https:\/\/ledingco.com\/es\/wp-json\/wp\/v2\/media?parent=2803"}],"curies":[{"name":"wp","href":"https:\/\/api.w.org\/{rel}","templated":true}]}}