{"id":2854,"date":"2025-12-03T07:24:15","date_gmt":"2025-12-03T07:24:15","guid":{"rendered":"https:\/\/ledingco.com\/?page_id=2854"},"modified":"2025-12-03T07:31:25","modified_gmt":"2025-12-03T07:31:25","slug":"terminos-servicios","status":"publish","type":"page","link":"https:\/\/ledingco.com\/es\/terms-services\/","title":{"rendered":"Condiciones generales"},"content":{"rendered":"<div data-elementor-type=\"wp-page\" data-elementor-id=\"2854\" class=\"elementor elementor-2854\" data-elementor-post-type=\"page\">\n\t\t\t\t<div class=\"elementor-element elementor-element-1947800 e-flex e-con-boxed e-con e-parent\" data-id=\"1947800\" data-element_type=\"container\" data-e-type=\"container\" data-settings=\"{&quot;background_background&quot;:&quot;classic&quot;}\">\n\t\t\t\t\t<div class=\"e-con-inner\">\n\t\t\t\t<div class=\"elementor-element elementor-element-0083c83 elementor-widget__width-inherit elementor-invisible elementor-widget elementor-widget-heading\" data-id=\"0083c83\" data-element_type=\"widget\" data-e-type=\"widget\" data-settings=\"{&quot;_animation&quot;:&quot;fadeIn&quot;}\" data-widget_type=\"heading.default\">\n\t\t\t\t\t<h2 class=\"elementor-heading-title elementor-size-default\">Condiciones generales<\/h2>\t\t\t\t<\/div>\n\t\t\t\t<div class=\"elementor-element elementor-element-a2082b7 elementor-icon-list--layout-inline elementor-align-center elementor-list-item-link-full_width elementor-invisible elementor-widget elementor-widget-icon-list\" data-id=\"a2082b7\" data-element_type=\"widget\" data-e-type=\"widget\" data-settings=\"{&quot;_animation&quot;:&quot;fadeIn&quot;,&quot;_animation_delay&quot;:200}\" data-widget_type=\"icon-list.default\">\n\t\t\t\t\t\t\t<ul class=\"elementor-icon-list-items elementor-inline-items\">\n\t\t\t\t\t\t\t<li class=\"elementor-icon-list-item elementor-inline-item\">\n\t\t\t\t\t\t\t\t\t\t\t<a href=\"#\">\n\n\t\t\t\t\t\t\t\t\t\t\t<span class=\"elementor-icon-list-text\">Inicio<\/span>\n\t\t\t\t\t\t\t\t\t\t\t<\/a>\n\t\t\t\t\t\t\t\t\t<\/li>\n\t\t\t\t\t\t\t\t<li class=\"elementor-icon-list-item elementor-inline-item\">\n\t\t\t\t\t\t\t\t\t\t\t<a href=\"https:\/\/ledingco.com\/es\/terms-services\/\">\n\n\t\t\t\t\t\t\t\t\t\t\t\t<span class=\"elementor-icon-list-icon\">\n\t\t\t\t\t\t\t<i aria-hidden=\"true\" class=\"icon icon-arrow-right\"><\/i>\t\t\t\t\t\t<\/span>\n\t\t\t\t\t\t\t\t\t\t<span class=\"elementor-icon-list-text\">Condiciones generales<\/span>\n\t\t\t\t\t\t\t\t\t\t\t<\/a>\n\t\t\t\t\t\t\t\t\t<\/li>\n\t\t\t\t\t\t<\/ul>\n\t\t\t\t\t\t<\/div>\n\t\t\t\t\t<\/div>\n\t\t\t\t<\/div>\n\t\t<div class=\"elementor-element elementor-element-dcbbc5d e-flex e-con-boxed e-con e-parent\" data-id=\"dcbbc5d\" data-element_type=\"container\" data-e-type=\"container\">\n\t\t\t\t\t<div class=\"e-con-inner\">\n\t\t\t\t<div class=\"elementor-element elementor-element-36501f9 elementor-widget elementor-widget-text-editor\" data-id=\"36501f9\" data-element_type=\"widget\" data-e-type=\"widget\" data-widget_type=\"text-editor.default\">\n\t\t\t\t\t\t\t\t\t<p data-start=\"127\" data-end=\"162\"><strong data-start=\"127\" data-end=\"162\">\u00daltima actualizaci\u00f3n: 10 de febrero de 2025<\/strong><\/p><p data-start=\"164\" data-end=\"345\">Bienvenido a LEDINGCO. Al acceder o utilizar nuestro sitio web, productos o servicios, usted acepta cumplir los siguientes T\u00e9rminos y Servicios. Por favor, l\u00e9alos detenidamente antes de continuar.<\/p><hr data-start=\"347\" data-end=\"350\" \/><h3 data-start=\"352\" data-end=\"381\">1. Aceptaci\u00f3n de las condiciones<\/h3><p data-start=\"382\" data-end=\"543\">Al utilizar nuestro sitio web o participar en cualquier negocio con LEDINGCO, usted reconoce que ha le\u00eddo, entendido y acordado estar obligado por estos T\u00e9rminos y Servicios.<\/p><p data-start=\"545\" data-end=\"661\">Si no est\u00e1 de acuerdo con alguna parte de estas condiciones, deje de utilizar nuestro sitio web o nuestros servicios inmediatamente.<\/p><hr data-start=\"663\" data-end=\"666\" \/><h3 data-start=\"668\" data-end=\"692\">2. \u00c1mbito de actividad<\/h3><p data-start=\"693\" data-end=\"717\">LEDINGCO se especializa en:<\/p><ul data-start=\"718\" data-end=\"901\"><li data-start=\"718\" data-end=\"770\"><p data-start=\"720\" data-end=\"770\">Fabricaci\u00f3n OEM de m\u00f3dulos de iluminaci\u00f3n para autom\u00f3viles<\/p><\/li><li data-start=\"771\" data-end=\"806\"><p data-start=\"773\" data-end=\"806\">Asociaciones de distribuci\u00f3n de marcas<\/p><\/li><li data-start=\"807\" data-end=\"859\"><p data-start=\"809\" data-end=\"859\">Suministro al por mayor de productos de iluminaci\u00f3n para autom\u00f3viles<\/p><\/li><li data-start=\"860\" data-end=\"901\"><p data-start=\"862\" data-end=\"901\">Producci\u00f3n de lotes peque\u00f1os o pedidos personalizados<\/p><\/li><\/ul><p data-start=\"903\" data-end=\"980\">Todos los servicios y productos est\u00e1n destinados a <strong data-start=\"946\" data-end=\"974\">clientes empresariales (B2B)<\/strong> s\u00f3lo.<\/p><hr data-start=\"982\" data-end=\"985\" \/><h3 data-start=\"987\" data-end=\"1036\">3. Contenido del sitio web y propiedad intelectual<\/h3><p data-start=\"1037\" data-end=\"1175\">Todo el contenido de este sitio web -incluidos textos, im\u00e1genes, detalles de productos, marcas comerciales y dise\u00f1os- es propiedad de LEDINGCO o de sus licenciantes.<\/p><p data-start=\"1177\" data-end=\"1189\">No puede:<\/p><ul data-start=\"1190\" data-end=\"1363\"><li data-start=\"1190\" data-end=\"1268\"><p data-start=\"1192\" data-end=\"1268\">Copiar, modificar, distribuir o reproducir cualquier contenido sin consentimiento por escrito.<\/p><\/li><li data-start=\"1269\" data-end=\"1363\"><p data-start=\"1271\" data-end=\"1363\">Utilizar nuestras marcas, nombres de productos o im\u00e1genes con fines comerciales sin autorizaci\u00f3n.<\/p><\/li><\/ul><p data-start=\"1365\" data-end=\"1409\">El uso no autorizado puede dar lugar a acciones legales.<\/p><hr data-start=\"1411\" data-end=\"1414\" \/><h3 data-start=\"1416\" data-end=\"1460\">4. Informaci\u00f3n y disponibilidad del producto<\/h3><p data-start=\"1461\" data-end=\"1526\">Nos esforzamos por garantizar que toda la informaci\u00f3n sobre los productos sea exacta. No obstante:<\/p><ul data-start=\"1527\" data-end=\"1746\"><li data-start=\"1527\" data-end=\"1611\"><p data-start=\"1529\" data-end=\"1611\">Las especificaciones pueden cambiar sin previo aviso como parte de la mejora continua.<\/p><\/li><li data-start=\"1612\" data-end=\"1655\"><p data-start=\"1614\" data-end=\"1655\">La disponibilidad del producto puede variar seg\u00fan la regi\u00f3n<\/p><\/li><li data-start=\"1656\" data-end=\"1746\"><p data-start=\"1658\" data-end=\"1746\">LEDINGCO no se hace responsable de errores, omisiones o informaci\u00f3n obsoleta en el sitio web.<\/p><\/li><\/ul><p data-start=\"1748\" data-end=\"1811\">Para m\u00e1s informaci\u00f3n, p\u00f3ngase en contacto directamente con nuestro equipo de ventas.<\/p><hr data-start=\"1813\" data-end=\"1816\" \/><h3>5. 5. Pedidos y pagos<\/h3><p data-start=\"1846\" data-end=\"1916\">Al realizar un pedido, usted acepta las condiciones de pago de LEDINGCO, que incluyen:<\/p><ul data-start=\"1917\" data-end=\"2064\"><li data-start=\"1917\" data-end=\"1973\"><p data-start=\"1919\" data-end=\"1973\">100% prepagado o dep\u00f3sito parcial basado en el valor del pedido<\/p><\/li><li data-start=\"1974\" data-end=\"2064\"><p data-start=\"1976\" data-end=\"2064\">M\u00e9todos de pago aceptados: Transferencia bancaria, PingPong, WorldFirst (cuentas receptoras locales).<\/p><\/li><\/ul><p data-start=\"2066\" data-end=\"2133\">LEDINGCO se reserva el derecho de cancelar o rechazar pedidos en casos de:<\/p><ul data-start=\"2134\" data-end=\"2221\"><li data-start=\"2134\" data-end=\"2155\"><p data-start=\"2136\" data-end=\"2155\">Precios incorrectos<\/p><\/li><li data-start=\"2156\" data-end=\"2188\"><p data-start=\"2158\" data-end=\"2188\">Informaci\u00f3n de cliente no v\u00e1lida<\/p><\/li><li data-start=\"2189\" data-end=\"2221\"><p data-start=\"2191\" data-end=\"2221\">Imposibilidad de procesar el pago<\/p><\/li><\/ul><hr data-start=\"2223\" data-end=\"2226\" \/><h3 data-start=\"2228\" data-end=\"2257\">6. Env\u00edo y entrega<\/h3><ul data-start=\"2258\" data-end=\"2470\"><li data-start=\"2258\" data-end=\"2326\"><p data-start=\"2260\" data-end=\"2326\">Las condiciones de env\u00edo siguen los Incoterms acordados (EXW, FOB, CIF, etc.)<\/p><\/li><li data-start=\"2327\" data-end=\"2378\"><p data-start=\"2329\" data-end=\"2378\">Los plazos de entrega son estimaciones y no est\u00e1n garantizados<\/p><\/li><li data-start=\"2379\" data-end=\"2470\"><p data-start=\"2381\" data-end=\"2470\">LEDINGCO no se hace responsable de los retrasos causados por transportistas, aduanas o factores externos.<\/p><\/li><\/ul><p data-start=\"2472\" data-end=\"2554\">El riesgo de p\u00e9rdida se transfiere al comprador una vez que la mercanc\u00eda se entrega al transportista.<\/p><hr data-start=\"2556\" data-end=\"2559\" \/><h3 data-start=\"2561\" data-end=\"2588\">7. Garant\u00eda y reclamaciones<\/h3><p data-start=\"2589\" data-end=\"2673\">Nuestros productos est\u00e1n cubiertos por las condiciones de garant\u00eda est\u00e1ndar acordadas en el contrato de venta.<\/p><p data-start=\"2675\" data-end=\"2699\">La garant\u00eda no cubre:<\/p><ul data-start=\"2700\" data-end=\"2841\"><li data-start=\"2700\" data-end=\"2725\"><p data-start=\"2702\" data-end=\"2725\">Instalaci\u00f3n incorrecta<\/p><\/li><li data-start=\"2726\" data-end=\"2755\"><p data-start=\"2728\" data-end=\"2755\">Modificaci\u00f3n no autorizada<\/p><\/li><li data-start=\"2756\" data-end=\"2841\"><p data-start=\"2758\" data-end=\"2841\">Da\u00f1os causados por uso indebido, accidentes o condiciones de funcionamiento fuera de las especificaciones.<\/p><\/li><\/ul><p data-start=\"2843\" data-end=\"2873\">Las solicitudes deben presentarse con:<\/p><ul data-start=\"2874\" data-end=\"2955\"><li data-start=\"2874\" data-end=\"2890\"><p data-start=\"2876\" data-end=\"2890\">N\u00famero de pedido<\/p><\/li><li data-start=\"2891\" data-end=\"2919\"><p data-start=\"2893\" data-end=\"2919\">Descripci\u00f3n de la cuesti\u00f3n<\/p><\/li><li data-start=\"2920\" data-end=\"2955\"><p data-start=\"2922\" data-end=\"2955\">Im\u00e1genes o v\u00eddeos para la evaluaci\u00f3n<\/p><\/li><\/ul><hr data-start=\"2957\" data-end=\"2960\" \/><h3 data-start=\"2962\" data-end=\"2995\">8. Limitaci\u00f3n de responsabilidad<\/h3><p data-start=\"2996\" data-end=\"3035\">En la medida en que lo permita la ley:<\/p><ul data-start=\"3036\" data-end=\"3195\"><li data-start=\"3036\" data-end=\"3113\"><p data-start=\"3038\" data-end=\"3113\">LEDINGCO no se hace responsable de da\u00f1os indirectos, incidentales o consecuentes.<\/p><\/li><li data-start=\"3114\" data-end=\"3195\"><p data-start=\"3116\" data-end=\"3195\">La responsabilidad total no superar\u00e1 el importe pagado por los productos en cuesti\u00f3n<\/p><\/li><\/ul><hr data-start=\"3197\" data-end=\"3200\" \/><h3 data-start=\"3202\" data-end=\"3229\">9. Enlaces de terceros<\/h3><p data-start=\"3230\" data-end=\"3311\">Nuestro sitio web puede contener enlaces a sitios externos. LEDINGCO no se hace responsable de:<\/p><ul data-start=\"3312\" data-end=\"3374\"><li data-start=\"3312\" data-end=\"3321\"><p data-start=\"3314\" data-end=\"3321\">Contenido<\/p><\/li><li data-start=\"3322\" data-end=\"3332\"><p data-start=\"3324\" data-end=\"3332\">Pol\u00edticas<\/p><\/li><li data-start=\"3333\" data-end=\"3374\"><p data-start=\"3335\" data-end=\"3374\">Seguridad<br data-start=\"3343\" data-end=\"3346\" \/>de sitios web de terceros.<\/p><\/li><\/ul><hr data-start=\"3376\" data-end=\"3379\" \/><h3 data-start=\"3381\" data-end=\"3406\">10. Pol\u00edtica de privacidad<\/h3><p data-start=\"3407\" data-end=\"3531\">El uso de este sitio web tambi\u00e9n se rige por nuestra pol\u00edtica de privacidad. <strong data-start=\"3456\" data-end=\"3474\">Pol\u00edtica de privacidad<\/strong>, que explica c\u00f3mo recopilamos y utilizamos su informaci\u00f3n.<\/p><hr data-start=\"3533\" data-end=\"3536\" \/><h3 data-start=\"3538\" data-end=\"3565\">11. Cambios en las condiciones<\/h3><p data-start=\"3566\" data-end=\"3730\">LEDINGCO se reserva el derecho de actualizar o modificar estas Condiciones Generales en cualquier momento. Las versiones actualizadas se publicar\u00e1n en esta p\u00e1gina con una fecha revisada de \u201c\u00daltima actualizaci\u00f3n\u201d.<\/p><p data-start=\"3732\" data-end=\"3795\">El uso continuado del sitio web implica la aceptaci\u00f3n de todos los cambios.<\/p><hr data-start=\"3797\" data-end=\"3800\" \/><h3 data-start=\"3802\" data-end=\"3823\">12. Contacto<\/h3><p data-start=\"3824\" data-end=\"3890\">Si tiene alguna pregunta sobre estas Condiciones y Servicios, p\u00f3ngase en contacto con nosotros:<\/p><p data-start=\"3892\" data-end=\"4073\">\ud83d\udce7 <strong data-start=\"3895\" data-end=\"3905\">Correo electr\u00f3nico:<\/strong> <a class=\"decorated-link cursor-pointer\" rel=\"noopener\" data-start=\"3906\" data-end=\"3923\">info@ledingco.com<\/a><br data-start=\"3923\" data-end=\"3926\" \/>\ud83d\udcde <strong data-start=\"3929\" data-end=\"3939\">Tel\u00e9fono:<\/strong> +86 181 1759 7935<br data-start=\"3957\" data-end=\"3960\" \/>\ud83d\udccd <strong data-start=\"3963\" data-end=\"3975\">Direcci\u00f3n: <\/strong>507B, 5th Floor, Block A, Longfor Hongqiao Paradise Walk,Minhang District, Shanghai, China<\/p>\t\t\t\t\t\t\t\t<\/div>\n\t\t\t\t\t<\/div>\n\t\t\t\t<\/div>\n\t\t\t\t<\/div>","protected":false},"excerpt":{"rendered":"<p>Terms &amp; Services Home Terms &amp; Services Last Updated: February 10, 2025 Welcome to LEDINGCO. By accessing or using our website, products, or services, you agree to comply with the following Terms &amp; Services. Please read them carefully before proceeding. 1. Acceptance of Terms By using our website or engaging in any business with LEDINGCO, [&hellip;]<\/p>\n","protected":false},"author":1,"featured_media":0,"parent":0,"menu_order":0,"comment_status":"closed","ping_status":"closed","template":"","meta":{"footnotes":""},"class_list":["post-2854","page","type-page","status-publish","hentry"],"_links":{"self":[{"href":"https:\/\/ledingco.com\/es\/wp-json\/wp\/v2\/pages\/2854","targetHints":{"allow":["GET"]}}],"collection":[{"href":"https:\/\/ledingco.com\/es\/wp-json\/wp\/v2\/pages"}],"about":[{"href":"https:\/\/ledingco.com\/es\/wp-json\/wp\/v2\/types\/page"}],"author":[{"embeddable":true,"href":"https:\/\/ledingco.com\/es\/wp-json\/wp\/v2\/users\/1"}],"replies":[{"embeddable":true,"href":"https:\/\/ledingco.com\/es\/wp-json\/wp\/v2\/comments?post=2854"}],"version-history":[{"count":58,"href":"https:\/\/ledingco.com\/es\/wp-json\/wp\/v2\/pages\/2854\/revisions"}],"predecessor-version":[{"id":2915,"href":"https:\/\/ledingco.com\/es\/wp-json\/wp\/v2\/pages\/2854\/revisions\/2915"}],"wp:attachment":[{"href":"https:\/\/ledingco.com\/es\/wp-json\/wp\/v2\/media?parent=2854"}],"curies":[{"name":"wp","href":"https:\/\/api.w.org\/{rel}","templated":true}]}}