{"id":1993,"date":"2025-12-01T08:25:46","date_gmt":"2025-12-01T08:25:46","guid":{"rendered":"https:\/\/ledingco.com\/?page_id=1993"},"modified":"2025-12-30T09:34:28","modified_gmt":"2025-12-30T09:34:28","slug":"nos-services","status":"publish","type":"page","link":"https:\/\/ledingco.com\/fr\/our-services\/","title":{"rendered":"Nos services"},"content":{"rendered":"<div data-elementor-type=\"wp-page\" data-elementor-id=\"1993\" class=\"elementor elementor-1993\" data-elementor-post-type=\"page\">\n\t\t\t\t<div class=\"elementor-element elementor-element-3cf3a5b8 e-flex e-con-boxed e-con e-parent\" data-id=\"3cf3a5b8\" data-element_type=\"container\" data-e-type=\"container\" data-settings=\"{&quot;background_background&quot;:&quot;classic&quot;}\">\n\t\t\t\t\t<div class=\"e-con-inner\">\n\t\t\t\t<div class=\"elementor-element elementor-element-4ea3d391 elementor-widget__width-inherit elementor-invisible elementor-widget elementor-widget-heading\" data-id=\"4ea3d391\" data-element_type=\"widget\" data-e-type=\"widget\" data-settings=\"{&quot;_animation&quot;:&quot;fadeIn&quot;}\" data-widget_type=\"heading.default\">\n\t\t\t\t\t<h2 class=\"elementor-heading-title elementor-size-default\">Nos services<\/h2>\t\t\t\t<\/div>\n\t\t\t\t<div class=\"elementor-element elementor-element-7e8f8f0e elementor-icon-list--layout-inline elementor-align-center elementor-list-item-link-full_width elementor-invisible elementor-widget elementor-widget-icon-list\" data-id=\"7e8f8f0e\" data-element_type=\"widget\" data-e-type=\"widget\" data-settings=\"{&quot;_animation&quot;:&quot;fadeIn&quot;,&quot;_animation_delay&quot;:200}\" data-widget_type=\"icon-list.default\">\n\t\t\t\t\t\t\t<ul class=\"elementor-icon-list-items elementor-inline-items\">\n\t\t\t\t\t\t\t<li class=\"elementor-icon-list-item elementor-inline-item\">\n\t\t\t\t\t\t\t\t\t\t\t<a href=\"https:\/\/ledingco.com\/fr\">\n\n\t\t\t\t\t\t\t\t\t\t\t<span class=\"elementor-icon-list-text\">Accueil<\/span>\n\t\t\t\t\t\t\t\t\t\t\t<\/a>\n\t\t\t\t\t\t\t\t\t<\/li>\n\t\t\t\t\t\t\t\t<li class=\"elementor-icon-list-item elementor-inline-item\">\n\t\t\t\t\t\t\t\t\t\t\t<a href=\"https:\/\/ledingco.com\/fr\/our-services\/\">\n\n\t\t\t\t\t\t\t\t\t\t\t\t<span class=\"elementor-icon-list-icon\">\n\t\t\t\t\t\t\t<i aria-hidden=\"true\" class=\"icon icon-arrow-right\"><\/i>\t\t\t\t\t\t<\/span>\n\t\t\t\t\t\t\t\t\t\t<span class=\"elementor-icon-list-text\">Nos services<\/span>\n\t\t\t\t\t\t\t\t\t\t\t<\/a>\n\t\t\t\t\t\t\t\t\t<\/li>\n\t\t\t\t\t\t<\/ul>\n\t\t\t\t\t\t<\/div>\n\t\t\t\t\t<\/div>\n\t\t\t\t<\/div>\n\t\t<div class=\"elementor-element elementor-element-86bdc3a e-flex e-con-boxed e-con e-parent\" data-id=\"86bdc3a\" data-element_type=\"container\" data-e-type=\"container\" data-settings=\"{&quot;background_background&quot;:&quot;classic&quot;}\">\n\t\t\t\t\t<div class=\"e-con-inner\">\n\t\t\t\t<div class=\"elementor-element elementor-element-6e1af26 elementor-widget elementor-widget-heading\" data-id=\"6e1af26\" data-element_type=\"widget\" data-e-type=\"widget\" data-widget_type=\"heading.default\">\n\t\t\t\t\t<h2 class=\"elementor-heading-title elementor-size-default\">Solutions professionnelles pour les partenaires de l'\u00e9clairage automobile<\/h2>\t\t\t\t<\/div>\n\t\t<div class=\"elementor-element elementor-element-14604f12 e-con-full e-flex e-con e-child\" data-id=\"14604f12\" data-element_type=\"container\" data-e-type=\"container\">\n\t\t<div class=\"elementor-element elementor-element-6dbe653f e-con-full e-flex e-con e-child\" data-id=\"6dbe653f\" data-element_type=\"container\" data-e-type=\"container\">\n\t\t\t\t<div class=\"elementor-element elementor-element-1790c293 elementor-cta--layout-image-above elementor-widget__width-inherit elementor-widget-tablet__width-inherit elementor-cta--skin-classic elementor-animated-content elementor-bg-transform elementor-bg-transform-zoom-in elementor-widget elementor-widget-call-to-action\" data-id=\"1790c293\" data-element_type=\"widget\" data-e-type=\"widget\" data-widget_type=\"call-to-action.default\">\n\t\t\t\t\t\t\t<div class=\"elementor-cta\">\n\t\t\t\t\t<div class=\"elementor-cta__bg-wrapper\">\n\t\t\t\t<div class=\"elementor-cta__bg elementor-bg\" style=\"background-image: url(https:\/\/ledingco.com\/wp-content\/uploads\/2025\/12\/oem-automotive-lighting-manufacturing-907x1024.webp);\" role=\"img\" aria-label=\"Installation de fabrication OEM fournissant une production d&#039;\u00e9clairage automobile personnalis\u00e9e avec une qualit\u00e9 fiable et une livraison rapide\"><\/div>\n\t\t\t\t<div class=\"elementor-cta__bg-overlay\"><\/div>\n\t\t\t<\/div>\n\t\t\t\t\t\t\t<div class=\"elementor-cta__content\">\n\t\t\t\t\n\t\t\t\t\t\t\t\t\t<h2 class=\"elementor-cta__title elementor-cta__content-item elementor-content-item\">\n\t\t\t\t\t\tFabrication OEM\t\t\t\t\t<\/h2>\n\t\t\t\t\n\t\t\t\t\t\t\t\t\t<div class=\"elementor-cta__description elementor-cta__content-item elementor-content-item\">\n\t\t\t\t\t\tNous fournissons des services OEM professionnels, offrant une production personnalis\u00e9e sur la base de vos sp\u00e9cifications, garantissant une qualit\u00e9 fiable et une livraison rapide.\t\t\t\t\t<\/div>\n\t\t\t\t\n\t\t\t\t\t\t\t<\/div>\n\t\t\t\t\t\t<\/div>\n\t\t\t\t\t\t<\/div>\n\t\t\t\t<\/div>\n\t\t<div class=\"elementor-element elementor-element-48a3ad6e e-con-full e-flex e-con e-child\" data-id=\"48a3ad6e\" data-element_type=\"container\" data-e-type=\"container\">\n\t\t\t\t<div class=\"elementor-element elementor-element-2b0558a2 elementor-cta--layout-image-above elementor-widget__width-inherit elementor-cta--skin-classic elementor-animated-content elementor-bg-transform elementor-bg-transform-zoom-in elementor-widget elementor-widget-call-to-action\" data-id=\"2b0558a2\" data-element_type=\"widget\" data-e-type=\"widget\" data-widget_type=\"call-to-action.default\">\n\t\t\t\t\t\t\t<div class=\"elementor-cta\">\n\t\t\t\t\t<div class=\"elementor-cta__bg-wrapper\">\n\t\t\t\t<div class=\"elementor-cta__bg elementor-bg\" style=\"background-image: url(https:\/\/ledingco.com\/wp-content\/uploads\/2025\/12\/automotive-lighting-brand-distribution-banner-907x1024.webp);\" role=\"img\" aria-label=\"Distribution des marques d&#039;\u00e9clairage automobile\"><\/div>\n\t\t\t\t<div class=\"elementor-cta__bg-overlay\"><\/div>\n\t\t\t<\/div>\n\t\t\t\t\t\t\t<div class=\"elementor-cta__content\">\n\t\t\t\t\n\t\t\t\t\t\t\t\t\t<h2 class=\"elementor-cta__title elementor-cta__content-item elementor-content-item\">\n\t\t\t\t\t\tDistribution de la marque\t\t\t\t\t<\/h2>\n\t\t\t\t\n\t\t\t\t\t\t\t\t\t<div class=\"elementor-cta__description elementor-cta__content-item elementor-content-item\">\n\t\t\t\t\t\tFaites \u00e9quipe avec nous en tant que distributeur agr\u00e9\u00e9 de la marque. Nous offrons un approvisionnement stable, un soutien marketing et des prix comp\u00e9titifs pour d\u00e9velopper votre march\u00e9.\t\t\t\t\t<\/div>\n\t\t\t\t\n\t\t\t\t\t\t\t<\/div>\n\t\t\t\t\t\t<\/div>\n\t\t\t\t\t\t<\/div>\n\t\t\t\t<\/div>\n\t\t<div class=\"elementor-element elementor-element-63bce459 e-con-full e-flex e-con e-child\" data-id=\"63bce459\" data-element_type=\"container\" data-e-type=\"container\">\n\t\t\t\t<div class=\"elementor-element elementor-element-1e2732f2 elementor-cta--layout-image-above elementor-widget__width-inherit elementor-cta--skin-classic elementor-animated-content elementor-bg-transform elementor-bg-transform-zoom-in elementor-widget elementor-widget-call-to-action\" data-id=\"1e2732f2\" data-element_type=\"widget\" data-e-type=\"widget\" data-widget_type=\"call-to-action.default\">\n\t\t\t\t\t\t\t<div class=\"elementor-cta\">\n\t\t\t\t\t<div class=\"elementor-cta__bg-wrapper\">\n\t\t\t\t<div class=\"elementor-cta__bg elementor-bg\" style=\"background-image: url(https:\/\/ledingco.com\/wp-content\/uploads\/2025\/12\/automotive-lighting-wholesale-supply-907x1024.webp);\" role=\"img\" aria-label=\"Eclairage automobile Fourniture en gros\"><\/div>\n\t\t\t\t<div class=\"elementor-cta__bg-overlay\"><\/div>\n\t\t\t<\/div>\n\t\t\t\t\t\t\t<div class=\"elementor-cta__content\">\n\t\t\t\t\n\t\t\t\t\t\t\t\t\t<h2 class=\"elementor-cta__title elementor-cta__content-item elementor-content-item\">\n\t\t\t\t\t\tApprovisionnement en gros\t\t\t\t\t<\/h2>\n\t\t\t\t\n\t\t\t\t\t\t\t\t\t<div class=\"elementor-cta__description elementor-cta__content-item elementor-content-item\">\n\t\t\t\t\t\tNous prenons en charge les achats en gros \u00e0 des prix de gros comp\u00e9titifs, ce qui permet aux d\u00e9taillants et aux distributeurs de disposer d'un stock constant et de passer des commandes flexibles.\t\t\t\t\t<\/div>\n\t\t\t\t\n\t\t\t\t\t\t\t<\/div>\n\t\t\t\t\t\t<\/div>\n\t\t\t\t\t\t<\/div>\n\t\t\t\t<\/div>\n\t\t<div class=\"elementor-element elementor-element-2066ce40 e-con-full e-flex e-con e-child\" data-id=\"2066ce40\" data-element_type=\"container\" data-e-type=\"container\">\n\t\t\t\t<div class=\"elementor-element elementor-element-390d3ed elementor-cta--layout-image-above elementor-widget__width-inherit elementor-cta--skin-classic elementor-animated-content elementor-bg-transform elementor-bg-transform-zoom-in elementor-widget elementor-widget-call-to-action\" data-id=\"390d3ed\" data-element_type=\"widget\" data-e-type=\"widget\" data-widget_type=\"call-to-action.default\">\n\t\t\t\t\t\t\t<div class=\"elementor-cta\">\n\t\t\t\t\t<div class=\"elementor-cta__bg-wrapper\">\n\t\t\t\t<div class=\"elementor-cta__bg elementor-bg\" style=\"background-image: url(https:\/\/ledingco.com\/wp-content\/uploads\/2025\/12\/small-batch-custom-automotive-lighting-907x1024.webp);\" role=\"img\" aria-label=\"Services d&#039;\u00e9clairage automobile personnalis\u00e9s en petites s\u00e9ries pour les entreprises en phase de d\u00e9marrage et les projets sp\u00e9ciaux, offrant une production flexible \u00e0 faible co\u00fbt.\"><\/div>\n\t\t\t\t<div class=\"elementor-cta__bg-overlay\"><\/div>\n\t\t\t<\/div>\n\t\t\t\t\t\t\t<div class=\"elementor-cta__content\">\n\t\t\t\t\n\t\t\t\t\t\t\t\t\t<h2 class=\"elementor-cta__title elementor-cta__content-item elementor-content-item\">\n\t\t\t\t\t\tPetits lots sur mesure\t\t\t\t\t<\/h2>\n\t\t\t\t\n\t\t\t\t\t\t\t\t\t<div class=\"elementor-cta__description elementor-cta__content-item elementor-content-item\">\n\t\t\t\t\t\tId\u00e9al pour les start-ups ou les projets sp\u00e9ciaux, nous offrons des services de personnalisation \u00e0 faible co\u00fbt, y compris l'optimisation de la conception et la production sur mesure.\t\t\t\t\t<\/div>\n\t\t\t\t\n\t\t\t\t\t\t\t<\/div>\n\t\t\t\t\t\t<\/div>\n\t\t\t\t\t\t<\/div>\n\t\t\t\t<\/div>\n\t\t\t\t<\/div>\n\t\t\t\t\t<\/div>\n\t\t\t\t<\/div>\n\t\t<div class=\"elementor-element elementor-element-bee6415 e-con-full e-flex e-con e-parent\" data-id=\"bee6415\" data-element_type=\"container\" data-e-type=\"container\" data-settings=\"{&quot;background_background&quot;:&quot;classic&quot;}\">\n\t\t\t\t<div class=\"elementor-element elementor-element-45f87a5 elementor-widget elementor-widget-image-carousel\" data-id=\"45f87a5\" data-element_type=\"widget\" data-e-type=\"widget\" data-settings=\"{&quot;slides_to_show&quot;:&quot;8&quot;,&quot;slides_to_scroll&quot;:&quot;8&quot;,&quot;slides_to_scroll_tablet&quot;:&quot;4&quot;,&quot;navigation&quot;:&quot;none&quot;,&quot;image_spacing_custom&quot;:{&quot;unit&quot;:&quot;px&quot;,&quot;size&quot;:50,&quot;sizes&quot;:[]},&quot;image_spacing_custom_tablet&quot;:{&quot;unit&quot;:&quot;px&quot;,&quot;size&quot;:-300,&quot;sizes&quot;:[]},&quot;image_spacing_custom_mobile&quot;:{&quot;unit&quot;:&quot;px&quot;,&quot;size&quot;:-100,&quot;sizes&quot;:[]},&quot;autoplay&quot;:&quot;yes&quot;,&quot;pause_on_hover&quot;:&quot;yes&quot;,&quot;pause_on_interaction&quot;:&quot;yes&quot;,&quot;autoplay_speed&quot;:5000,&quot;infinite&quot;:&quot;yes&quot;,&quot;speed&quot;:500}\" data-widget_type=\"image-carousel.default\">\n\t\t\t\t\t\t\t<div class=\"elementor-image-carousel-wrapper swiper\" role=\"region\" aria-roledescription=\"carousel\" aria-label=\"Carrousel d&#039;images\" dir=\"ltr\">\n\t\t\t<div class=\"elementor-image-carousel swiper-wrapper\" aria-live=\"off\">\n\t\t\t\t\t\t\t\t<div class=\"swiper-slide\" role=\"group\" aria-roledescription=\"slide\" aria-label=\"1 de 10\"><figure class=\"swiper-slide-inner\"><img decoding=\"async\" class=\"swiper-slide-image\" src=\"https:\/\/ledingco.com\/wp-content\/uploads\/2025\/12\/Fog-lamp-product-001-150x150.webp\" alt=\"Feu antibrouillard cylindrique jaune dot\u00e9 d&#039;une lentille de projecteur pour une meilleure visibilit\u00e9 par temps de brouillard\" \/><figcaption class=\"elementor-image-carousel-caption\">Feu de brouillard<\/figcaption><\/figure><\/div><div class=\"swiper-slide\" role=\"group\" aria-roledescription=\"slide\" aria-label=\"2 de 10\"><figure class=\"swiper-slide-inner\"><img decoding=\"async\" class=\"swiper-slide-image\" src=\"https:\/\/ledingco.com\/wp-content\/uploads\/2025\/12\/four-eye-laser-projector-lens-150x150.webp\" alt=\"Lentille de projecteur laser Four Eye con\u00e7ue pour les applications de phares automobiles, avec des \u00e9l\u00e9ments d&#039;\u00e9clairage laser en forme d&#039;\u0153il\" \/><figcaption class=\"elementor-image-carousel-caption\">Phare<\/figcaption><\/figure><\/div><div class=\"swiper-slide\" role=\"group\" aria-roledescription=\"slide\" aria-label=\"3 de 10\"><figure class=\"swiper-slide-inner\"><img decoding=\"async\" class=\"swiper-slide-image\" src=\"https:\/\/ledingco.com\/wp-content\/uploads\/2025\/12\/four-eye-pro-projector-lens-150x150.webp\" alt=\"Lentille de projecteur Four Eye Pro dot\u00e9e d&#039;\u00e9l\u00e9ments LED en forme d&#039;\u0153il, con\u00e7ue pour am\u00e9liorer les performances de l&#039;\u00e9clairage automobile\" \/><figcaption class=\"elementor-image-carousel-caption\">Phare<\/figcaption><\/figure><\/div><div class=\"swiper-slide\" role=\"group\" aria-roledescription=\"slide\" aria-label=\"4 de 10\"><figure class=\"swiper-slide-inner\"><img decoding=\"async\" class=\"swiper-slide-image\" src=\"https:\/\/ledingco.com\/wp-content\/uploads\/2025\/12\/grille-light-product001-150x150.webp\" alt=\"Produit d&#039;\u00e9clairage de calandre automobile pr\u00e9sentant un design LED mince pour l&#039;installation de la calandre\" \/><figcaption class=\"elementor-image-carousel-caption\">Feu de calandre<\/figcaption><\/figure><\/div><div class=\"swiper-slide\" role=\"group\" aria-roledescription=\"slide\" aria-label=\"5 sur 10\"><figure class=\"swiper-slide-inner\"><img decoding=\"async\" class=\"swiper-slide-image\" src=\"https:\/\/ledingco.com\/wp-content\/uploads\/2025\/12\/grille-light-product002-150x150.webp\" alt=\"Produit d&#039;\u00e9clairage de calandre automobile pr\u00e9sentant un design LED mince pour l&#039;installation de la calandre\" \/><figcaption class=\"elementor-image-carousel-caption\">Feu de calandre<\/figcaption><\/figure><\/div><div class=\"swiper-slide\" role=\"group\" aria-roledescription=\"slide\" aria-label=\"6 de 10\"><figure class=\"swiper-slide-inner\"><img decoding=\"async\" class=\"swiper-slide-image\" src=\"https:\/\/ledingco.com\/wp-content\/uploads\/2025\/12\/three-eye-laser-projector-lens-front-view-150x150.webp\" alt=\"Lentille de projecteur laser Three Eye con\u00e7ue pour les applications de phares automobiles, avec des \u00e9l\u00e9ments d&#039;\u00e9clairage laser en forme d&#039;\u0153il\" \/><figcaption class=\"elementor-image-carousel-caption\">Phare<\/figcaption><\/figure><\/div><div class=\"swiper-slide\" role=\"group\" aria-roledescription=\"slide\" aria-label=\"7 sur 10\"><figure class=\"swiper-slide-inner\"><img decoding=\"async\" class=\"swiper-slide-image\" src=\"https:\/\/ledingco.com\/wp-content\/uploads\/2025\/12\/projector-fog-lamp-product-001-150x150.webp\" alt=\"Image de produit d&#039;un feu antibrouillard projecteur montrant la conception de la lentille optique pour les applications d&#039;\u00e9clairage automobile\" \/><figcaption class=\"elementor-image-carousel-caption\">Feu de brouillard<\/figcaption><\/figure><\/div><div class=\"swiper-slide\" role=\"group\" aria-roledescription=\"slide\" aria-label=\"8 sur 10\"><figure class=\"swiper-slide-inner\"><img decoding=\"async\" class=\"swiper-slide-image\" src=\"https:\/\/ledingco.com\/wp-content\/uploads\/2025\/12\/suv-single-beam-spot-light-150x150.webp\" alt=\"Projecteur SUV \u00e0 faisceau unique con\u00e7u pour l&#039;\u00e9clairage de longue port\u00e9e et l&#039;\u00e9clairage auxiliaire de conduite\" \/><figcaption class=\"elementor-image-carousel-caption\">Spot light<\/figcaption><\/figure><\/div><div class=\"swiper-slide\" role=\"group\" aria-roledescription=\"slide\" aria-label=\"9 sur 10\"><figure class=\"swiper-slide-inner\"><img decoding=\"async\" class=\"swiper-slide-image\" src=\"https:\/\/ledingco.com\/wp-content\/uploads\/2025\/12\/three-eye-laser-projector-lens-150x150.webp\" alt=\"Lentille de projecteur laser Three Eye con\u00e7ue pour les applications de phares automobiles, avec des \u00e9l\u00e9ments d&#039;\u00e9clairage laser en forme d&#039;\u0153il\" \/><figcaption class=\"elementor-image-carousel-caption\">Phare<\/figcaption><\/figure><\/div><div class=\"swiper-slide\" role=\"group\" aria-roledescription=\"slide\" aria-label=\"10 sur 10\"><figure class=\"swiper-slide-inner\"><img decoding=\"async\" class=\"swiper-slide-image\" src=\"https:\/\/ledingco.com\/wp-content\/uploads\/2025\/12\/suv-spot-light-product-150x150.webp\" alt=\"Projecteur SUV con\u00e7u pour l&#039;\u00e9clairage tout-terrain et l&#039;\u00e9clairage auxiliaire de la conduite\" \/><figcaption class=\"elementor-image-carousel-caption\">Spot light<\/figcaption><\/figure><\/div>\t\t\t<\/div>\n\t\t\t\t\t\t\t\n\t\t\t\t\t\t\t\t\t<\/div>\n\t\t\t\t\t\t<\/div>\n\t\t\t\t<\/div>\n\t\t<div class=\"elementor-element elementor-element-5bd528c e-flex e-con-boxed e-con e-parent\" data-id=\"5bd528c\" data-element_type=\"container\" data-e-type=\"container\" data-settings=\"{&quot;background_background&quot;:&quot;classic&quot;}\">\n\t\t\t\t\t<div class=\"e-con-inner\">\n\t\t<div class=\"elementor-element elementor-element-26dc3fa e-con-full e-flex elementor-invisible e-con e-child\" data-id=\"26dc3fa\" data-element_type=\"container\" data-e-type=\"container\" data-settings=\"{&quot;background_background&quot;:&quot;classic&quot;,&quot;animation&quot;:&quot;fadeIn&quot;}\">\n\t\t\t\t<div class=\"elementor-element elementor-element-f53cab1 elementor-widget-divider--view-line elementor-widget elementor-widget-divider\" data-id=\"f53cab1\" data-element_type=\"widget\" data-e-type=\"widget\" data-widget_type=\"divider.default\">\n\t\t\t\t\t\t\t<div class=\"elementor-divider\">\n\t\t\t<span class=\"elementor-divider-separator\">\n\t\t\t\t\t\t<\/span>\n\t\t<\/div>\n\t\t\t\t\t\t<\/div>\n\t\t\t\t<\/div>\n\t\t<div class=\"elementor-element elementor-element-92b9484 e-con-full e-flex e-con e-child\" data-id=\"92b9484\" data-element_type=\"container\" data-e-type=\"container\">\n\t\t\t\t<div class=\"elementor-element elementor-element-aca6fe5 elementor-widget__width-inherit elementor-invisible elementor-widget elementor-widget-text-editor\" data-id=\"aca6fe5\" data-element_type=\"widget\" data-e-type=\"widget\" data-settings=\"{&quot;_animation&quot;:&quot;fadeIn&quot;}\" data-widget_type=\"text-editor.default\">\n\t\t\t\t\t\t\t\t\t<p>\u00c0 propos de nous<\/p>\t\t\t\t\t\t\t\t<\/div>\n\t\t\t\t<div class=\"elementor-element elementor-element-3864060 elementor-invisible elementor-widget elementor-widget-heading\" data-id=\"3864060\" data-element_type=\"widget\" data-e-type=\"widget\" data-settings=\"{&quot;_animation&quot;:&quot;fadeIn&quot;,&quot;_animation_delay&quot;:200}\" data-widget_type=\"heading.default\">\n\t\t\t\t\t<h2 class=\"elementor-heading-title elementor-size-default\">Fabricant de solutions d'\u00e9clairage automobile avanc\u00e9es<\/h2>\t\t\t\t<\/div>\n\t\t\t\t<div class=\"elementor-element elementor-element-8cf1ac3 elementor-invisible elementor-widget elementor-widget-text-editor\" data-id=\"8cf1ac3\" data-element_type=\"widget\" data-e-type=\"widget\" data-settings=\"{&quot;_animation&quot;:&quot;fadeIn&quot;,&quot;_animation_delay&quot;:400}\" data-widget_type=\"text-editor.default\">\n\t\t\t\t\t\t\t\t\t<p>La soci\u00e9t\u00e9 Shanghai Chexiangai Culture &amp; Communication Co. est bas\u00e9e \u00e0 Shanghai, en Chine, et est sp\u00e9cialis\u00e9e dans la R&amp;D, la fabrication et la distribution de produits d'\u00e9clairage automobile. La plupart des membres de notre \u00e9quipe centrale sont profond\u00e9ment engag\u00e9s dans l'industrie de l'\u00e9clairage automobile depuis plus de 15 ans et, gr\u00e2ce \u00e0 une innovation ind\u00e9pendante, ont ma\u00eetris\u00e9 les technologies optiques cl\u00e9s pour l'\u00e9clairage automobile.<\/p>\t\t\t\t\t\t\t\t<\/div>\n\t\t\t\t<div class=\"elementor-element elementor-element-6aade1b elementor-invisible elementor-widget elementor-widget-button\" data-id=\"6aade1b\" data-element_type=\"widget\" data-e-type=\"widget\" data-settings=\"{&quot;_animation&quot;:&quot;fadeIn&quot;,&quot;_animation_delay&quot;:600}\" data-widget_type=\"button.default\">\n\t\t\t\t\t\t\t\t\t\t<a class=\"elementor-button elementor-button-link elementor-size-sm\" href=\"https:\/\/ledingco.com\/fr\/about-us\/\">\n\t\t\t\t\t\t<span class=\"elementor-button-content-wrapper\">\n\t\t\t\t\t\t\t\t\t<span class=\"elementor-button-text\">En savoir plus<\/span>\n\t\t\t\t\t<\/span>\n\t\t\t\t\t<\/a>\n\t\t\t\t\t\t\t\t<\/div>\n\t\t\t\t<\/div>\n\t\t\t\t\t<\/div>\n\t\t\t\t<\/div>\n\t\t\t\t<\/div>","protected":false},"excerpt":{"rendered":"<p>Our Services Home Our Services Professional Solutions for Automotive Lighting Partners OEM Manufacturing We provide professional OEM services, offering customized production based on your specifications, ensuring reliable quality and fast delivery. Brand Distribution Partner with us as an authorized brand distributor. We offer stable supply, marketing support, and competitive pricing to grow your market. Wholesale [&hellip;]<\/p>\n","protected":false},"author":1,"featured_media":0,"parent":0,"menu_order":0,"comment_status":"closed","ping_status":"closed","template":"elementor_header_footer","meta":{"footnotes":""},"class_list":["post-1993","page","type-page","status-publish","hentry"],"_links":{"self":[{"href":"https:\/\/ledingco.com\/fr\/wp-json\/wp\/v2\/pages\/1993","targetHints":{"allow":["GET"]}}],"collection":[{"href":"https:\/\/ledingco.com\/fr\/wp-json\/wp\/v2\/pages"}],"about":[{"href":"https:\/\/ledingco.com\/fr\/wp-json\/wp\/v2\/types\/page"}],"author":[{"embeddable":true,"href":"https:\/\/ledingco.com\/fr\/wp-json\/wp\/v2\/users\/1"}],"replies":[{"embeddable":true,"href":"https:\/\/ledingco.com\/fr\/wp-json\/wp\/v2\/comments?post=1993"}],"version-history":[{"count":394,"href":"https:\/\/ledingco.com\/fr\/wp-json\/wp\/v2\/pages\/1993\/revisions"}],"predecessor-version":[{"id":6328,"href":"https:\/\/ledingco.com\/fr\/wp-json\/wp\/v2\/pages\/1993\/revisions\/6328"}],"wp:attachment":[{"href":"https:\/\/ledingco.com\/fr\/wp-json\/wp\/v2\/media?parent=1993"}],"curies":[{"name":"wp","href":"https:\/\/api.w.org\/{rel}","templated":true}]}}