{"id":228,"date":"2025-11-21T13:09:28","date_gmt":"2025-11-21T13:09:28","guid":{"rendered":"https:\/\/ledingco.com\/?page_id=228"},"modified":"2026-03-18T05:09:52","modified_gmt":"2026-03-18T05:09:52","slug":"produits","status":"publish","type":"page","link":"https:\/\/ledingco.com\/fr\/products\/","title":{"rendered":"Produits"},"content":{"rendered":"<div data-elementor-type=\"wp-page\" data-elementor-id=\"228\" class=\"elementor elementor-228\" data-elementor-post-type=\"page\">\n\t\t\t\t<div class=\"elementor-element elementor-element-517556b5 e-flex e-con-boxed e-con e-parent\" data-id=\"517556b5\" data-element_type=\"container\" data-e-type=\"container\" data-settings=\"{&quot;background_background&quot;:&quot;classic&quot;}\">\n\t\t\t\t\t<div class=\"e-con-inner\">\n\t\t\t\t<div class=\"elementor-element elementor-element-13489c45 elementor-widget__width-inherit elementor-invisible elementor-widget elementor-widget-heading\" data-id=\"13489c45\" data-element_type=\"widget\" data-e-type=\"widget\" data-settings=\"{&quot;_animation&quot;:&quot;fadeIn&quot;}\" data-widget_type=\"heading.default\">\n\t\t\t\t\t<h2 class=\"elementor-heading-title elementor-size-default\">Nos produits<\/h2>\t\t\t\t<\/div>\n\t\t\t\t<div class=\"elementor-element elementor-element-534710d2 elementor-icon-list--layout-inline elementor-align-center elementor-list-item-link-full_width elementor-invisible elementor-widget elementor-widget-icon-list\" data-id=\"534710d2\" data-element_type=\"widget\" data-e-type=\"widget\" data-settings=\"{&quot;_animation&quot;:&quot;fadeIn&quot;,&quot;_animation_delay&quot;:200}\" data-widget_type=\"icon-list.default\">\n\t\t\t\t\t\t\t<ul class=\"elementor-icon-list-items elementor-inline-items\">\n\t\t\t\t\t\t\t<li class=\"elementor-icon-list-item elementor-inline-item\">\n\t\t\t\t\t\t\t\t\t\t\t<a href=\"#\">\n\n\t\t\t\t\t\t\t\t\t\t\t<span class=\"elementor-icon-list-text\">Accueil<\/span>\n\t\t\t\t\t\t\t\t\t\t\t<\/a>\n\t\t\t\t\t\t\t\t\t<\/li>\n\t\t\t\t\t\t\t\t<li class=\"elementor-icon-list-item elementor-inline-item\">\n\t\t\t\t\t\t\t\t\t\t\t<a href=\"#\">\n\n\t\t\t\t\t\t\t\t\t\t\t\t<span class=\"elementor-icon-list-icon\">\n\t\t\t\t\t\t\t<i aria-hidden=\"true\" class=\"icon icon-arrow-right\"><\/i>\t\t\t\t\t\t<\/span>\n\t\t\t\t\t\t\t\t\t\t<span class=\"elementor-icon-list-text\">Produits<\/span>\n\t\t\t\t\t\t\t\t\t\t\t<\/a>\n\t\t\t\t\t\t\t\t\t<\/li>\n\t\t\t\t\t\t<\/ul>\n\t\t\t\t\t\t<\/div>\n\t\t\t\t\t<\/div>\n\t\t\t\t<\/div>\n\t\t<div class=\"elementor-element elementor-element-21a7a18 e-con-full e-flex e-con e-child\" data-id=\"21a7a18\" data-element_type=\"container\" data-e-type=\"container\">\n\t\t\t\t<div class=\"elementor-element elementor-element-55252c5 elementor-widget-divider--view-line_text elementor-widget-divider--element-align-center elementor-widget elementor-widget-divider\" data-id=\"55252c5\" data-element_type=\"widget\" data-e-type=\"widget\" data-widget_type=\"divider.default\">\n\t\t\t\t\t\t\t<div class=\"elementor-divider\">\n\t\t\t<span class=\"elementor-divider-separator\">\n\t\t\t\t\t\t\t<h2 class=\"elementor-divider__text elementor-divider__element\">\n\t\t\t\tTypes de produits\t\t\t\t<\/h2>\n\t\t\t\t\t\t<\/span>\n\t\t<\/div>\n\t\t\t\t\t\t<\/div>\n\t\t\t\t<\/div>\n\t\t<div class=\"elementor-element elementor-element-84610b1 e-flex e-con-boxed e-con e-child\" data-id=\"84610b1\" data-element_type=\"container\" data-e-type=\"container\" data-settings=\"{&quot;background_background&quot;:&quot;classic&quot;}\">\n\t\t\t\t\t<div class=\"e-con-inner\">\n\t\t<div class=\"elementor-element elementor-element-fcdc661 e-con-full e-flex e-con e-child\" data-id=\"fcdc661\" data-element_type=\"container\" data-e-type=\"container\" data-settings=\"{&quot;background_background&quot;:&quot;classic&quot;}\">\n\t\t\t\t<div class=\"elementor-element elementor-element-43f4f2f elementor-widget elementor-widget-image\" data-id=\"43f4f2f\" data-element_type=\"widget\" data-e-type=\"widget\" data-widget_type=\"image.default\">\n\t\t\t\t\t\t\t\t\t\t\t\t\t\t\t\t<a href=\"https:\/\/ledingco.com\/fr\/fog-lights\/\">\n\t\t\t\t\t\t\t<img fetchpriority=\"high\" decoding=\"async\" width=\"768\" height=\"981\" src=\"https:\/\/ledingco.com\/wp-content\/uploads\/2025\/12\/Toyota-Land-cruiser-projector-headlight-768x981.webp\" class=\"elementor-animation-float attachment-medium_large size-medium_large wp-image-4917\" alt=\"\" srcset=\"https:\/\/ledingco.com\/wp-content\/uploads\/2025\/12\/Toyota-Land-cruiser-projector-headlight-768x981.webp 768w, https:\/\/ledingco.com\/wp-content\/uploads\/2025\/12\/Toyota-Land-cruiser-projector-headlight-235x300.webp 235w, https:\/\/ledingco.com\/wp-content\/uploads\/2025\/12\/Toyota-Land-cruiser-projector-headlight-802x1024.webp 802w, https:\/\/ledingco.com\/wp-content\/uploads\/2025\/12\/Toyota-Land-cruiser-projector-headlight-1203x1536.webp 1203w, https:\/\/ledingco.com\/wp-content\/uploads\/2025\/12\/Toyota-Land-cruiser-projector-headlight-1604x2048.webp 1604w, https:\/\/ledingco.com\/wp-content\/uploads\/2025\/12\/Toyota-Land-cruiser-projector-headlight.webp 2000w\" sizes=\"(max-width: 768px) 100vw, 768px\" \/>\t\t\t\t\t\t\t\t<\/a>\n\t\t\t\t\t\t\t\t\t\t\t\t\t\t\t<\/div>\n\t\t\t\t<div class=\"elementor-element elementor-element-bc80524 elementor-widget elementor-widget-heading\" data-id=\"bc80524\" data-element_type=\"widget\" data-e-type=\"widget\" data-widget_type=\"heading.default\">\n\t\t\t\t\t<h2 class=\"elementor-heading-title elementor-size-default\"><a href=\"https:\/\/ledingco.com\/fr\/fog-lights\/\">Phares Frojector<\/a><\/h2>\t\t\t\t<\/div>\n\t\t\t\t<\/div>\n\t\t<div class=\"elementor-element elementor-element-e7ea67a e-con-full e-flex e-con e-child\" data-id=\"e7ea67a\" data-element_type=\"container\" data-e-type=\"container\" data-settings=\"{&quot;background_background&quot;:&quot;classic&quot;}\">\n\t\t\t\t<div class=\"elementor-element elementor-element-2510003 elementor-widget elementor-widget-image\" data-id=\"2510003\" data-element_type=\"widget\" data-e-type=\"widget\" data-widget_type=\"image.default\">\n\t\t\t\t\t\t\t\t\t\t\t\t\t\t\t\t<a href=\"https:\/\/ledingco.com\/fr\/fog-lights\/\">\n\t\t\t\t\t\t\t<img decoding=\"async\" width=\"768\" height=\"976\" src=\"https:\/\/ledingco.com\/wp-content\/uploads\/2025\/12\/automotive-fog-lamp-foggy-driving-scene-1-768x976.webp\" class=\"elementor-animation-float attachment-medium_large size-medium_large wp-image-5581\" alt=\"\" srcset=\"https:\/\/ledingco.com\/wp-content\/uploads\/2025\/12\/automotive-fog-lamp-foggy-driving-scene-1-768x976.webp 768w, https:\/\/ledingco.com\/wp-content\/uploads\/2025\/12\/automotive-fog-lamp-foggy-driving-scene-1-236x300.webp 236w, https:\/\/ledingco.com\/wp-content\/uploads\/2025\/12\/automotive-fog-lamp-foggy-driving-scene-1-806x1024.webp 806w, https:\/\/ledingco.com\/wp-content\/uploads\/2025\/12\/automotive-fog-lamp-foggy-driving-scene-1-1209x1536.webp 1209w, https:\/\/ledingco.com\/wp-content\/uploads\/2025\/12\/automotive-fog-lamp-foggy-driving-scene-1-1612x2048.webp 1612w, https:\/\/ledingco.com\/wp-content\/uploads\/2025\/12\/automotive-fog-lamp-foggy-driving-scene-1-scaled.webp 2015w\" sizes=\"(max-width: 768px) 100vw, 768px\" \/>\t\t\t\t\t\t\t\t<\/a>\n\t\t\t\t\t\t\t\t\t\t\t\t\t\t\t<\/div>\n\t\t\t\t<div class=\"elementor-element elementor-element-08b93d9 elementor-widget elementor-widget-heading\" data-id=\"08b93d9\" data-element_type=\"widget\" data-e-type=\"widget\" data-widget_type=\"heading.default\">\n\t\t\t\t\t<h2 class=\"elementor-heading-title elementor-size-default\"><a href=\"https:\/\/ledingco.com\/fr\/fog-lights\/\">Feux antibrouillard<\/a><\/h2>\t\t\t\t<\/div>\n\t\t\t\t<\/div>\n\t\t<div class=\"elementor-element elementor-element-ea40b78 e-con-full e-flex e-con e-child\" data-id=\"ea40b78\" data-element_type=\"container\" data-e-type=\"container\" data-settings=\"{&quot;background_background&quot;:&quot;classic&quot;}\">\n\t\t\t\t<div class=\"elementor-element elementor-element-51aadd6 elementor-widget elementor-widget-image\" data-id=\"51aadd6\" data-element_type=\"widget\" data-e-type=\"widget\" data-widget_type=\"image.default\">\n\t\t\t\t\t\t\t\t\t\t\t\t\t\t\t\t<a href=\"https:\/\/ledingco.com\/fr\/grille-lights\/\">\n\t\t\t\t\t\t\t<img decoding=\"async\" width=\"768\" height=\"1024\" src=\"https:\/\/ledingco.com\/wp-content\/uploads\/2025\/12\/land-rover-defender-grille-light-home-banner-vertical-768x1024.webp\" class=\"elementor-animation-float attachment-medium_large size-medium_large wp-image-5842\" alt=\"Land Rover Defender \u00e9quip\u00e9 de nos feux de calandre pr\u00e9sent\u00e9 dans une banni\u00e8re promotionnelle verticale sur la page d&#039;accueil.\" srcset=\"https:\/\/ledingco.com\/wp-content\/uploads\/2025\/12\/land-rover-defender-grille-light-home-banner-vertical-768x1024.webp 768w, https:\/\/ledingco.com\/wp-content\/uploads\/2025\/12\/land-rover-defender-grille-light-home-banner-vertical-225x300.webp 225w, https:\/\/ledingco.com\/wp-content\/uploads\/2025\/12\/land-rover-defender-grille-light-home-banner-vertical-1152x1536.webp 1152w, https:\/\/ledingco.com\/wp-content\/uploads\/2025\/12\/land-rover-defender-grille-light-home-banner-vertical.webp 1500w\" sizes=\"(max-width: 768px) 100vw, 768px\" \/>\t\t\t\t\t\t\t\t<\/a>\n\t\t\t\t\t\t\t\t\t\t\t\t\t\t\t<\/div>\n\t\t\t\t<div class=\"elementor-element elementor-element-8d2a946 elementor-widget elementor-widget-heading\" data-id=\"8d2a946\" data-element_type=\"widget\" data-e-type=\"widget\" data-widget_type=\"heading.default\">\n\t\t\t\t\t<h2 class=\"elementor-heading-title elementor-size-default\"><a href=\"https:\/\/ledingco.com\/fr\/grille-lights\/\">Feux de calandre<\/a><\/h2>\t\t\t\t<\/div>\n\t\t\t\t<\/div>\n\t\t<div class=\"elementor-element elementor-element-8ea9aaa e-con-full e-flex e-con e-child\" data-id=\"8ea9aaa\" data-element_type=\"container\" data-e-type=\"container\" data-settings=\"{&quot;background_background&quot;:&quot;classic&quot;}\">\n\t\t\t\t<div class=\"elementor-element elementor-element-1415ae2 elementor-widget elementor-widget-image\" data-id=\"1415ae2\" data-element_type=\"widget\" data-e-type=\"widget\" data-widget_type=\"image.default\">\n\t\t\t\t\t\t\t\t\t\t\t\t\t\t\t\t<a href=\"https:\/\/ledingco.com\/fr\/spot-lights\/\">\n\t\t\t\t\t\t\t<img loading=\"lazy\" decoding=\"async\" width=\"768\" height=\"973\" src=\"https:\/\/ledingco.com\/wp-content\/uploads\/2025\/12\/toyota-spot-light-poster-responsive-768x973.webp\" class=\"elementor-animation-float attachment-medium_large size-medium_large wp-image-5788\" alt=\"\" srcset=\"https:\/\/ledingco.com\/wp-content\/uploads\/2025\/12\/toyota-spot-light-poster-responsive-768x973.webp 768w, https:\/\/ledingco.com\/wp-content\/uploads\/2025\/12\/toyota-spot-light-poster-responsive-237x300.webp 237w, https:\/\/ledingco.com\/wp-content\/uploads\/2025\/12\/toyota-spot-light-poster-responsive-808x1024.webp 808w, https:\/\/ledingco.com\/wp-content\/uploads\/2025\/12\/toyota-spot-light-poster-responsive-1212x1536.webp 1212w, https:\/\/ledingco.com\/wp-content\/uploads\/2025\/12\/toyota-spot-light-poster-responsive-1616x2048.webp 1616w, https:\/\/ledingco.com\/wp-content\/uploads\/2025\/12\/toyota-spot-light-poster-responsive-scaled.webp 2020w\" sizes=\"(max-width: 768px) 100vw, 768px\" \/>\t\t\t\t\t\t\t\t<\/a>\n\t\t\t\t\t\t\t\t\t\t\t\t\t\t\t<\/div>\n\t\t\t\t<div class=\"elementor-element elementor-element-ffe5d4c elementor-widget elementor-widget-heading\" data-id=\"ffe5d4c\" data-element_type=\"widget\" data-e-type=\"widget\" data-widget_type=\"heading.default\">\n\t\t\t\t\t<h2 class=\"elementor-heading-title elementor-size-default\"><a href=\"https:\/\/ledingco.com\/fr\/spot-lights\/\">Projecteurs<\/a><\/h2>\t\t\t\t<\/div>\n\t\t\t\t<\/div>\n\t\t\t\t\t<\/div>\n\t\t\t\t<\/div>\n\t\t<div class=\"elementor-element elementor-element-9a54f88 e-con-full e-flex e-con e-parent\" data-id=\"9a54f88\" data-element_type=\"container\" data-e-type=\"container\" data-settings=\"{&quot;background_background&quot;:&quot;classic&quot;}\">\n\t\t\t\t<div class=\"elementor-element elementor-element-7a325b7 elementor-widget elementor-widget-image-carousel\" data-id=\"7a325b7\" data-element_type=\"widget\" data-e-type=\"widget\" data-settings=\"{&quot;slides_to_show&quot;:&quot;8&quot;,&quot;slides_to_scroll&quot;:&quot;8&quot;,&quot;slides_to_scroll_tablet&quot;:&quot;4&quot;,&quot;navigation&quot;:&quot;none&quot;,&quot;image_spacing_custom&quot;:{&quot;unit&quot;:&quot;px&quot;,&quot;size&quot;:50,&quot;sizes&quot;:[]},&quot;image_spacing_custom_tablet&quot;:{&quot;unit&quot;:&quot;px&quot;,&quot;size&quot;:-300,&quot;sizes&quot;:[]},&quot;image_spacing_custom_mobile&quot;:{&quot;unit&quot;:&quot;px&quot;,&quot;size&quot;:-100,&quot;sizes&quot;:[]},&quot;autoplay&quot;:&quot;yes&quot;,&quot;pause_on_hover&quot;:&quot;yes&quot;,&quot;pause_on_interaction&quot;:&quot;yes&quot;,&quot;autoplay_speed&quot;:5000,&quot;infinite&quot;:&quot;yes&quot;,&quot;speed&quot;:500}\" data-widget_type=\"image-carousel.default\">\n\t\t\t\t\t\t\t<div class=\"elementor-image-carousel-wrapper swiper\" role=\"region\" aria-roledescription=\"carousel\" aria-label=\"Carrousel d&#039;images\" dir=\"ltr\">\n\t\t\t<div class=\"elementor-image-carousel swiper-wrapper\" aria-live=\"off\">\n\t\t\t\t\t\t\t\t<div class=\"swiper-slide\" role=\"group\" aria-roledescription=\"slide\" aria-label=\"1 de 10\"><figure class=\"swiper-slide-inner\"><img decoding=\"async\" class=\"swiper-slide-image\" src=\"https:\/\/ledingco.com\/wp-content\/uploads\/2025\/12\/Fog-lamp-product-001-150x150.webp\" alt=\"Feu antibrouillard cylindrique jaune dot\u00e9 d&#039;une lentille de projecteur pour une meilleure visibilit\u00e9 par temps de brouillard\" \/><figcaption class=\"elementor-image-carousel-caption\">Feu de brouillard<\/figcaption><\/figure><\/div><div class=\"swiper-slide\" role=\"group\" aria-roledescription=\"slide\" aria-label=\"2 de 10\"><figure class=\"swiper-slide-inner\"><img decoding=\"async\" class=\"swiper-slide-image\" src=\"https:\/\/ledingco.com\/wp-content\/uploads\/2025\/12\/four-eye-laser-projector-lens-150x150.webp\" alt=\"Lentille de projecteur laser Four Eye con\u00e7ue pour les applications de phares automobiles, avec des \u00e9l\u00e9ments d&#039;\u00e9clairage laser en forme d&#039;\u0153il\" \/><figcaption class=\"elementor-image-carousel-caption\">Phare<\/figcaption><\/figure><\/div><div class=\"swiper-slide\" role=\"group\" aria-roledescription=\"slide\" aria-label=\"3 de 10\"><figure class=\"swiper-slide-inner\"><img decoding=\"async\" class=\"swiper-slide-image\" src=\"https:\/\/ledingco.com\/wp-content\/uploads\/2025\/12\/four-eye-pro-projector-lens-150x150.webp\" alt=\"Lentille de projecteur Four Eye Pro dot\u00e9e d&#039;\u00e9l\u00e9ments LED en forme d&#039;\u0153il, con\u00e7ue pour am\u00e9liorer les performances de l&#039;\u00e9clairage automobile\" \/><figcaption class=\"elementor-image-carousel-caption\">Phare<\/figcaption><\/figure><\/div><div class=\"swiper-slide\" role=\"group\" aria-roledescription=\"slide\" aria-label=\"4 de 10\"><figure class=\"swiper-slide-inner\"><img decoding=\"async\" class=\"swiper-slide-image\" src=\"https:\/\/ledingco.com\/wp-content\/uploads\/2025\/12\/grille-light-product001-150x150.webp\" alt=\"Produit d&#039;\u00e9clairage de calandre automobile pr\u00e9sentant un design LED mince pour l&#039;installation de la calandre\" \/><figcaption class=\"elementor-image-carousel-caption\">Feu de calandre<\/figcaption><\/figure><\/div><div class=\"swiper-slide\" role=\"group\" aria-roledescription=\"slide\" aria-label=\"5 sur 10\"><figure class=\"swiper-slide-inner\"><img decoding=\"async\" class=\"swiper-slide-image\" src=\"https:\/\/ledingco.com\/wp-content\/uploads\/2025\/12\/grille-light-product002-150x150.webp\" alt=\"Produit d&#039;\u00e9clairage de calandre automobile pr\u00e9sentant un design LED mince pour l&#039;installation de la calandre\" \/><figcaption class=\"elementor-image-carousel-caption\">Feu de calandre<\/figcaption><\/figure><\/div><div class=\"swiper-slide\" role=\"group\" aria-roledescription=\"slide\" aria-label=\"6 de 10\"><figure class=\"swiper-slide-inner\"><img decoding=\"async\" class=\"swiper-slide-image\" src=\"https:\/\/ledingco.com\/wp-content\/uploads\/2025\/12\/three-eye-laser-projector-lens-front-view-150x150.webp\" alt=\"Lentille de projecteur laser Three Eye con\u00e7ue pour les applications de phares automobiles, avec des \u00e9l\u00e9ments d&#039;\u00e9clairage laser en forme d&#039;\u0153il\" \/><figcaption class=\"elementor-image-carousel-caption\">Phare<\/figcaption><\/figure><\/div><div class=\"swiper-slide\" role=\"group\" aria-roledescription=\"slide\" aria-label=\"7 sur 10\"><figure class=\"swiper-slide-inner\"><img decoding=\"async\" class=\"swiper-slide-image\" src=\"https:\/\/ledingco.com\/wp-content\/uploads\/2025\/12\/projector-fog-lamp-product-001-150x150.webp\" alt=\"Image de produit d&#039;un feu antibrouillard projecteur montrant la conception de la lentille optique pour les applications d&#039;\u00e9clairage automobile\" \/><figcaption class=\"elementor-image-carousel-caption\">Feu de brouillard<\/figcaption><\/figure><\/div><div class=\"swiper-slide\" role=\"group\" aria-roledescription=\"slide\" aria-label=\"8 sur 10\"><figure class=\"swiper-slide-inner\"><img decoding=\"async\" class=\"swiper-slide-image\" src=\"https:\/\/ledingco.com\/wp-content\/uploads\/2025\/12\/suv-single-beam-spot-light-150x150.webp\" alt=\"Projecteur SUV \u00e0 faisceau unique con\u00e7u pour l&#039;\u00e9clairage de longue port\u00e9e et l&#039;\u00e9clairage auxiliaire de conduite\" \/><figcaption class=\"elementor-image-carousel-caption\">Spot light<\/figcaption><\/figure><\/div><div class=\"swiper-slide\" role=\"group\" aria-roledescription=\"slide\" aria-label=\"9 sur 10\"><figure class=\"swiper-slide-inner\"><img decoding=\"async\" class=\"swiper-slide-image\" src=\"https:\/\/ledingco.com\/wp-content\/uploads\/2025\/12\/three-eye-laser-projector-lens-150x150.webp\" alt=\"Lentille de projecteur laser Three Eye con\u00e7ue pour les applications de phares automobiles, avec des \u00e9l\u00e9ments d&#039;\u00e9clairage laser en forme d&#039;\u0153il\" \/><figcaption class=\"elementor-image-carousel-caption\">Phare<\/figcaption><\/figure><\/div><div class=\"swiper-slide\" role=\"group\" aria-roledescription=\"slide\" aria-label=\"10 sur 10\"><figure class=\"swiper-slide-inner\"><img decoding=\"async\" class=\"swiper-slide-image\" src=\"https:\/\/ledingco.com\/wp-content\/uploads\/2025\/12\/suv-spot-light-product-150x150.webp\" alt=\"Projecteur SUV con\u00e7u pour l&#039;\u00e9clairage tout-terrain et l&#039;\u00e9clairage auxiliaire de la conduite\" \/><figcaption class=\"elementor-image-carousel-caption\">Spot light<\/figcaption><\/figure><\/div>\t\t\t<\/div>\n\t\t\t\t\t\t\t\n\t\t\t\t\t\t\t\t\t<\/div>\n\t\t\t\t\t\t<\/div>\n\t\t\t\t<\/div>\n\t\t<div class=\"elementor-element elementor-element-b34fec1 e-flex e-con-boxed e-con e-parent\" data-id=\"b34fec1\" data-element_type=\"container\" data-e-type=\"container\">\n\t\t\t\t\t<div class=\"e-con-inner\">\n\t\t\t\t<div class=\"elementor-element elementor-element-9fc1268 elementor-widget__width-initial elementor-arrows-position-inside elementor-pagination-position-outside elementor-widget elementor-widget-image-carousel\" data-id=\"9fc1268\" data-element_type=\"widget\" data-e-type=\"widget\" data-settings=\"{&quot;navigation&quot;:&quot;both&quot;,&quot;autoplay&quot;:&quot;yes&quot;,&quot;pause_on_hover&quot;:&quot;yes&quot;,&quot;pause_on_interaction&quot;:&quot;yes&quot;,&quot;autoplay_speed&quot;:5000,&quot;infinite&quot;:&quot;yes&quot;,&quot;speed&quot;:500}\" data-widget_type=\"image-carousel.default\">\n\t\t\t\t\t\t\t<div class=\"elementor-image-carousel-wrapper swiper\" role=\"region\" aria-roledescription=\"carousel\" aria-label=\"Carrousel d&#039;images\" dir=\"ltr\">\n\t\t\t<div class=\"elementor-image-carousel swiper-wrapper\" aria-live=\"off\">\n\t\t\t\t\t\t\t\t<div class=\"swiper-slide\" role=\"group\" aria-roledescription=\"slide\" aria-label=\"1 de 7\"><figure class=\"swiper-slide-inner\"><img decoding=\"async\" class=\"swiper-slide-image\" src=\"https:\/\/ledingco.com\/wp-content\/uploads\/2025\/12\/audi-a7l-modification-finished-1024x512.webp\" alt=\"modification de l&#039;audi a7l termin\u00e9e\" \/><\/figure><\/div><div class=\"swiper-slide\" role=\"group\" aria-roledescription=\"slide\" aria-label=\"2 de 7\"><figure class=\"swiper-slide-inner\"><img decoding=\"async\" class=\"swiper-slide-image\" src=\"https:\/\/ledingco.com\/wp-content\/uploads\/2025\/12\/automotive-headlight-and-projector-lenses-desktop-1024x512.webp\" alt=\"lentilles de phares et de projecteurs automobiles desktop\" \/><\/figure><\/div><div class=\"swiper-slide\" role=\"group\" aria-roledescription=\"slide\" aria-label=\"3 de 7\"><figure class=\"swiper-slide-inner\"><img decoding=\"async\" class=\"swiper-slide-image\" src=\"https:\/\/ledingco.com\/wp-content\/uploads\/2025\/12\/five-lens-projector-headlight-desktop-1024x512.webp\" alt=\"Projecteur \u00e0 cinq lentilles de bureau\" \/><\/figure><\/div><div class=\"swiper-slide\" role=\"group\" aria-roledescription=\"slide\" aria-label=\"4 de 7\"><figure class=\"swiper-slide-inner\"><img decoding=\"async\" class=\"swiper-slide-image\" src=\"https:\/\/ledingco.com\/wp-content\/uploads\/2025\/12\/land-rover-headlight-modification-case-1024x512.webp\" alt=\"land rover headlight modification case\" \/><\/figure><\/div><div class=\"swiper-slide\" role=\"group\" aria-roledescription=\"slide\" aria-label=\"5 de 7\"><figure class=\"swiper-slide-inner\"><img decoding=\"async\" class=\"swiper-slide-image\" src=\"https:\/\/ledingco.com\/wp-content\/uploads\/2025\/12\/porsche-718-headlight-installation-1024x512.webp\" alt=\"porsche 718 installation des phares\" \/><\/figure><\/div><div class=\"swiper-slide\" role=\"group\" aria-roledescription=\"slide\" aria-label=\"6 de 7\"><figure class=\"swiper-slide-inner\"><img decoding=\"async\" class=\"swiper-slide-image\" src=\"https:\/\/ledingco.com\/wp-content\/uploads\/2025\/12\/porsche-718-headlight-upgrade-finished-1024x512.webp\" alt=\"porsche 718 - mise \u00e0 jour des phares termin\u00e9e\" \/><\/figure><\/div><div class=\"swiper-slide\" role=\"group\" aria-roledescription=\"slide\" aria-label=\"7 de 7\"><figure class=\"swiper-slide-inner\"><img decoding=\"async\" class=\"swiper-slide-image\" src=\"https:\/\/ledingco.com\/wp-content\/uploads\/2025\/12\/white-honda-urv-modification-finished-1-1024x512.webp\" alt=\"honda urv blanc modification termin\u00e9e\" \/><\/figure><\/div>\t\t\t<\/div>\n\t\t\t\t\t\t\t\t\t\t\t\t<div class=\"elementor-swiper-button elementor-swiper-button-prev\" role=\"button\" tabindex=\"0\">\n\t\t\t\t\t\t<svg aria-hidden=\"true\" class=\"e-font-icon-svg e-eicon-chevron-left\" viewbox=\"0 0 1000 1000\" xmlns=\"http:\/\/www.w3.org\/2000\/svg\"><path d=\"M646 125C629 125 613 133 604 142L308 442C296 454 292 471 292 487 292 504 296 521 308 533L604 854C617 867 629 875 646 875 663 875 679 871 692 858 704 846 713 829 713 812 713 796 708 779 692 767L438 487 692 225C700 217 708 204 708 187 708 171 704 154 692 142 675 129 663 125 646 125Z\"><\/path><\/svg>\t\t\t\t\t<\/div>\n\t\t\t\t\t<div class=\"elementor-swiper-button elementor-swiper-button-next\" role=\"button\" tabindex=\"0\">\n\t\t\t\t\t\t<svg aria-hidden=\"true\" class=\"e-font-icon-svg e-eicon-chevron-right\" viewbox=\"0 0 1000 1000\" xmlns=\"http:\/\/www.w3.org\/2000\/svg\"><path d=\"M696 533C708 521 713 504 713 487 713 471 708 454 696 446L400 146C388 133 375 125 354 125 338 125 325 129 313 142 300 154 292 171 292 187 292 204 296 221 308 233L563 492 304 771C292 783 288 800 288 817 288 833 296 850 308 863 321 871 338 875 354 875 371 875 388 867 400 854L696 533Z\"><\/path><\/svg>\t\t\t\t\t<\/div>\n\t\t\t\t\n\t\t\t\t\t\t\t\t\t<div class=\"swiper-pagination\"><\/div>\n\t\t\t\t\t\t\t\t\t<\/div>\n\t\t\t\t\t\t<\/div>\n\t\t\t\t\t<\/div>\n\t\t\t\t<\/div>\n\t\t\t\t<\/div>","protected":false},"excerpt":{"rendered":"<p>Our Products Home Products Product Types Frojector Headlights Fog Lights Grille Lights Spot Lights Fog light Headlight Headlight Grille Light Grille Light Headlight Fog light Spot light Headlight Spot light<\/p>","protected":false},"author":1,"featured_media":0,"parent":0,"menu_order":0,"comment_status":"closed","ping_status":"closed","template":"elementor_header_footer","meta":{"footnotes":""},"class_list":["post-228","page","type-page","status-publish","hentry"],"_links":{"self":[{"href":"https:\/\/ledingco.com\/fr\/wp-json\/wp\/v2\/pages\/228","targetHints":{"allow":["GET"]}}],"collection":[{"href":"https:\/\/ledingco.com\/fr\/wp-json\/wp\/v2\/pages"}],"about":[{"href":"https:\/\/ledingco.com\/fr\/wp-json\/wp\/v2\/types\/page"}],"author":[{"embeddable":true,"href":"https:\/\/ledingco.com\/fr\/wp-json\/wp\/v2\/users\/1"}],"replies":[{"embeddable":true,"href":"https:\/\/ledingco.com\/fr\/wp-json\/wp\/v2\/comments?post=228"}],"version-history":[{"count":409,"href":"https:\/\/ledingco.com\/fr\/wp-json\/wp\/v2\/pages\/228\/revisions"}],"predecessor-version":[{"id":9272,"href":"https:\/\/ledingco.com\/fr\/wp-json\/wp\/v2\/pages\/228\/revisions\/9272"}],"wp:attachment":[{"href":"https:\/\/ledingco.com\/fr\/wp-json\/wp\/v2\/media?parent=228"}],"curies":[{"name":"wp","href":"https:\/\/api.w.org\/{rel}","templated":true}]}}