{"id":2803,"date":"2025-12-03T07:00:44","date_gmt":"2025-12-03T07:00:44","guid":{"rendered":"https:\/\/ledingco.com\/?page_id=2803"},"modified":"2025-12-03T07:24:55","modified_gmt":"2025-12-03T07:24:55","slug":"politique-de-confidentialite","status":"publish","type":"page","link":"https:\/\/ledingco.com\/fr\/privacy-policy\/","title":{"rendered":"Politique de confidentialit\u00e9"},"content":{"rendered":"<div data-elementor-type=\"wp-page\" data-elementor-id=\"2803\" class=\"elementor elementor-2803\" data-elementor-post-type=\"page\">\n\t\t\t\t<div class=\"elementor-element elementor-element-cd2d705 e-flex e-con-boxed e-con e-parent\" data-id=\"cd2d705\" data-element_type=\"container\" data-e-type=\"container\" data-settings=\"{&quot;background_background&quot;:&quot;classic&quot;}\">\n\t\t\t\t\t<div class=\"e-con-inner\">\n\t\t\t\t<div class=\"elementor-element elementor-element-153279b elementor-widget__width-inherit elementor-invisible elementor-widget elementor-widget-heading\" data-id=\"153279b\" data-element_type=\"widget\" data-e-type=\"widget\" data-settings=\"{&quot;_animation&quot;:&quot;fadeIn&quot;}\" data-widget_type=\"heading.default\">\n\t\t\t\t\t<h2 class=\"elementor-heading-title elementor-size-default\">Politique de confidentialit\u00e9<\/h2>\t\t\t\t<\/div>\n\t\t\t\t<div class=\"elementor-element elementor-element-9855688 elementor-icon-list--layout-inline elementor-align-center elementor-list-item-link-full_width elementor-invisible elementor-widget elementor-widget-icon-list\" data-id=\"9855688\" data-element_type=\"widget\" data-e-type=\"widget\" data-settings=\"{&quot;_animation&quot;:&quot;fadeIn&quot;,&quot;_animation_delay&quot;:200}\" data-widget_type=\"icon-list.default\">\n\t\t\t\t\t\t\t<ul class=\"elementor-icon-list-items elementor-inline-items\">\n\t\t\t\t\t\t\t<li class=\"elementor-icon-list-item elementor-inline-item\">\n\t\t\t\t\t\t\t\t\t\t\t<a href=\"#\">\n\n\t\t\t\t\t\t\t\t\t\t\t<span class=\"elementor-icon-list-text\">Accueil<\/span>\n\t\t\t\t\t\t\t\t\t\t\t<\/a>\n\t\t\t\t\t\t\t\t\t<\/li>\n\t\t\t\t\t\t\t\t<li class=\"elementor-icon-list-item elementor-inline-item\">\n\t\t\t\t\t\t\t\t\t\t\t<a href=\"https:\/\/ledingco.com\/fr\/privacy-policy\/\">\n\n\t\t\t\t\t\t\t\t\t\t\t\t<span class=\"elementor-icon-list-icon\">\n\t\t\t\t\t\t\t<i aria-hidden=\"true\" class=\"icon icon-arrow-right\"><\/i>\t\t\t\t\t\t<\/span>\n\t\t\t\t\t\t\t\t\t\t<span class=\"elementor-icon-list-text\">Politique de confidentialit\u00e9<\/span>\n\t\t\t\t\t\t\t\t\t\t\t<\/a>\n\t\t\t\t\t\t\t\t\t<\/li>\n\t\t\t\t\t\t<\/ul>\n\t\t\t\t\t\t<\/div>\n\t\t\t\t\t<\/div>\n\t\t\t\t<\/div>\n\t\t<div class=\"elementor-element elementor-element-5169c23 e-flex e-con-boxed e-con e-parent\" data-id=\"5169c23\" data-element_type=\"container\" data-e-type=\"container\">\n\t\t\t\t\t<div class=\"e-con-inner\">\n\t\t\t\t<div class=\"elementor-element elementor-element-ecd4e2e elementor-widget elementor-widget-text-editor\" data-id=\"ecd4e2e\" data-element_type=\"widget\" data-e-type=\"widget\" data-widget_type=\"text-editor.default\">\n\t\t\t\t\t\t\t\t\t<p data-start=\"112\" data-end=\"144\"><em data-start=\"112\" data-end=\"144\">Derni\u00e8re mise \u00e0 jour : 3 d\u00e9cembre 2025<\/em><\/p><p data-start=\"146\" data-end=\"393\">Nous vous remercions de votre visite sur notre site web. Nous appr\u00e9cions votre confiance et nous nous engageons \u00e0 prot\u00e9ger vos informations personnelles. La pr\u00e9sente politique de confidentialit\u00e9 explique comment nous collectons, utilisons, divulguons et prot\u00e9geons vos donn\u00e9es lorsque vous acc\u00e9dez \u00e0 notre site web ou utilisez nos services.<\/p><hr data-start=\"395\" data-end=\"398\" \/><h3 data-start=\"400\" data-end=\"432\">1. Les informations que nous collectons<\/h3><h4 data-start=\"434\" data-end=\"478\">1.1 Informations personnelles que vous fournissez<\/h4><p data-start=\"479\" data-end=\"547\">Lorsque vous remplissez un formulaire ou que vous nous contactez, il se peut que vous fournissiez volontairement des informations :<\/p><ul data-start=\"548\" data-end=\"669\"><li data-start=\"548\" data-end=\"556\"><p data-start=\"550\" data-end=\"556\">Nom<\/p><\/li><li data-start=\"557\" data-end=\"574\"><p data-start=\"559\" data-end=\"574\">Adresse \u00e9lectronique<\/p><\/li><li data-start=\"575\" data-end=\"591\"><p data-start=\"577\" data-end=\"591\">Num\u00e9ro de t\u00e9l\u00e9phone<\/p><\/li><li data-start=\"592\" data-end=\"615\"><p data-start=\"594\" data-end=\"615\">Informations sur l'entreprise<\/p><\/li><li data-start=\"616\" data-end=\"669\"><p data-start=\"618\" data-end=\"669\">Toute autre information soumise par le biais de nos formulaires<\/p><\/li><\/ul><h4 data-start=\"671\" data-end=\"718\">1.2 Informations collect\u00e9es automatiquement<\/h4><p data-start=\"719\" data-end=\"777\">Lorsque vous naviguez sur notre site web, nous pouvons collecter automatiquement des donn\u00e9es :<\/p><ul data-start=\"778\" data-end=\"915\"><li data-start=\"778\" data-end=\"792\"><p data-start=\"780\" data-end=\"792\">Adresse IP<\/p><\/li><li data-start=\"793\" data-end=\"821\"><p data-start=\"795\" data-end=\"821\">Type et version du navigateur<\/p><\/li><li data-start=\"822\" data-end=\"844\"><p data-start=\"824\" data-end=\"844\">Informations sur l'appareil<\/p><\/li><li data-start=\"845\" data-end=\"877\"><p data-start=\"847\" data-end=\"877\">Pages visit\u00e9es et temps pass\u00e9<\/p><\/li><li data-start=\"878\" data-end=\"915\"><p data-start=\"880\" data-end=\"915\">Cookies et technologies de suivi<\/p><\/li><\/ul><hr data-start=\"917\" data-end=\"920\" \/><h3 data-start=\"922\" data-end=\"959\">2. Comment nous utilisons vos informations<\/h3><p data-start=\"960\" data-end=\"1000\">Nous pouvons utiliser les informations collect\u00e9es pour :<\/p><ul data-start=\"1001\" data-end=\"1269\"><li data-start=\"1001\" data-end=\"1047\"><p data-start=\"1003\" data-end=\"1047\">Fournir, exploiter et am\u00e9liorer nos services<\/p><\/li><li data-start=\"1048\" data-end=\"1101\"><p data-start=\"1050\" data-end=\"1101\">R\u00e9pondre aux demandes de renseignements et fournir une assistance \u00e0 la client\u00e8le<\/p><\/li><li data-start=\"1102\" data-end=\"1166\"><p data-start=\"1104\" data-end=\"1166\">Envoyer des mises \u00e0 jour, des messages marketing ou des notifications importantes<\/p><\/li><li data-start=\"1167\" data-end=\"1213\"><p data-start=\"1169\" data-end=\"1213\">Analyser les performances du site et le comportement des utilisateurs<\/p><\/li><li data-start=\"1214\" data-end=\"1269\"><p data-start=\"1216\" data-end=\"1269\">Maintenir la s\u00e9curit\u00e9 et pr\u00e9venir les activit\u00e9s frauduleuses<\/p><\/li><\/ul><hr data-start=\"1271\" data-end=\"1274\" \/><h3 data-start=\"1276\" data-end=\"1317\">3. Cookies et technologies de suivi<\/h3><p data-start=\"1318\" data-end=\"1361\">Nous utilisons des cookies et des technologies similaires pour :<\/p><ul data-start=\"1362\" data-end=\"1492\"><li data-start=\"1362\" data-end=\"1395\"><p data-start=\"1364\" data-end=\"1395\">Am\u00e9liorer la fonctionnalit\u00e9 du site web<\/p><\/li><li data-start=\"1396\" data-end=\"1423\"><p data-start=\"1398\" data-end=\"1423\">Am\u00e9liorer l'exp\u00e9rience des utilisateurs<\/p><\/li><li data-start=\"1424\" data-end=\"1462\"><p data-start=\"1426\" data-end=\"1462\">Analyser le trafic et les sch\u00e9mas d'utilisation<\/p><\/li><li data-start=\"1463\" data-end=\"1492\"><p data-start=\"1465\" data-end=\"1492\">M\u00e9morisez vos pr\u00e9f\u00e9rences<\/p><\/li><\/ul><p data-start=\"1494\" data-end=\"1588\">Vous pouvez d\u00e9sactiver les cookies dans les param\u00e8tres de votre navigateur, mais certaines fonctions risquent de ne pas fonctionner correctement.<\/p><hr data-start=\"1590\" data-end=\"1593\" \/><h3 data-start=\"1595\" data-end=\"1634\">4. Comment nous partageons vos informations<\/h3><p data-start=\"1635\" data-end=\"1731\">Nous <strong data-start=\"1638\" data-end=\"1662\">ne pas vendre ou \u00e9changer<\/strong> vos donn\u00e9es personnelles.<br data-start=\"1682\" data-end=\"1685\" \/>Les informations ne peuvent \u00eatre partag\u00e9es qu'en cas de n\u00e9cessit\u00e9 :<\/p><ul data-start=\"1732\" data-end=\"1899\"><li data-start=\"1732\" data-end=\"1815\"><p data-start=\"1734\" data-end=\"1815\">Avec des fournisseurs de services tiers de confiance (h\u00e9bergement, analyse, services de courrier \u00e9lectronique)<\/p><\/li><li data-start=\"1816\" data-end=\"1852\"><p data-start=\"1818\" data-end=\"1852\">Respecter les obligations l\u00e9gales<\/p><\/li><li data-start=\"1853\" data-end=\"1899\"><p data-start=\"1855\" data-end=\"1899\">Prot\u00e9ger notre site web, nos utilisateurs ou nos biens<\/p><\/li><\/ul><p data-start=\"1901\" data-end=\"1989\">Tous les prestataires de services doivent respecter des directives strictes en mati\u00e8re de confidentialit\u00e9 et de protection des donn\u00e9es.<\/p><hr data-start=\"1991\" data-end=\"1994\" \/><h3 data-start=\"1996\" data-end=\"2019\">5. S\u00e9curit\u00e9 des donn\u00e9es<\/h3><p data-start=\"2020\" data-end=\"2243\">Nous mettons en \u0153uvre des mesures de s\u00e9curit\u00e9 conformes aux normes industrielles pour prot\u00e9ger vos informations.<br data-start=\"2097\" data-end=\"2100\" \/>Toutefois, il faut savoir qu'aucune transmission de donn\u00e9es en ligne n'est 100% s\u00e9curis\u00e9e.<br data-start=\"2175\" data-end=\"2178\" \/>Nous continuerons \u00e0 prendre des mesures raisonnables pour prot\u00e9ger vos donn\u00e9es.<\/p><hr data-start=\"2245\" data-end=\"2248\" \/><h3 data-start=\"2250\" data-end=\"2271\">6. Vos droits<\/h3><p data-start=\"2272\" data-end=\"2324\">Selon votre r\u00e9gion, vous pouvez avoir le droit de.. :<\/p><ul data-start=\"2325\" data-end=\"2493\"><li data-start=\"2325\" data-end=\"2354\"><p data-start=\"2327\" data-end=\"2354\">Acc\u00e9der \u00e0 vos donn\u00e9es personnelles<\/p><\/li><li data-start=\"2355\" data-end=\"2389\"><p data-start=\"2357\" data-end=\"2389\">Corriger les informations inexactes<\/p><\/li><li data-start=\"2390\" data-end=\"2423\"><p data-start=\"2392\" data-end=\"2423\">Demander la suppression de vos donn\u00e9es<\/p><\/li><li data-start=\"2424\" data-end=\"2463\"><p data-start=\"2426\" data-end=\"2463\">Refuser les communications marketing<\/p><\/li><li data-start=\"2464\" data-end=\"2493\"><p data-start=\"2466\" data-end=\"2493\">G\u00e9rer les pr\u00e9f\u00e9rences en mati\u00e8re de cookies<\/p><\/li><\/ul><p data-start=\"2495\" data-end=\"2565\">Pour exercer ces droits, veuillez nous contacter aux coordonn\u00e9es ci-dessous.<\/p><hr data-start=\"2567\" data-end=\"2570\" \/><h3 data-start=\"2572\" data-end=\"2599\">7. Liens avec des tiers<\/h3><p data-start=\"2600\" data-end=\"2719\">Notre site web peut contenir des liens vers des sites web de tiers.<br data-start=\"2654\" data-end=\"2657\" \/>Nous ne sommes pas responsables de leurs pratiques en mati\u00e8re de confidentialit\u00e9 ou de leur contenu.<\/p><hr data-start=\"2721\" data-end=\"2724\" \/><h3>8. Vie priv\u00e9e des enfants<\/h3><p data-start=\"2755\" data-end=\"2873\">Notre site web et nos services sont <strong data-start=\"2784\" data-end=\"2822\">ne s'adresse pas aux enfants de moins de 13 ans<\/strong>.<br data-start=\"2823\" data-end=\"2826\" \/>Nous ne collectons pas sciemment des donn\u00e9es sur les enfants.<\/p><hr data-start=\"2875\" data-end=\"2878\" \/><h3 data-start=\"2880\" data-end=\"2912\">9. Modifications de la pr\u00e9sente politique<\/h3><p data-start=\"2913\" data-end=\"3034\">Nous pouvons mettre \u00e0 jour la pr\u00e9sente politique de confidentialit\u00e9 de temps \u00e0 autre.<br data-start=\"2965\" data-end=\"2968\" \/>Les mises \u00e0 jour seront publi\u00e9es sur cette page avec une date de r\u00e9vision actualis\u00e9e.<\/p><hr data-start=\"3036\" data-end=\"3039\" \/><h3 data-start=\"3041\" data-end=\"3062\">10. Nous contacter<\/h3><p data-start=\"3063\" data-end=\"3166\">Si vous avez des questions sur la pr\u00e9sente politique de confidentialit\u00e9 ou si vous souhaitez demander des actions sur les donn\u00e9es, veuillez nous contacter :<\/p><p data-start=\"3168\" data-end=\"3339\"><strong data-start=\"3168\" data-end=\"3178\">Courriel :<\/strong> <a class=\"decorated-link cursor-pointer\" rel=\"noopener\" data-start=\"3179\" data-end=\"3196\">info@ledingco.com<\/a><br data-start=\"3196\" data-end=\"3199\" \/><strong data-start=\"3199\" data-end=\"3211\">Adresse :<\/strong> 507B, 5th Floor, Block A, Longfor Hongqiao Paradise Walk,&lt;br&gt;District de Minhang, Shanghai, Chine<br data-start=\"3306\" data-end=\"3309\" \/><strong data-start=\"3309\" data-end=\"3319\">T\u00e9l\u00e9phone :<\/strong> +86 181 1759 7935<\/p>\t\t\t\t\t\t\t\t<\/div>\n\t\t\t\t\t<\/div>\n\t\t\t\t<\/div>\n\t\t\t\t<\/div>","protected":false},"excerpt":{"rendered":"<p>Privacy Policy Home Privacy Policy Last Updated: December 3, 2025 Thank you for visiting our website. We value your trust and are committed to protecting your personal information. This Privacy Policy explains how we collect, use, disclose, and safeguard your data when you access our website or use our services. 1. Information We Collect 1.1 [&hellip;]<\/p>\n","protected":false},"author":1,"featured_media":0,"parent":0,"menu_order":0,"comment_status":"closed","ping_status":"closed","template":"","meta":{"footnotes":""},"class_list":["post-2803","page","type-page","status-publish","hentry"],"_links":{"self":[{"href":"https:\/\/ledingco.com\/fr\/wp-json\/wp\/v2\/pages\/2803","targetHints":{"allow":["GET"]}}],"collection":[{"href":"https:\/\/ledingco.com\/fr\/wp-json\/wp\/v2\/pages"}],"about":[{"href":"https:\/\/ledingco.com\/fr\/wp-json\/wp\/v2\/types\/page"}],"author":[{"embeddable":true,"href":"https:\/\/ledingco.com\/fr\/wp-json\/wp\/v2\/users\/1"}],"replies":[{"embeddable":true,"href":"https:\/\/ledingco.com\/fr\/wp-json\/wp\/v2\/comments?post=2803"}],"version-history":[{"count":49,"href":"https:\/\/ledingco.com\/fr\/wp-json\/wp\/v2\/pages\/2803\/revisions"}],"predecessor-version":[{"id":2861,"href":"https:\/\/ledingco.com\/fr\/wp-json\/wp\/v2\/pages\/2803\/revisions\/2861"}],"wp:attachment":[{"href":"https:\/\/ledingco.com\/fr\/wp-json\/wp\/v2\/media?parent=2803"}],"curies":[{"name":"wp","href":"https:\/\/api.w.org\/{rel}","templated":true}]}}