{"id":2854,"date":"2025-12-03T07:24:15","date_gmt":"2025-12-03T07:24:15","guid":{"rendered":"https:\/\/ledingco.com\/?page_id=2854"},"modified":"2025-12-03T07:31:25","modified_gmt":"2025-12-03T07:31:25","slug":"termes-et-services","status":"publish","type":"page","link":"https:\/\/ledingco.com\/fr\/terms-services\/","title":{"rendered":"Conditions d'utilisation"},"content":{"rendered":"<div data-elementor-type=\"wp-page\" data-elementor-id=\"2854\" class=\"elementor elementor-2854\" data-elementor-post-type=\"page\">\n\t\t\t\t<div class=\"elementor-element elementor-element-1947800 e-flex e-con-boxed e-con e-parent\" data-id=\"1947800\" data-element_type=\"container\" data-e-type=\"container\" data-settings=\"{&quot;background_background&quot;:&quot;classic&quot;}\">\n\t\t\t\t\t<div class=\"e-con-inner\">\n\t\t\t\t<div class=\"elementor-element elementor-element-0083c83 elementor-widget__width-inherit elementor-invisible elementor-widget elementor-widget-heading\" data-id=\"0083c83\" data-element_type=\"widget\" data-e-type=\"widget\" data-settings=\"{&quot;_animation&quot;:&quot;fadeIn&quot;}\" data-widget_type=\"heading.default\">\n\t\t\t\t\t<h2 class=\"elementor-heading-title elementor-size-default\">Conditions d'utilisation<\/h2>\t\t\t\t<\/div>\n\t\t\t\t<div class=\"elementor-element elementor-element-a2082b7 elementor-icon-list--layout-inline elementor-align-center elementor-list-item-link-full_width elementor-invisible elementor-widget elementor-widget-icon-list\" data-id=\"a2082b7\" data-element_type=\"widget\" data-e-type=\"widget\" data-settings=\"{&quot;_animation&quot;:&quot;fadeIn&quot;,&quot;_animation_delay&quot;:200}\" data-widget_type=\"icon-list.default\">\n\t\t\t\t\t\t\t<ul class=\"elementor-icon-list-items elementor-inline-items\">\n\t\t\t\t\t\t\t<li class=\"elementor-icon-list-item elementor-inline-item\">\n\t\t\t\t\t\t\t\t\t\t\t<a href=\"#\">\n\n\t\t\t\t\t\t\t\t\t\t\t<span class=\"elementor-icon-list-text\">Accueil<\/span>\n\t\t\t\t\t\t\t\t\t\t\t<\/a>\n\t\t\t\t\t\t\t\t\t<\/li>\n\t\t\t\t\t\t\t\t<li class=\"elementor-icon-list-item elementor-inline-item\">\n\t\t\t\t\t\t\t\t\t\t\t<a href=\"https:\/\/ledingco.com\/fr\/terms-services\/\">\n\n\t\t\t\t\t\t\t\t\t\t\t\t<span class=\"elementor-icon-list-icon\">\n\t\t\t\t\t\t\t<i aria-hidden=\"true\" class=\"icon icon-arrow-right\"><\/i>\t\t\t\t\t\t<\/span>\n\t\t\t\t\t\t\t\t\t\t<span class=\"elementor-icon-list-text\">Conditions d'utilisation<\/span>\n\t\t\t\t\t\t\t\t\t\t\t<\/a>\n\t\t\t\t\t\t\t\t\t<\/li>\n\t\t\t\t\t\t<\/ul>\n\t\t\t\t\t\t<\/div>\n\t\t\t\t\t<\/div>\n\t\t\t\t<\/div>\n\t\t<div class=\"elementor-element elementor-element-dcbbc5d e-flex e-con-boxed e-con e-parent\" data-id=\"dcbbc5d\" data-element_type=\"container\" data-e-type=\"container\">\n\t\t\t\t\t<div class=\"e-con-inner\">\n\t\t\t\t<div class=\"elementor-element elementor-element-36501f9 elementor-widget elementor-widget-text-editor\" data-id=\"36501f9\" data-element_type=\"widget\" data-e-type=\"widget\" data-widget_type=\"text-editor.default\">\n\t\t\t\t\t\t\t\t\t<p data-start=\"127\" data-end=\"162\"><strong data-start=\"127\" data-end=\"162\">Derni\u00e8re mise \u00e0 jour : 10 f\u00e9vrier 2025<\/strong><\/p><p data-start=\"164\" data-end=\"345\">Bienvenue chez LEDINGCO. En acc\u00e9dant ou en utilisant notre site web, nos produits ou nos services, vous acceptez de vous conformer aux conditions et services suivants. Veuillez les lire attentivement avant de poursuivre.<\/p><hr data-start=\"347\" data-end=\"350\" \/><h3 data-start=\"352\" data-end=\"381\">1. Acceptation des conditions<\/h3><p data-start=\"382\" data-end=\"543\">En utilisant notre site web ou en faisant des affaires avec LEDINGCO, vous reconnaissez que vous avez lu, compris et accept\u00e9 d'\u00eatre li\u00e9 par ces conditions et services.<\/p><p data-start=\"545\" data-end=\"661\">Si vous n'\u00eates pas d'accord avec une partie de ces conditions, veuillez cesser imm\u00e9diatement d'utiliser notre site web ou nos services.<\/p><hr data-start=\"663\" data-end=\"666\" \/><h3 data-start=\"668\" data-end=\"692\">2. Champ d'activit\u00e9<\/h3><p data-start=\"693\" data-end=\"717\">LEDINGCO est sp\u00e9cialis\u00e9e dans :<\/p><ul data-start=\"718\" data-end=\"901\"><li data-start=\"718\" data-end=\"770\"><p data-start=\"720\" data-end=\"770\">Fabrication OEM de modules d'\u00e9clairage automobile<\/p><\/li><li data-start=\"771\" data-end=\"806\"><p data-start=\"773\" data-end=\"806\">Partenariats de distribution de marques<\/p><\/li><li data-start=\"807\" data-end=\"859\"><p data-start=\"809\" data-end=\"859\">Fourniture en gros de produits d'\u00e9clairage automobile<\/p><\/li><li data-start=\"860\" data-end=\"901\"><p data-start=\"862\" data-end=\"901\">Commandes de production en petites s\u00e9ries ou sur mesure<\/p><\/li><\/ul><p data-start=\"903\" data-end=\"980\">Tous les services et produits sont destin\u00e9s \u00e0 <strong data-start=\"946\" data-end=\"974\">les clients professionnels (B2B)<\/strong> seulement.<\/p><hr data-start=\"982\" data-end=\"985\" \/><h3 data-start=\"987\" data-end=\"1036\">3. Contenu du site web et propri\u00e9t\u00e9 intellectuelle<\/h3><p data-start=\"1037\" data-end=\"1175\">Tout le contenu de ce site Web - y compris les textes, les images, les d\u00e9tails des produits, les marques et les dessins - est la propri\u00e9t\u00e9 de LEDINGCO ou de ses conc\u00e9dants de licence.<\/p><p data-start=\"1177\" data-end=\"1189\">Vous ne pouvez pas :<\/p><ul data-start=\"1190\" data-end=\"1363\"><li data-start=\"1190\" data-end=\"1268\"><p data-start=\"1192\" data-end=\"1268\">Copier, modifier, distribuer ou reproduire tout contenu sans autorisation \u00e9crite.<\/p><\/li><li data-start=\"1269\" data-end=\"1363\"><p data-start=\"1271\" data-end=\"1363\">utiliser nos marques, noms de produits ou images \u00e0 des fins commerciales sans autorisation<\/p><\/li><\/ul><p data-start=\"1365\" data-end=\"1409\">Toute utilisation non autoris\u00e9e peut donner lieu \u00e0 des poursuites judiciaires.<\/p><hr data-start=\"1411\" data-end=\"1414\" \/><h3 data-start=\"1416\" data-end=\"1460\">4. Informations sur les produits et leur disponibilit\u00e9<\/h3><p data-start=\"1461\" data-end=\"1526\">Nous nous effor\u00e7ons de garantir l'exactitude de toutes les informations relatives aux produits. Cependant, nous ne sommes pas en mesure de garantir l'exactitude de toutes les informations relatives aux produits :<\/p><ul data-start=\"1527\" data-end=\"1746\"><li data-start=\"1527\" data-end=\"1611\"><p data-start=\"1529\" data-end=\"1611\">Les sp\u00e9cifications peuvent \u00eatre modifi\u00e9es sans pr\u00e9avis dans le cadre de l'am\u00e9lioration continue.<\/p><\/li><li data-start=\"1612\" data-end=\"1655\"><p data-start=\"1614\" data-end=\"1655\">La disponibilit\u00e9 des produits peut varier selon les r\u00e9gions<\/p><\/li><li data-start=\"1656\" data-end=\"1746\"><p data-start=\"1658\" data-end=\"1746\">LEDINGCO n'est pas responsable des erreurs, omissions ou informations obsol\u00e8tes sur le site.<\/p><\/li><\/ul><p data-start=\"1748\" data-end=\"1811\">Pour obtenir les derniers d\u00e9tails, veuillez contacter directement notre \u00e9quipe de vente.<\/p><hr data-start=\"1813\" data-end=\"1816\" \/><h3>5. Commandes et paiements<\/h3><p data-start=\"1846\" data-end=\"1916\">En passant une commande, vous acceptez les conditions de paiement de LEDINGCO, y compris :<\/p><ul data-start=\"1917\" data-end=\"2064\"><li data-start=\"1917\" data-end=\"1973\"><p data-start=\"1919\" data-end=\"1973\">100% pr\u00e9pay\u00e9 ou d\u00e9p\u00f4t partiel bas\u00e9 sur la valeur de la commande<\/p><\/li><li data-start=\"1974\" data-end=\"2064\"><p data-start=\"1976\" data-end=\"2064\">M\u00e9thodes de paiement accept\u00e9es : Virement bancaire, PingPong, WorldFirst (comptes r\u00e9cepteurs locaux)<\/p><\/li><\/ul><p data-start=\"2066\" data-end=\"2133\">LEDINGCO se r\u00e9serve le droit d'annuler ou de refuser des commandes en cas de :<\/p><ul data-start=\"2134\" data-end=\"2221\"><li data-start=\"2134\" data-end=\"2155\"><p data-start=\"2136\" data-end=\"2155\">Tarification incorrecte<\/p><\/li><li data-start=\"2156\" data-end=\"2188\"><p data-start=\"2158\" data-end=\"2188\">Informations invalides sur le client<\/p><\/li><li data-start=\"2189\" data-end=\"2221\"><p data-start=\"2191\" data-end=\"2221\">Impossibilit\u00e9 de traiter le paiement<\/p><\/li><\/ul><hr data-start=\"2223\" data-end=\"2226\" \/><h3 data-start=\"2228\" data-end=\"2257\">6. Exp\u00e9dition et livraison<\/h3><ul data-start=\"2258\" data-end=\"2470\"><li data-start=\"2258\" data-end=\"2326\"><p data-start=\"2260\" data-end=\"2326\">Les conditions d'exp\u00e9dition suivent les Incoterms convenus (EXW, FOB, CIF, etc.).<\/p><\/li><li data-start=\"2327\" data-end=\"2378\"><p data-start=\"2329\" data-end=\"2378\">Les dates de livraison sont des estimations et ne sont pas garanties<\/p><\/li><li data-start=\"2379\" data-end=\"2470\"><p data-start=\"2381\" data-end=\"2470\">LEDINGCO n'est pas responsable des retards caus\u00e9s par les transporteurs, les douanes ou des facteurs externes.<\/p><\/li><\/ul><p data-start=\"2472\" data-end=\"2554\">Le risque de perte est transf\u00e9r\u00e9 \u00e0 l'acheteur d\u00e8s que les marchandises sont remises au transporteur.<\/p><hr data-start=\"2556\" data-end=\"2559\" \/><h3 data-start=\"2561\" data-end=\"2588\">7. Garantie et r\u00e9clamations<\/h3><p data-start=\"2589\" data-end=\"2673\">Nos produits sont couverts par des conditions de garantie standard, comme convenu dans le contrat de vente.<\/p><p data-start=\"2675\" data-end=\"2699\">La garantie ne couvre pas :<\/p><ul data-start=\"2700\" data-end=\"2841\"><li data-start=\"2700\" data-end=\"2725\"><p data-start=\"2702\" data-end=\"2725\">Installation incorrecte<\/p><\/li><li data-start=\"2726\" data-end=\"2755\"><p data-start=\"2728\" data-end=\"2755\">Modification non autoris\u00e9e<\/p><\/li><li data-start=\"2756\" data-end=\"2841\"><p data-start=\"2758\" data-end=\"2841\">Dommages caus\u00e9s par une mauvaise utilisation, des accidents ou des conditions d'utilisation non conformes aux sp\u00e9cifications<\/p><\/li><\/ul><p data-start=\"2843\" data-end=\"2873\">Les demandes doivent \u00eatre soumises avec :<\/p><ul data-start=\"2874\" data-end=\"2955\"><li data-start=\"2874\" data-end=\"2890\"><p data-start=\"2876\" data-end=\"2890\">Num\u00e9ro de commande<\/p><\/li><li data-start=\"2891\" data-end=\"2919\"><p data-start=\"2893\" data-end=\"2919\">Description du probl\u00e8me<\/p><\/li><li data-start=\"2920\" data-end=\"2955\"><p data-start=\"2922\" data-end=\"2955\">Images ou vid\u00e9os pour l'\u00e9valuation<\/p><\/li><\/ul><hr data-start=\"2957\" data-end=\"2960\" \/><h3 data-start=\"2962\" data-end=\"2995\">8. Limitation de la responsabilit\u00e9<\/h3><p data-start=\"2996\" data-end=\"3035\">Dans toute la mesure permise par la loi :<\/p><ul data-start=\"3036\" data-end=\"3195\"><li data-start=\"3036\" data-end=\"3113\"><p data-start=\"3038\" data-end=\"3113\">LEDINGCO n'est pas responsable des dommages indirects, accessoires ou cons\u00e9cutifs.<\/p><\/li><li data-start=\"3114\" data-end=\"3195\"><p data-start=\"3116\" data-end=\"3195\">La responsabilit\u00e9 totale n'exc\u00e8de pas le montant pay\u00e9 pour les produits en question<\/p><\/li><\/ul><hr data-start=\"3197\" data-end=\"3200\" \/><h3 data-start=\"3202\" data-end=\"3229\">9. Liens avec des tiers<\/h3><p data-start=\"3230\" data-end=\"3311\">Notre site web peut contenir des liens vers des sites externes. LEDINGCO n'est pas responsable de :<\/p><ul data-start=\"3312\" data-end=\"3374\"><li data-start=\"3312\" data-end=\"3321\"><p data-start=\"3314\" data-end=\"3321\">Contenu<\/p><\/li><li data-start=\"3322\" data-end=\"3332\"><p data-start=\"3324\" data-end=\"3332\">Politiques<\/p><\/li><li data-start=\"3333\" data-end=\"3374\"><p data-start=\"3335\" data-end=\"3374\">S\u00e9curit\u00e9<br data-start=\"3343\" data-end=\"3346\" \/>des sites web de tiers.<\/p><\/li><\/ul><hr data-start=\"3376\" data-end=\"3379\" \/><h3 data-start=\"3381\" data-end=\"3406\">10. Politique de protection de la vie priv\u00e9e<\/h3><p data-start=\"3407\" data-end=\"3531\">Votre utilisation de ce site web est \u00e9galement r\u00e9gie par notre <strong data-start=\"3456\" data-end=\"3474\">Politique de confidentialit\u00e9<\/strong>, qui explique comment nous recueillons et utilisons vos informations.<\/p><hr data-start=\"3533\" data-end=\"3536\" \/><h3 data-start=\"3538\" data-end=\"3565\">11. Modifications des conditions<\/h3><p data-start=\"3566\" data-end=\"3730\">LEDINGCO se r\u00e9serve le droit de mettre \u00e0 jour ou de modifier ces termes et services \u00e0 tout moment. Les versions mises \u00e0 jour seront affich\u00e9es sur cette page avec une date de \u201cderni\u00e8re mise \u00e0 jour\u201d r\u00e9vis\u00e9e.<\/p><p data-start=\"3732\" data-end=\"3795\">La poursuite de l'utilisation du site web implique l'acceptation de toutes les modifications.<\/p><hr data-start=\"3797\" data-end=\"3800\" \/><h3 data-start=\"3802\" data-end=\"3823\">12. Nous contacter<\/h3><p data-start=\"3824\" data-end=\"3890\">Pour toute question concernant ces conditions et services, veuillez nous contacter :<\/p><p data-start=\"3892\" data-end=\"4073\">\ud83d\udce7 <strong data-start=\"3895\" data-end=\"3905\">Courriel :<\/strong> <a class=\"decorated-link cursor-pointer\" rel=\"noopener\" data-start=\"3906\" data-end=\"3923\">info@ledingco.com<\/a><br data-start=\"3923\" data-end=\"3926\" \/>\ud83d\udcde <strong data-start=\"3929\" data-end=\"3939\">T\u00e9l\u00e9phone :<\/strong> +86 181 1759 7935<br data-start=\"3957\" data-end=\"3960\" \/>\ud83d\udccd <strong data-start=\"3963\" data-end=\"3975\">Adresse : <\/strong>507B, 5th Floor, Block A, Longfor Hongqiao Paradise Walk, Minhang District, Shanghai, Chine<\/p>\t\t\t\t\t\t\t\t<\/div>\n\t\t\t\t\t<\/div>\n\t\t\t\t<\/div>\n\t\t\t\t<\/div>","protected":false},"excerpt":{"rendered":"<p>Terms &amp; Services Home Terms &amp; Services Last Updated: February 10, 2025 Welcome to LEDINGCO. By accessing or using our website, products, or services, you agree to comply with the following Terms &amp; Services. Please read them carefully before proceeding. 1. Acceptance of Terms By using our website or engaging in any business with LEDINGCO, [&hellip;]<\/p>\n","protected":false},"author":1,"featured_media":0,"parent":0,"menu_order":0,"comment_status":"closed","ping_status":"closed","template":"","meta":{"footnotes":""},"class_list":["post-2854","page","type-page","status-publish","hentry"],"_links":{"self":[{"href":"https:\/\/ledingco.com\/fr\/wp-json\/wp\/v2\/pages\/2854","targetHints":{"allow":["GET"]}}],"collection":[{"href":"https:\/\/ledingco.com\/fr\/wp-json\/wp\/v2\/pages"}],"about":[{"href":"https:\/\/ledingco.com\/fr\/wp-json\/wp\/v2\/types\/page"}],"author":[{"embeddable":true,"href":"https:\/\/ledingco.com\/fr\/wp-json\/wp\/v2\/users\/1"}],"replies":[{"embeddable":true,"href":"https:\/\/ledingco.com\/fr\/wp-json\/wp\/v2\/comments?post=2854"}],"version-history":[{"count":58,"href":"https:\/\/ledingco.com\/fr\/wp-json\/wp\/v2\/pages\/2854\/revisions"}],"predecessor-version":[{"id":2915,"href":"https:\/\/ledingco.com\/fr\/wp-json\/wp\/v2\/pages\/2854\/revisions\/2915"}],"wp:attachment":[{"href":"https:\/\/ledingco.com\/fr\/wp-json\/wp\/v2\/media?parent=2854"}],"curies":[{"name":"wp","href":"https:\/\/api.w.org\/{rel}","templated":true}]}}