{"id":1993,"date":"2025-12-01T08:25:46","date_gmt":"2025-12-01T08:25:46","guid":{"rendered":"https:\/\/ledingco.com\/?page_id=1993"},"modified":"2025-12-30T09:34:28","modified_gmt":"2025-12-30T09:34:28","slug":"dich-vu-cua-chung-toi","status":"publish","type":"page","link":"https:\/\/ledingco.com\/vi\/our-services\/","title":{"rendered":"D\u1ecbch v\u1ee5 c\u1ee7a ch\u00fang t\u00f4i"},"content":{"rendered":"<div data-elementor-type=\"wp-page\" data-elementor-id=\"1993\" class=\"elementor elementor-1993\" data-elementor-post-type=\"page\">\n\t\t\t\t<div class=\"elementor-element elementor-element-3cf3a5b8 e-flex e-con-boxed e-con e-parent\" data-id=\"3cf3a5b8\" data-element_type=\"container\" data-e-type=\"container\" data-settings=\"{&quot;background_background&quot;:&quot;classic&quot;}\">\n\t\t\t\t\t<div class=\"e-con-inner\">\n\t\t\t\t<div class=\"elementor-element elementor-element-4ea3d391 elementor-widget__width-inherit elementor-invisible elementor-widget elementor-widget-heading\" data-id=\"4ea3d391\" data-element_type=\"widget\" data-e-type=\"widget\" data-settings=\"{&quot;_animation&quot;:&quot;fadeIn&quot;}\" data-widget_type=\"heading.default\">\n\t\t\t\t\t<h2 class=\"elementor-heading-title elementor-size-default\">D\u1ecbch v\u1ee5 c\u1ee7a ch\u00fang t\u00f4i<\/h2>\t\t\t\t<\/div>\n\t\t\t\t<div class=\"elementor-element elementor-element-7e8f8f0e elementor-icon-list--layout-inline elementor-align-center elementor-list-item-link-full_width elementor-invisible elementor-widget elementor-widget-icon-list\" data-id=\"7e8f8f0e\" data-element_type=\"widget\" data-e-type=\"widget\" data-settings=\"{&quot;_animation&quot;:&quot;fadeIn&quot;,&quot;_animation_delay&quot;:200}\" data-widget_type=\"icon-list.default\">\n\t\t\t\t\t\t\t<ul class=\"elementor-icon-list-items elementor-inline-items\">\n\t\t\t\t\t\t\t<li class=\"elementor-icon-list-item elementor-inline-item\">\n\t\t\t\t\t\t\t\t\t\t\t<a href=\"https:\/\/ledingco.com\/vi\">\n\n\t\t\t\t\t\t\t\t\t\t\t<span class=\"elementor-icon-list-text\">Trang ch\u1ee7<\/span>\n\t\t\t\t\t\t\t\t\t\t\t<\/a>\n\t\t\t\t\t\t\t\t\t<\/li>\n\t\t\t\t\t\t\t\t<li class=\"elementor-icon-list-item elementor-inline-item\">\n\t\t\t\t\t\t\t\t\t\t\t<a href=\"https:\/\/ledingco.com\/vi\/our-services\/\">\n\n\t\t\t\t\t\t\t\t\t\t\t\t<span class=\"elementor-icon-list-icon\">\n\t\t\t\t\t\t\t<i aria-hidden=\"true\" class=\"icon icon-arrow-right\"><\/i>\t\t\t\t\t\t<\/span>\n\t\t\t\t\t\t\t\t\t\t<span class=\"elementor-icon-list-text\">D\u1ecbch v\u1ee5 c\u1ee7a ch\u00fang t\u00f4i<\/span>\n\t\t\t\t\t\t\t\t\t\t\t<\/a>\n\t\t\t\t\t\t\t\t\t<\/li>\n\t\t\t\t\t\t<\/ul>\n\t\t\t\t\t\t<\/div>\n\t\t\t\t\t<\/div>\n\t\t\t\t<\/div>\n\t\t<div class=\"elementor-element elementor-element-86bdc3a e-flex e-con-boxed e-con e-parent\" data-id=\"86bdc3a\" data-element_type=\"container\" data-e-type=\"container\" data-settings=\"{&quot;background_background&quot;:&quot;classic&quot;}\">\n\t\t\t\t\t<div class=\"e-con-inner\">\n\t\t\t\t<div class=\"elementor-element elementor-element-6e1af26 elementor-widget elementor-widget-heading\" data-id=\"6e1af26\" data-element_type=\"widget\" data-e-type=\"widget\" data-widget_type=\"heading.default\">\n\t\t\t\t\t<h2 class=\"elementor-heading-title elementor-size-default\">Gi\u1ea3i ph\u00e1p chuy\u00ean nghi\u1ec7p cho \u0111\u1ed1i t\u00e1c trong l\u0129nh v\u1ef1c chi\u1ebfu s\u00e1ng \u00f4 t\u00f4<\/h2>\t\t\t\t<\/div>\n\t\t<div class=\"elementor-element elementor-element-14604f12 e-con-full e-flex e-con e-child\" data-id=\"14604f12\" data-element_type=\"container\" data-e-type=\"container\">\n\t\t<div class=\"elementor-element elementor-element-6dbe653f e-con-full e-flex e-con e-child\" data-id=\"6dbe653f\" data-element_type=\"container\" data-e-type=\"container\">\n\t\t\t\t<div class=\"elementor-element elementor-element-1790c293 elementor-cta--layout-image-above elementor-widget__width-inherit elementor-widget-tablet__width-inherit elementor-cta--skin-classic elementor-animated-content elementor-bg-transform elementor-bg-transform-zoom-in elementor-widget elementor-widget-call-to-action\" data-id=\"1790c293\" data-element_type=\"widget\" data-e-type=\"widget\" data-widget_type=\"call-to-action.default\">\n\t\t\t\t\t\t\t<div class=\"elementor-cta\">\n\t\t\t\t\t<div class=\"elementor-cta__bg-wrapper\">\n\t\t\t\t<div class=\"elementor-cta__bg elementor-bg\" style=\"background-image: url(https:\/\/ledingco.com\/wp-content\/uploads\/2025\/12\/oem-automotive-lighting-manufacturing-907x1024.webp);\" role=\"img\" aria-label=\"Nh\u00e0 m\u00e1y s\u1ea3n xu\u1ea5t OEM chuy\u00ean cung c\u1ea5p d\u1ecbch v\u1ee5 s\u1ea3n xu\u1ea5t \u0111\u00e8n \u00f4 t\u00f4 t\u00f9y ch\u1ec9nh v\u1edbi ch\u1ea5t l\u01b0\u1ee3ng \u0111\u00e1ng tin c\u1eady v\u00e0 th\u1eddi gian giao h\u00e0ng nhanh ch\u00f3ng.\"><\/div>\n\t\t\t\t<div class=\"elementor-cta__bg-overlay\"><\/div>\n\t\t\t<\/div>\n\t\t\t\t\t\t\t<div class=\"elementor-cta__content\">\n\t\t\t\t\n\t\t\t\t\t\t\t\t\t<h2 class=\"elementor-cta__title elementor-cta__content-item elementor-content-item\">\n\t\t\t\t\t\tS\u1ea3n xu\u1ea5t theo \u0111\u01a1n \u0111\u1eb7t h\u00e0ng (OEM)\t\t\t\t\t<\/h2>\n\t\t\t\t\n\t\t\t\t\t\t\t\t\t<div class=\"elementor-cta__description elementor-cta__content-item elementor-content-item\">\n\t\t\t\t\t\tCh\u00fang t\u00f4i cung c\u1ea5p d\u1ecbch v\u1ee5 OEM chuy\u00ean nghi\u1ec7p, cung c\u1ea5p s\u1ea3n xu\u1ea5t theo y\u00eau c\u1ea7u d\u1ef1a tr\u00ean c\u00e1c th\u00f4ng s\u1ed1 k\u1ef9 thu\u1eadt c\u1ee7a qu\u00fd kh\u00e1ch, \u0111\u1ea3m b\u1ea3o ch\u1ea5t l\u01b0\u1ee3ng \u0111\u00e1ng tin c\u1eady v\u00e0 giao h\u00e0ng nhanh ch\u00f3ng.\t\t\t\t\t<\/div>\n\t\t\t\t\n\t\t\t\t\t\t\t<\/div>\n\t\t\t\t\t\t<\/div>\n\t\t\t\t\t\t<\/div>\n\t\t\t\t<\/div>\n\t\t<div class=\"elementor-element elementor-element-48a3ad6e e-con-full e-flex e-con e-child\" data-id=\"48a3ad6e\" data-element_type=\"container\" data-e-type=\"container\">\n\t\t\t\t<div class=\"elementor-element elementor-element-2b0558a2 elementor-cta--layout-image-above elementor-widget__width-inherit elementor-cta--skin-classic elementor-animated-content elementor-bg-transform elementor-bg-transform-zoom-in elementor-widget elementor-widget-call-to-action\" data-id=\"2b0558a2\" data-element_type=\"widget\" data-e-type=\"widget\" data-widget_type=\"call-to-action.default\">\n\t\t\t\t\t\t\t<div class=\"elementor-cta\">\n\t\t\t\t\t<div class=\"elementor-cta__bg-wrapper\">\n\t\t\t\t<div class=\"elementor-cta__bg elementor-bg\" style=\"background-image: url(https:\/\/ledingco.com\/wp-content\/uploads\/2025\/12\/automotive-lighting-brand-distribution-banner-907x1024.webp);\" role=\"img\" aria-label=\"Ph\u00e2n ph\u1ed1i th\u01b0\u01a1ng hi\u1ec7u \u0111\u00e8n \u00f4 t\u00f4\"><\/div>\n\t\t\t\t<div class=\"elementor-cta__bg-overlay\"><\/div>\n\t\t\t<\/div>\n\t\t\t\t\t\t\t<div class=\"elementor-cta__content\">\n\t\t\t\t\n\t\t\t\t\t\t\t\t\t<h2 class=\"elementor-cta__title elementor-cta__content-item elementor-content-item\">\n\t\t\t\t\t\tPh\u00e2n ph\u1ed1i th\u01b0\u01a1ng hi\u1ec7u\t\t\t\t\t<\/h2>\n\t\t\t\t\n\t\t\t\t\t\t\t\t\t<div class=\"elementor-cta__description elementor-cta__content-item elementor-content-item\">\n\t\t\t\t\t\tH\u00e3y tr\u1edf th\u00e0nh \u0111\u1ed1i t\u00e1c ph\u00e2n ph\u1ed1i ch\u00ednh th\u1ee9c c\u1ee7a ch\u00fang t\u00f4i. Ch\u00fang t\u00f4i cung c\u1ea5p ngu\u1ed3n h\u00e0ng \u1ed5n \u0111\u1ecbnh, h\u1ed7 tr\u1ee3 ti\u1ebfp th\u1ecb v\u00e0 gi\u00e1 c\u1ea3 c\u1ea1nh tranh \u0111\u1ec3 gi\u00fap b\u1ea1n m\u1edf r\u1ed9ng th\u1ecb tr\u01b0\u1eddng.\t\t\t\t\t<\/div>\n\t\t\t\t\n\t\t\t\t\t\t\t<\/div>\n\t\t\t\t\t\t<\/div>\n\t\t\t\t\t\t<\/div>\n\t\t\t\t<\/div>\n\t\t<div class=\"elementor-element elementor-element-63bce459 e-con-full e-flex e-con e-child\" data-id=\"63bce459\" data-element_type=\"container\" data-e-type=\"container\">\n\t\t\t\t<div class=\"elementor-element elementor-element-1e2732f2 elementor-cta--layout-image-above elementor-widget__width-inherit elementor-cta--skin-classic elementor-animated-content elementor-bg-transform elementor-bg-transform-zoom-in elementor-widget elementor-widget-call-to-action\" data-id=\"1e2732f2\" data-element_type=\"widget\" data-e-type=\"widget\" data-widget_type=\"call-to-action.default\">\n\t\t\t\t\t\t\t<div class=\"elementor-cta\">\n\t\t\t\t\t<div class=\"elementor-cta__bg-wrapper\">\n\t\t\t\t<div class=\"elementor-cta__bg elementor-bg\" style=\"background-image: url(https:\/\/ledingco.com\/wp-content\/uploads\/2025\/12\/automotive-lighting-wholesale-supply-907x1024.webp);\" role=\"img\" aria-label=\"Cung c\u1ea5p s\u1ec9 \u0111\u00e8n \u00f4 t\u00f4\"><\/div>\n\t\t\t\t<div class=\"elementor-cta__bg-overlay\"><\/div>\n\t\t\t<\/div>\n\t\t\t\t\t\t\t<div class=\"elementor-cta__content\">\n\t\t\t\t\n\t\t\t\t\t\t\t\t\t<h2 class=\"elementor-cta__title elementor-cta__content-item elementor-content-item\">\n\t\t\t\t\t\tCung c\u1ea5p s\u1ec9\t\t\t\t\t<\/h2>\n\t\t\t\t\n\t\t\t\t\t\t\t\t\t<div class=\"elementor-cta__description elementor-cta__content-item elementor-content-item\">\n\t\t\t\t\t\tCh\u00fang t\u00f4i h\u1ed7 tr\u1ee3 mua h\u00e0ng s\u1ed1 l\u01b0\u1ee3ng l\u1edbn v\u1edbi gi\u00e1 s\u1ec9 c\u1ea1nh tranh, \u0111\u1ea3m b\u1ea3o ngu\u1ed3n h\u00e0ng \u1ed5n \u0111\u1ecbnh v\u00e0 quy tr\u00ecnh \u0111\u1eb7t h\u00e0ng linh ho\u1ea1t cho c\u00e1c nh\u00e0 b\u00e1n l\u1ebb v\u00e0 nh\u00e0 ph\u00e2n ph\u1ed1i.\t\t\t\t\t<\/div>\n\t\t\t\t\n\t\t\t\t\t\t\t<\/div>\n\t\t\t\t\t\t<\/div>\n\t\t\t\t\t\t<\/div>\n\t\t\t\t<\/div>\n\t\t<div class=\"elementor-element elementor-element-2066ce40 e-con-full e-flex e-con e-child\" data-id=\"2066ce40\" data-element_type=\"container\" data-e-type=\"container\">\n\t\t\t\t<div class=\"elementor-element elementor-element-390d3ed elementor-cta--layout-image-above elementor-widget__width-inherit elementor-cta--skin-classic elementor-animated-content elementor-bg-transform elementor-bg-transform-zoom-in elementor-widget elementor-widget-call-to-action\" data-id=\"390d3ed\" data-element_type=\"widget\" data-e-type=\"widget\" data-widget_type=\"call-to-action.default\">\n\t\t\t\t\t\t\t<div class=\"elementor-cta\">\n\t\t\t\t\t<div class=\"elementor-cta__bg-wrapper\">\n\t\t\t\t<div class=\"elementor-cta__bg elementor-bg\" style=\"background-image: url(https:\/\/ledingco.com\/wp-content\/uploads\/2025\/12\/small-batch-custom-automotive-lighting-907x1024.webp);\" role=\"img\" aria-label=\"D\u1ecbch v\u1ee5 chi\u1ebfu s\u00e1ng \u00f4 t\u00f4 t\u00f9y ch\u1ec9nh theo \u0111\u01a1n \u0111\u1eb7t h\u00e0ng nh\u1ecf cho c\u00e1c startup v\u00e0 d\u1ef1 \u00e1n \u0111\u1eb7c bi\u1ec7t, cung c\u1ea5p s\u1ea3n xu\u1ea5t linh ho\u1ea1t v\u1edbi s\u1ed1 l\u01b0\u1ee3ng \u0111\u1eb7t h\u00e0ng t\u1ed1i thi\u1ec3u (MOQ) th\u1ea5p.\"><\/div>\n\t\t\t\t<div class=\"elementor-cta__bg-overlay\"><\/div>\n\t\t\t<\/div>\n\t\t\t\t\t\t\t<div class=\"elementor-cta__content\">\n\t\t\t\t\n\t\t\t\t\t\t\t\t\t<h2 class=\"elementor-cta__title elementor-cta__content-item elementor-content-item\">\n\t\t\t\t\t\tS\u1ea3n xu\u1ea5t theo l\u00f4 nh\u1ecf theo y\u00eau c\u1ea7u\t\t\t\t\t<\/h2>\n\t\t\t\t\n\t\t\t\t\t\t\t\t\t<div class=\"elementor-cta__description elementor-cta__content-item elementor-content-item\">\n\t\t\t\t\t\tPh\u00f9 h\u1ee3p cho c\u00e1c startup ho\u1eb7c d\u1ef1 \u00e1n \u0111\u1eb7c bi\u1ec7t, ch\u00fang t\u00f4i cung c\u1ea5p d\u1ecbch v\u1ee5 t\u00f9y ch\u1ec9nh v\u1edbi s\u1ed1 l\u01b0\u1ee3ng \u0111\u1eb7t h\u00e0ng t\u1ed1i thi\u1ec3u (MOQ) th\u1ea5p, bao g\u1ed3m t\u1ed1i \u01b0u h\u00f3a thi\u1ebft k\u1ebf v\u00e0 s\u1ea3n xu\u1ea5t theo y\u00eau c\u1ea7u.\t\t\t\t\t<\/div>\n\t\t\t\t\n\t\t\t\t\t\t\t<\/div>\n\t\t\t\t\t\t<\/div>\n\t\t\t\t\t\t<\/div>\n\t\t\t\t<\/div>\n\t\t\t\t<\/div>\n\t\t\t\t\t<\/div>\n\t\t\t\t<\/div>\n\t\t<div class=\"elementor-element elementor-element-bee6415 e-con-full e-flex e-con e-parent\" data-id=\"bee6415\" data-element_type=\"container\" data-e-type=\"container\" data-settings=\"{&quot;background_background&quot;:&quot;classic&quot;}\">\n\t\t\t\t<div class=\"elementor-element elementor-element-45f87a5 elementor-widget elementor-widget-image-carousel\" data-id=\"45f87a5\" data-element_type=\"widget\" data-e-type=\"widget\" data-settings=\"{&quot;slides_to_show&quot;:&quot;8&quot;,&quot;slides_to_scroll&quot;:&quot;8&quot;,&quot;slides_to_scroll_tablet&quot;:&quot;4&quot;,&quot;navigation&quot;:&quot;none&quot;,&quot;image_spacing_custom&quot;:{&quot;unit&quot;:&quot;px&quot;,&quot;size&quot;:50,&quot;sizes&quot;:[]},&quot;image_spacing_custom_tablet&quot;:{&quot;unit&quot;:&quot;px&quot;,&quot;size&quot;:-300,&quot;sizes&quot;:[]},&quot;image_spacing_custom_mobile&quot;:{&quot;unit&quot;:&quot;px&quot;,&quot;size&quot;:-100,&quot;sizes&quot;:[]},&quot;autoplay&quot;:&quot;yes&quot;,&quot;pause_on_hover&quot;:&quot;yes&quot;,&quot;pause_on_interaction&quot;:&quot;yes&quot;,&quot;autoplay_speed&quot;:5000,&quot;infinite&quot;:&quot;yes&quot;,&quot;speed&quot;:500}\" data-widget_type=\"image-carousel.default\">\n\t\t\t\t\t\t\t<div class=\"elementor-image-carousel-wrapper swiper\" role=\"region\" aria-roledescription=\"carousel\" aria-label=\"B\u1ed9 s\u01b0u t\u1eadp h\u00ecnh \u1ea3nh\" dir=\"ltr\">\n\t\t\t<div class=\"elementor-image-carousel swiper-wrapper\" aria-live=\"off\">\n\t\t\t\t\t\t\t\t<div class=\"swiper-slide\" role=\"group\" aria-roledescription=\"slide\" aria-label=\"1 trong 10\"><figure class=\"swiper-slide-inner\"><img decoding=\"async\" class=\"swiper-slide-image\" src=\"https:\/\/ledingco.com\/wp-content\/uploads\/2025\/12\/Fog-lamp-product-001-150x150.webp\" alt=\"S\u1ea3n ph\u1ea9m \u0111\u00e8n s\u01b0\u01a1ng m\u00f9 h\u00ecnh tr\u1ee5 m\u00e0u v\u00e0ng v\u1edbi thi\u1ebft k\u1ebf \u1ed1ng k\u00ednh chi\u1ebfu s\u00e1ng, gi\u00fap c\u1ea3i thi\u1ec7n t\u1ea7m nh\u00ecn trong \u0111i\u1ec1u ki\u1ec7n s\u01b0\u01a1ng m\u00f9.\" \/><figcaption class=\"elementor-image-carousel-caption\">\u0110\u00e8n s\u01b0\u01a1ng m\u00f9<\/figcaption><\/figure><\/div><div class=\"swiper-slide\" role=\"group\" aria-roledescription=\"slide\" aria-label=\"2 trong 10\"><figure class=\"swiper-slide-inner\"><img decoding=\"async\" class=\"swiper-slide-image\" src=\"https:\/\/ledingco.com\/wp-content\/uploads\/2025\/12\/four-eye-laser-projector-lens-150x150.webp\" alt=\"\u1ed0ng k\u00ednh m\u00e1y chi\u1ebfu laser Four Eye \u0111\u01b0\u1ee3c thi\u1ebft k\u1ebf d\u00e0nh cho \u1ee9ng d\u1ee5ng \u0111\u00e8n pha \u00f4 t\u00f4, v\u1edbi c\u00e1c y\u1ebfu t\u1ed1 chi\u1ebfu s\u00e1ng laser ki\u1ec3u m\u1eaft.\" \/><figcaption class=\"elementor-image-carousel-caption\">\u0110\u00e8n pha<\/figcaption><\/figure><\/div><div class=\"swiper-slide\" role=\"group\" aria-roledescription=\"slide\" aria-label=\"3 trong 10\"><figure class=\"swiper-slide-inner\"><img decoding=\"async\" class=\"swiper-slide-image\" src=\"https:\/\/ledingco.com\/wp-content\/uploads\/2025\/12\/four-eye-pro-projector-lens-150x150.webp\" alt=\"\u1ed0ng k\u00ednh m\u00e1y chi\u1ebfu Four Eye Pro v\u1edbi c\u00e1c y\u1ebfu t\u1ed1 LED h\u00ecnh m\u1eaft, \u0111\u01b0\u1ee3c thi\u1ebft k\u1ebf \u0111\u1ec3 n\u00e2ng cao hi\u1ec7u su\u1ea5t chi\u1ebfu s\u00e1ng \u00f4 t\u00f4.\" \/><figcaption class=\"elementor-image-carousel-caption\">\u0110\u00e8n pha<\/figcaption><\/figure><\/div><div class=\"swiper-slide\" role=\"group\" aria-roledescription=\"slide\" aria-label=\"4 trong 10\"><figure class=\"swiper-slide-inner\"><img decoding=\"async\" class=\"swiper-slide-image\" src=\"https:\/\/ledingco.com\/wp-content\/uploads\/2025\/12\/grille-light-product001-150x150.webp\" alt=\"S\u1ea3n ph\u1ea9m \u0111\u00e8n l\u01b0\u1edbi t\u1ea3n nhi\u1ec7t \u00f4 t\u00f4 v\u1edbi thi\u1ebft k\u1ebf LED m\u1ecfng g\u1ecdn d\u00e0nh cho l\u1eafp \u0111\u1eb7t l\u01b0\u1edbi t\u1ea3n nhi\u1ec7t ph\u00eda tr\u01b0\u1edbc.\" \/><figcaption class=\"elementor-image-carousel-caption\">\u0110\u00e8n l\u01b0\u1edbi<\/figcaption><\/figure><\/div><div class=\"swiper-slide\" role=\"group\" aria-roledescription=\"slide\" aria-label=\"5 trong 10\"><figure class=\"swiper-slide-inner\"><img decoding=\"async\" class=\"swiper-slide-image\" src=\"https:\/\/ledingco.com\/wp-content\/uploads\/2025\/12\/grille-light-product002-150x150.webp\" alt=\"S\u1ea3n ph\u1ea9m \u0111\u00e8n l\u01b0\u1edbi t\u1ea3n nhi\u1ec7t \u00f4 t\u00f4 v\u1edbi thi\u1ebft k\u1ebf LED m\u1ecfng g\u1ecdn d\u00e0nh cho l\u1eafp \u0111\u1eb7t l\u01b0\u1edbi t\u1ea3n nhi\u1ec7t ph\u00eda tr\u01b0\u1edbc.\" \/><figcaption class=\"elementor-image-carousel-caption\">\u0110\u00e8n l\u01b0\u1edbi<\/figcaption><\/figure><\/div><div class=\"swiper-slide\" role=\"group\" aria-roledescription=\"slide\" aria-label=\"6 trong 10\"><figure class=\"swiper-slide-inner\"><img decoding=\"async\" class=\"swiper-slide-image\" src=\"https:\/\/ledingco.com\/wp-content\/uploads\/2025\/12\/three-eye-laser-projector-lens-front-view-150x150.webp\" alt=\"\u1ed0ng k\u00ednh m\u00e1y chi\u1ebfu laser ba m\u1eaft \u0111\u01b0\u1ee3c thi\u1ebft k\u1ebf d\u00e0nh cho \u1ee9ng d\u1ee5ng \u0111\u00e8n pha \u00f4 t\u00f4, v\u1edbi c\u00e1c y\u1ebfu t\u1ed1 chi\u1ebfu s\u00e1ng laser ki\u1ec3u m\u1eaft.\" \/><figcaption class=\"elementor-image-carousel-caption\">\u0110\u00e8n pha<\/figcaption><\/figure><\/div><div class=\"swiper-slide\" role=\"group\" aria-roledescription=\"slide\" aria-label=\"7 trong 10\"><figure class=\"swiper-slide-inner\"><img decoding=\"async\" class=\"swiper-slide-image\" src=\"https:\/\/ledingco.com\/wp-content\/uploads\/2025\/12\/projector-fog-lamp-product-001-150x150.webp\" alt=\"H\u00ecnh \u1ea3nh s\u1ea3n ph\u1ea9m \u0111\u00e8n s\u01b0\u01a1ng m\u00f9 chi\u1ebfu s\u00e1ng, th\u1ec3 hi\u1ec7n thi\u1ebft k\u1ebf \u1ed1ng k\u00ednh quang h\u1ecdc cho \u1ee9ng d\u1ee5ng chi\u1ebfu s\u00e1ng \u00f4 t\u00f4.\" \/><figcaption class=\"elementor-image-carousel-caption\">\u0110\u00e8n s\u01b0\u01a1ng m\u00f9<\/figcaption><\/figure><\/div><div class=\"swiper-slide\" role=\"group\" aria-roledescription=\"slide\" aria-label=\"8 trong 10\"><figure class=\"swiper-slide-inner\"><img decoding=\"async\" class=\"swiper-slide-image\" src=\"https:\/\/ledingco.com\/wp-content\/uploads\/2025\/12\/suv-single-beam-spot-light-150x150.webp\" alt=\"\u0110\u00e8n chi\u1ebfu s\u00e1ng \u0111i\u1ec3m m\u1ed9t ch\u00f9m d\u00e0nh cho xe SUV, \u0111\u01b0\u1ee3c thi\u1ebft k\u1ebf \u0111\u1ec3 chi\u1ebfu s\u00e1ng t\u1ea7m xa v\u00e0 h\u1ed7 tr\u1ee3 chi\u1ebfu s\u00e1ng khi l\u00e1i xe.\" \/><figcaption class=\"elementor-image-carousel-caption\">\u0110\u00e8n chi\u1ebfu s\u00e1ng<\/figcaption><\/figure><\/div><div class=\"swiper-slide\" role=\"group\" aria-roledescription=\"slide\" aria-label=\"9 trong 10\"><figure class=\"swiper-slide-inner\"><img decoding=\"async\" class=\"swiper-slide-image\" src=\"https:\/\/ledingco.com\/wp-content\/uploads\/2025\/12\/three-eye-laser-projector-lens-150x150.webp\" alt=\"\u1ed0ng k\u00ednh m\u00e1y chi\u1ebfu laser ba m\u1eaft \u0111\u01b0\u1ee3c thi\u1ebft k\u1ebf d\u00e0nh cho \u1ee9ng d\u1ee5ng \u0111\u00e8n pha \u00f4 t\u00f4, v\u1edbi c\u00e1c y\u1ebfu t\u1ed1 chi\u1ebfu s\u00e1ng laser ki\u1ec3u m\u1eaft.\" \/><figcaption class=\"elementor-image-carousel-caption\">\u0110\u00e8n pha<\/figcaption><\/figure><\/div><div class=\"swiper-slide\" role=\"group\" aria-roledescription=\"slide\" aria-label=\"10 tr\u00ean 10\"><figure class=\"swiper-slide-inner\"><img decoding=\"async\" class=\"swiper-slide-image\" src=\"https:\/\/ledingco.com\/wp-content\/uploads\/2025\/12\/suv-spot-light-product-150x150.webp\" alt=\"\u0110\u00e8n chi\u1ebfu s\u00e1ng chuy\u00ean d\u1ee5ng cho xe SUV, \u0111\u01b0\u1ee3c thi\u1ebft k\u1ebf d\u00e0nh cho \u0111i\u1ec1u ki\u1ec7n off-road v\u00e0 chi\u1ebfu s\u00e1ng h\u1ed7 tr\u1ee3 khi l\u00e1i xe.\" \/><figcaption class=\"elementor-image-carousel-caption\">\u0110\u00e8n chi\u1ebfu s\u00e1ng<\/figcaption><\/figure><\/div>\t\t\t<\/div>\n\t\t\t\t\t\t\t\n\t\t\t\t\t\t\t\t\t<\/div>\n\t\t\t\t\t\t<\/div>\n\t\t\t\t<\/div>\n\t\t<div class=\"elementor-element elementor-element-5bd528c e-flex e-con-boxed e-con e-parent\" data-id=\"5bd528c\" data-element_type=\"container\" data-e-type=\"container\" data-settings=\"{&quot;background_background&quot;:&quot;classic&quot;}\">\n\t\t\t\t\t<div class=\"e-con-inner\">\n\t\t<div class=\"elementor-element elementor-element-26dc3fa e-con-full e-flex elementor-invisible e-con e-child\" data-id=\"26dc3fa\" data-element_type=\"container\" data-e-type=\"container\" data-settings=\"{&quot;background_background&quot;:&quot;classic&quot;,&quot;animation&quot;:&quot;fadeIn&quot;}\">\n\t\t\t\t<div class=\"elementor-element elementor-element-f53cab1 elementor-widget-divider--view-line elementor-widget elementor-widget-divider\" data-id=\"f53cab1\" data-element_type=\"widget\" data-e-type=\"widget\" data-widget_type=\"divider.default\">\n\t\t\t\t\t\t\t<div class=\"elementor-divider\">\n\t\t\t<span class=\"elementor-divider-separator\">\n\t\t\t\t\t\t<\/span>\n\t\t<\/div>\n\t\t\t\t\t\t<\/div>\n\t\t\t\t<\/div>\n\t\t<div class=\"elementor-element elementor-element-92b9484 e-con-full e-flex e-con e-child\" data-id=\"92b9484\" data-element_type=\"container\" data-e-type=\"container\">\n\t\t\t\t<div class=\"elementor-element elementor-element-aca6fe5 elementor-widget__width-inherit elementor-invisible elementor-widget elementor-widget-text-editor\" data-id=\"aca6fe5\" data-element_type=\"widget\" data-e-type=\"widget\" data-settings=\"{&quot;_animation&quot;:&quot;fadeIn&quot;}\" data-widget_type=\"text-editor.default\">\n\t\t\t\t\t\t\t\t\t<p>Gi\u1edbi thi\u1ec7u v\u1ec1 ch\u00fang t\u00f4i<\/p>\t\t\t\t\t\t\t\t<\/div>\n\t\t\t\t<div class=\"elementor-element elementor-element-3864060 elementor-invisible elementor-widget elementor-widget-heading\" data-id=\"3864060\" data-element_type=\"widget\" data-e-type=\"widget\" data-settings=\"{&quot;_animation&quot;:&quot;fadeIn&quot;,&quot;_animation_delay&quot;:200}\" data-widget_type=\"heading.default\">\n\t\t\t\t\t<h2 class=\"elementor-heading-title elementor-size-default\">Nh\u00e0 s\u1ea3n xu\u1ea5t gi\u1ea3i ph\u00e1p chi\u1ebfu s\u00e1ng \u00f4 t\u00f4 ti\u00ean ti\u1ebfn<\/h2>\t\t\t\t<\/div>\n\t\t\t\t<div class=\"elementor-element elementor-element-8cf1ac3 elementor-invisible elementor-widget elementor-widget-text-editor\" data-id=\"8cf1ac3\" data-element_type=\"widget\" data-e-type=\"widget\" data-settings=\"{&quot;_animation&quot;:&quot;fadeIn&quot;,&quot;_animation_delay&quot;:400}\" data-widget_type=\"text-editor.default\">\n\t\t\t\t\t\t\t\t\t<p>C\u00f4ng ty TNHH V\u0103n h\u00f3a v\u00e0 Truy\u1ec1n th\u00f4ng Shanghai Chexiangai c\u00f3 tr\u1ee5 s\u1edf t\u1ea1i Th\u01b0\u1ee3ng H\u1ea3i, Trung Qu\u1ed1c, chuy\u00ean v\u1ec1 nghi\u00ean c\u1ee9u v\u00e0 ph\u00e1t tri\u1ec3n, s\u1ea3n xu\u1ea5t v\u00e0 ph\u00e2n ph\u1ed1i c\u00e1c s\u1ea3n ph\u1ea9m chi\u1ebfu s\u00e1ng \u00f4 t\u00f4. H\u1ea7u h\u1ebft c\u00e1c th\u00e0nh vi\u00ean ch\u1ee7 ch\u1ed1t c\u1ee7a \u0111\u1ed9i ng\u0169 ch\u00fang t\u00f4i \u0111\u00e3 c\u00f3 h\u01a1n 15 n\u0103m kinh nghi\u1ec7m trong ng\u00e0nh chi\u1ebfu s\u00e1ng \u00f4 t\u00f4 v\u00e0 th\u00f4ng qua qu\u00e1 tr\u00ecnh \u0111\u1ed5i m\u1edbi \u0111\u1ed9c l\u1eadp, \u0111\u00e3 n\u1eafm v\u1eefng c\u00e1c c\u00f4ng ngh\u1ec7 quang h\u1ecdc quan tr\u1ecdng cho h\u1ec7 th\u1ed1ng chi\u1ebfu s\u00e1ng \u00f4 t\u00f4.<\/p>\t\t\t\t\t\t\t\t<\/div>\n\t\t\t\t<div class=\"elementor-element elementor-element-6aade1b elementor-invisible elementor-widget elementor-widget-button\" data-id=\"6aade1b\" data-element_type=\"widget\" data-e-type=\"widget\" data-settings=\"{&quot;_animation&quot;:&quot;fadeIn&quot;,&quot;_animation_delay&quot;:600}\" data-widget_type=\"button.default\">\n\t\t\t\t\t\t\t\t\t\t<a class=\"elementor-button elementor-button-link elementor-size-sm\" href=\"https:\/\/ledingco.com\/vi\/about-us\/\">\n\t\t\t\t\t\t<span class=\"elementor-button-content-wrapper\">\n\t\t\t\t\t\t\t\t\t<span class=\"elementor-button-text\">T\u00ecm hi\u1ec3u th\u00eam<\/span>\n\t\t\t\t\t<\/span>\n\t\t\t\t\t<\/a>\n\t\t\t\t\t\t\t\t<\/div>\n\t\t\t\t<\/div>\n\t\t\t\t\t<\/div>\n\t\t\t\t<\/div>\n\t\t\t\t<\/div>","protected":false},"excerpt":{"rendered":"<p>Our Services Home Our Services Professional Solutions for Automotive Lighting Partners OEM Manufacturing We provide professional OEM services, offering customized production based on your specifications, ensuring reliable quality and fast delivery. Brand Distribution Partner with us as an authorized brand distributor. We offer stable supply, marketing support, and competitive pricing to grow your market. Wholesale [&hellip;]<\/p>\n","protected":false},"author":1,"featured_media":0,"parent":0,"menu_order":0,"comment_status":"closed","ping_status":"closed","template":"elementor_header_footer","meta":{"footnotes":""},"class_list":["post-1993","page","type-page","status-publish","hentry"],"_links":{"self":[{"href":"https:\/\/ledingco.com\/vi\/wp-json\/wp\/v2\/pages\/1993","targetHints":{"allow":["GET"]}}],"collection":[{"href":"https:\/\/ledingco.com\/vi\/wp-json\/wp\/v2\/pages"}],"about":[{"href":"https:\/\/ledingco.com\/vi\/wp-json\/wp\/v2\/types\/page"}],"author":[{"embeddable":true,"href":"https:\/\/ledingco.com\/vi\/wp-json\/wp\/v2\/users\/1"}],"replies":[{"embeddable":true,"href":"https:\/\/ledingco.com\/vi\/wp-json\/wp\/v2\/comments?post=1993"}],"version-history":[{"count":394,"href":"https:\/\/ledingco.com\/vi\/wp-json\/wp\/v2\/pages\/1993\/revisions"}],"predecessor-version":[{"id":6328,"href":"https:\/\/ledingco.com\/vi\/wp-json\/wp\/v2\/pages\/1993\/revisions\/6328"}],"wp:attachment":[{"href":"https:\/\/ledingco.com\/vi\/wp-json\/wp\/v2\/media?parent=1993"}],"curies":[{"name":"wp","href":"https:\/\/api.w.org\/{rel}","templated":true}]}}