{"id":2803,"date":"2025-12-03T07:00:44","date_gmt":"2025-12-03T07:00:44","guid":{"rendered":"https:\/\/ledingco.com\/?page_id=2803"},"modified":"2025-12-03T07:24:55","modified_gmt":"2025-12-03T07:24:55","slug":"chinh-sach-bao-mat","status":"publish","type":"page","link":"https:\/\/ledingco.com\/vi\/privacy-policy\/","title":{"rendered":"Ch\u00ednh s\u00e1ch b\u1ea3o m\u1eadt"},"content":{"rendered":"<div data-elementor-type=\"wp-page\" data-elementor-id=\"2803\" class=\"elementor elementor-2803\" data-elementor-post-type=\"page\">\n\t\t\t\t<div class=\"elementor-element elementor-element-cd2d705 e-flex e-con-boxed e-con e-parent\" data-id=\"cd2d705\" data-element_type=\"container\" data-e-type=\"container\" data-settings=\"{&quot;background_background&quot;:&quot;classic&quot;}\">\n\t\t\t\t\t<div class=\"e-con-inner\">\n\t\t\t\t<div class=\"elementor-element elementor-element-153279b elementor-widget__width-inherit elementor-invisible elementor-widget elementor-widget-heading\" data-id=\"153279b\" data-element_type=\"widget\" data-e-type=\"widget\" data-settings=\"{&quot;_animation&quot;:&quot;fadeIn&quot;}\" data-widget_type=\"heading.default\">\n\t\t\t\t\t<h2 class=\"elementor-heading-title elementor-size-default\">Ch\u00ednh s\u00e1ch b\u1ea3o m\u1eadt<\/h2>\t\t\t\t<\/div>\n\t\t\t\t<div class=\"elementor-element elementor-element-9855688 elementor-icon-list--layout-inline elementor-align-center elementor-list-item-link-full_width elementor-invisible elementor-widget elementor-widget-icon-list\" data-id=\"9855688\" data-element_type=\"widget\" data-e-type=\"widget\" data-settings=\"{&quot;_animation&quot;:&quot;fadeIn&quot;,&quot;_animation_delay&quot;:200}\" data-widget_type=\"icon-list.default\">\n\t\t\t\t\t\t\t<ul class=\"elementor-icon-list-items elementor-inline-items\">\n\t\t\t\t\t\t\t<li class=\"elementor-icon-list-item elementor-inline-item\">\n\t\t\t\t\t\t\t\t\t\t\t<a href=\"#\">\n\n\t\t\t\t\t\t\t\t\t\t\t<span class=\"elementor-icon-list-text\">Trang ch\u1ee7<\/span>\n\t\t\t\t\t\t\t\t\t\t\t<\/a>\n\t\t\t\t\t\t\t\t\t<\/li>\n\t\t\t\t\t\t\t\t<li class=\"elementor-icon-list-item elementor-inline-item\">\n\t\t\t\t\t\t\t\t\t\t\t<a href=\"https:\/\/ledingco.com\/vi\/privacy-policy\/\">\n\n\t\t\t\t\t\t\t\t\t\t\t\t<span class=\"elementor-icon-list-icon\">\n\t\t\t\t\t\t\t<i aria-hidden=\"true\" class=\"icon icon-arrow-right\"><\/i>\t\t\t\t\t\t<\/span>\n\t\t\t\t\t\t\t\t\t\t<span class=\"elementor-icon-list-text\">Ch\u00ednh s\u00e1ch b\u1ea3o m\u1eadt<\/span>\n\t\t\t\t\t\t\t\t\t\t\t<\/a>\n\t\t\t\t\t\t\t\t\t<\/li>\n\t\t\t\t\t\t<\/ul>\n\t\t\t\t\t\t<\/div>\n\t\t\t\t\t<\/div>\n\t\t\t\t<\/div>\n\t\t<div class=\"elementor-element elementor-element-5169c23 e-flex e-con-boxed e-con e-parent\" data-id=\"5169c23\" data-element_type=\"container\" data-e-type=\"container\">\n\t\t\t\t\t<div class=\"e-con-inner\">\n\t\t\t\t<div class=\"elementor-element elementor-element-ecd4e2e elementor-widget elementor-widget-text-editor\" data-id=\"ecd4e2e\" data-element_type=\"widget\" data-e-type=\"widget\" data-widget_type=\"text-editor.default\">\n\t\t\t\t\t\t\t\t\t<p data-start=\"112\" data-end=\"144\"><em data-start=\"112\" data-end=\"144\">C\u1eadp nh\u1eadt l\u1ea7n cu\u1ed1i: 3 th\u00e1ng 12 n\u0103m 2025<\/em><\/p><p data-start=\"146\" data-end=\"393\">C\u1ea3m \u01a1n qu\u00fd kh\u00e1ch \u0111\u00e3 gh\u00e9 th\u0103m trang web c\u1ee7a ch\u00fang t\u00f4i. Ch\u00fang t\u00f4i tr\u00e2n tr\u1ecdng s\u1ef1 tin t\u01b0\u1edfng c\u1ee7a qu\u00fd kh\u00e1ch v\u00e0 cam k\u1ebft b\u1ea3o v\u1ec7 th\u00f4ng tin c\u00e1 nh\u00e2n c\u1ee7a qu\u00fd kh\u00e1ch. Ch\u00ednh s\u00e1ch B\u1ea3o m\u1eadt n\u00e0y gi\u1ea3i th\u00edch c\u00e1ch ch\u00fang t\u00f4i thu th\u1eadp, s\u1eed d\u1ee5ng, chia s\u1ebb v\u00e0 b\u1ea3o v\u1ec7 d\u1eef li\u1ec7u c\u1ee7a qu\u00fd kh\u00e1ch khi qu\u00fd kh\u00e1ch truy c\u1eadp trang web c\u1ee7a ch\u00fang t\u00f4i ho\u1eb7c s\u1eed d\u1ee5ng d\u1ecbch v\u1ee5 c\u1ee7a ch\u00fang t\u00f4i.<\/p><hr data-start=\"395\" data-end=\"398\" \/><h3 data-start=\"400\" data-end=\"432\">1. Th\u00f4ng tin ch\u00fang t\u00f4i thu th\u1eadp<\/h3><h4 data-start=\"434\" data-end=\"478\">1.1 Th\u00f4ng tin c\u00e1 nh\u00e2n b\u1ea1n cung c\u1ea5p<\/h4><p data-start=\"479\" data-end=\"547\">Khi b\u1ea1n \u0111i\u1ec1n v\u00e0o bi\u1ec3u m\u1eabu ho\u1eb7c li\u00ean h\u1ec7 v\u1edbi ch\u00fang t\u00f4i, b\u1ea1n c\u00f3 th\u1ec3 t\u1ef1 nguy\u1ec7n cung c\u1ea5p:<\/p><ul data-start=\"548\" data-end=\"669\"><li data-start=\"548\" data-end=\"556\"><p data-start=\"550\" data-end=\"556\">T\u00ean<\/p><\/li><li data-start=\"557\" data-end=\"574\"><p data-start=\"559\" data-end=\"574\">\u0110\u1ecba ch\u1ec9 email<\/p><\/li><li data-start=\"575\" data-end=\"591\"><p data-start=\"577\" data-end=\"591\">S\u1ed1 \u0111i\u1ec7n tho\u1ea1i<\/p><\/li><li data-start=\"592\" data-end=\"615\"><p data-start=\"594\" data-end=\"615\">Th\u00f4ng tin c\u00f4ng ty<\/p><\/li><li data-start=\"616\" data-end=\"669\"><p data-start=\"618\" data-end=\"669\">B\u1ea5t k\u1ef3 th\u00f4ng tin n\u00e0o kh\u00e1c \u0111\u01b0\u1ee3c g\u1eedi qua c\u00e1c bi\u1ec3u m\u1eabu c\u1ee7a ch\u00fang t\u00f4i<\/p><\/li><\/ul><h4 data-start=\"671\" data-end=\"718\">1.2 Th\u00f4ng tin \u0111\u01b0\u1ee3c thu th\u1eadp t\u1ef1 \u0111\u1ed9ng<\/h4><p data-start=\"719\" data-end=\"777\">Khi b\u1ea1n truy c\u1eadp trang web c\u1ee7a ch\u00fang t\u00f4i, ch\u00fang t\u00f4i c\u00f3 th\u1ec3 t\u1ef1 \u0111\u1ed9ng thu th\u1eadp:<\/p><ul data-start=\"778\" data-end=\"915\"><li data-start=\"778\" data-end=\"792\"><p data-start=\"780\" data-end=\"792\">\u0110\u1ecba ch\u1ec9 IP<\/p><\/li><li data-start=\"793\" data-end=\"821\"><p data-start=\"795\" data-end=\"821\">Lo\u1ea1i tr\u00ecnh duy\u1ec7t v\u00e0 phi\u00ean b\u1ea3n<\/p><\/li><li data-start=\"822\" data-end=\"844\"><p data-start=\"824\" data-end=\"844\">Th\u00f4ng tin thi\u1ebft b\u1ecb<\/p><\/li><li data-start=\"845\" data-end=\"877\"><p data-start=\"847\" data-end=\"877\">S\u1ed1 trang \u0111\u00e3 truy c\u1eadp v\u00e0 th\u1eddi gian \u0111\u00e3 d\u00e0nh<\/p><\/li><li data-start=\"878\" data-end=\"915\"><p data-start=\"880\" data-end=\"915\">Cookie v\u00e0 c\u00f4ng ngh\u1ec7 theo d\u00f5i<\/p><\/li><\/ul><hr data-start=\"917\" data-end=\"920\" \/><h3 data-start=\"922\" data-end=\"959\">2. C\u00e1ch ch\u00fang t\u00f4i s\u1eed d\u1ee5ng th\u00f4ng tin c\u1ee7a b\u1ea1n<\/h3><p data-start=\"960\" data-end=\"1000\">Ch\u00fang t\u00f4i c\u00f3 th\u1ec3 s\u1eed d\u1ee5ng th\u00f4ng tin \u0111\u00e3 thu th\u1eadp \u0111\u1ec3:<\/p><ul data-start=\"1001\" data-end=\"1269\"><li data-start=\"1001\" data-end=\"1047\"><p data-start=\"1003\" data-end=\"1047\">Cung c\u1ea5p, v\u1eadn h\u00e0nh v\u00e0 n\u00e2ng cao ch\u1ea5t l\u01b0\u1ee3ng d\u1ecbch v\u1ee5 c\u1ee7a ch\u00fang t\u00f4i.<\/p><\/li><li data-start=\"1048\" data-end=\"1101\"><p data-start=\"1050\" data-end=\"1101\">Tr\u1ea3 l\u1eddi c\u00e1c c\u00e2u h\u1ecfi v\u00e0 cung c\u1ea5p h\u1ed7 tr\u1ee3 kh\u00e1ch h\u00e0ng<\/p><\/li><li data-start=\"1102\" data-end=\"1166\"><p data-start=\"1104\" data-end=\"1166\">G\u1eedi c\u1eadp nh\u1eadt, th\u00f4ng \u0111i\u1ec7p ti\u1ebfp th\u1ecb ho\u1eb7c th\u00f4ng b\u00e1o quan tr\u1ecdng.<\/p><\/li><li data-start=\"1167\" data-end=\"1213\"><p data-start=\"1169\" data-end=\"1213\">Ph\u00e2n t\u00edch hi\u1ec7u su\u1ea5t trang web v\u00e0 h\u00e0nh vi ng\u01b0\u1eddi d\u00f9ng<\/p><\/li><li data-start=\"1214\" data-end=\"1269\"><p data-start=\"1216\" data-end=\"1269\">B\u1ea3o \u0111\u1ea3m an ninh v\u00e0 ng\u0103n ch\u1eb7n c\u00e1c ho\u1ea1t \u0111\u1ed9ng gian l\u1eadn.<\/p><\/li><\/ul><hr data-start=\"1271\" data-end=\"1274\" \/><h3 data-start=\"1276\" data-end=\"1317\">3. Cookie v\u00e0 C\u00f4ng ngh\u1ec7 theo d\u00f5i<\/h3><p data-start=\"1318\" data-end=\"1361\">Ch\u00fang t\u00f4i s\u1eed d\u1ee5ng cookie v\u00e0 c\u00e1c c\u00f4ng ngh\u1ec7 t\u01b0\u01a1ng t\u1ef1 \u0111\u1ec3:<\/p><ul data-start=\"1362\" data-end=\"1492\"><li data-start=\"1362\" data-end=\"1395\"><p data-start=\"1364\" data-end=\"1395\">N\u00e2ng cao t\u00ednh n\u0103ng c\u1ee7a trang web<\/p><\/li><li data-start=\"1396\" data-end=\"1423\"><p data-start=\"1398\" data-end=\"1423\">C\u1ea3i thi\u1ec7n tr\u1ea3i nghi\u1ec7m ng\u01b0\u1eddi d\u00f9ng<\/p><\/li><li data-start=\"1424\" data-end=\"1462\"><p data-start=\"1426\" data-end=\"1462\">Ph\u00e2n t\u00edch l\u01b0u l\u01b0\u1ee3ng truy c\u1eadp v\u00e0 m\u00f4 h\u00ecnh s\u1eed d\u1ee5ng<\/p><\/li><li data-start=\"1463\" data-end=\"1492\"><p data-start=\"1465\" data-end=\"1492\">H\u00e3y nh\u1edb c\u00e1c t\u00f9y ch\u1ecdn c\u1ee7a b\u1ea1n<\/p><\/li><\/ul><p data-start=\"1494\" data-end=\"1588\">B\u1ea1n c\u00f3 th\u1ec3 t\u1eaft cookie trong c\u00e0i \u0111\u1eb7t tr\u00ecnh duy\u1ec7t c\u1ee7a m\u00ecnh, nh\u01b0ng m\u1ed9t s\u1ed1 t\u00ednh n\u0103ng c\u00f3 th\u1ec3 kh\u00f4ng ho\u1ea1t \u0111\u1ed9ng \u0111\u00fang c\u00e1ch.<\/p><hr data-start=\"1590\" data-end=\"1593\" \/><h3 data-start=\"1595\" data-end=\"1634\">4. C\u00e1ch ch\u00fang t\u00f4i chia s\u1ebb th\u00f4ng tin c\u1ee7a b\u1ea1n<\/h3><p data-start=\"1635\" data-end=\"1731\">Ch\u00fang t\u00f4i <strong data-start=\"1638\" data-end=\"1662\">Kh\u00f4ng \u0111\u01b0\u1ee3c b\u00e1n ho\u1eb7c trao \u0111\u1ed5i.<\/strong> Th\u00f4ng tin c\u00e1 nh\u00e2n c\u1ee7a b\u1ea1n.<br data-start=\"1682\" data-end=\"1685\" \/>Th\u00f4ng tin ch\u1ec9 \u0111\u01b0\u1ee3c chia s\u1ebb khi th\u1eadt s\u1ef1 c\u1ea7n thi\u1ebft:<\/p><ul data-start=\"1732\" data-end=\"1899\"><li data-start=\"1732\" data-end=\"1815\"><p data-start=\"1734\" data-end=\"1815\">V\u1edbi c\u00e1c nh\u00e0 cung c\u1ea5p d\u1ecbch v\u1ee5 b\u00ean th\u1ee9 ba \u0111\u00e1ng tin c\u1eady (d\u1ecbch v\u1ee5 l\u01b0u tr\u1eef, ph\u00e2n t\u00edch, d\u1ecbch v\u1ee5 email)<\/p><\/li><li data-start=\"1816\" data-end=\"1852\"><p data-start=\"1818\" data-end=\"1852\">\u0110\u1ec3 tu\u00e2n th\u1ee7 c\u00e1c ngh\u0129a v\u1ee5 ph\u00e1p l\u00fd<\/p><\/li><li data-start=\"1853\" data-end=\"1899\"><p data-start=\"1855\" data-end=\"1899\">\u0110\u1ec3 b\u1ea3o v\u1ec7 trang web, ng\u01b0\u1eddi d\u00f9ng ho\u1eb7c t\u00e0i s\u1ea3n c\u1ee7a ch\u00fang t\u00f4i.<\/p><\/li><\/ul><p data-start=\"1901\" data-end=\"1989\">T\u1ea5t c\u1ea3 c\u00e1c nh\u00e0 cung c\u1ea5p d\u1ecbch v\u1ee5 ph\u1ea3i tu\u00e2n th\u1ee7 nghi\u00eam ng\u1eb7t c\u00e1c quy \u0111\u1ecbnh v\u1ec1 b\u1ea3o m\u1eadt v\u00e0 b\u1ea3o v\u1ec7 d\u1eef li\u1ec7u.<\/p><hr data-start=\"1991\" data-end=\"1994\" \/><h3 data-start=\"1996\" data-end=\"2019\">5. An ninh d\u1eef li\u1ec7u<\/h3><p data-start=\"2020\" data-end=\"2243\">Ch\u00fang t\u00f4i \u00e1p d\u1ee5ng c\u00e1c bi\u1ec7n ph\u00e1p b\u1ea3o m\u1eadt ti\u00eau chu\u1ea9n ng\u00e0nh \u0111\u1ec3 b\u1ea3o v\u1ec7 th\u00f4ng tin c\u1ee7a b\u1ea1n.<br data-start=\"2097\" data-end=\"2100\" \/>Tuy nhi\u00ean, xin vui l\u00f2ng hi\u1ec3u r\u1eb1ng kh\u00f4ng c\u00f3 b\u1ea5t k\u1ef3 h\u00ecnh th\u1ee9c truy\u1ec1n t\u1ea3i d\u1eef li\u1ec7u tr\u1ef1c tuy\u1ebfn n\u00e0o l\u00e0 an to\u00e0n 100%.<br data-start=\"2175\" data-end=\"2178\" \/>Ch\u00fang t\u00f4i s\u1ebd ti\u1ebfp t\u1ee5c th\u1ef1c hi\u1ec7n c\u00e1c bi\u1ec7n ph\u00e1p h\u1ee3p l\u00fd \u0111\u1ec3 b\u1ea3o v\u1ec7 d\u1eef li\u1ec7u c\u1ee7a b\u1ea1n.<\/p><hr data-start=\"2245\" data-end=\"2248\" \/><h3 data-start=\"2250\" data-end=\"2271\">6. Quy\u1ec1n c\u1ee7a b\u1ea1n<\/h3><p data-start=\"2272\" data-end=\"2324\">T\u00f9y thu\u1ed9c v\u00e0o khu v\u1ef1c c\u1ee7a b\u1ea1n, b\u1ea1n c\u00f3 th\u1ec3 c\u00f3 quy\u1ec1n:<\/p><ul data-start=\"2325\" data-end=\"2493\"><li data-start=\"2325\" data-end=\"2354\"><p data-start=\"2327\" data-end=\"2354\">Tra c\u1ee9u th\u00f4ng tin c\u00e1 nh\u00e2n c\u1ee7a b\u1ea1n<\/p><\/li><li data-start=\"2355\" data-end=\"2389\"><p data-start=\"2357\" data-end=\"2389\">S\u1eeda ch\u1eefa th\u00f4ng tin kh\u00f4ng ch\u00ednh x\u00e1c<\/p><\/li><li data-start=\"2390\" data-end=\"2423\"><p data-start=\"2392\" data-end=\"2423\">Y\u00eau c\u1ea7u x\u00f3a d\u1eef li\u1ec7u c\u1ee7a b\u1ea1n<\/p><\/li><li data-start=\"2424\" data-end=\"2463\"><p data-start=\"2426\" data-end=\"2463\">T\u1eeb ch\u1ed1i nh\u1eadn th\u00f4ng tin ti\u1ebfp th\u1ecb<\/p><\/li><li data-start=\"2464\" data-end=\"2493\"><p data-start=\"2466\" data-end=\"2493\">Qu\u1ea3n l\u00fd c\u00e0i \u0111\u1eb7t cookie<\/p><\/li><\/ul><p data-start=\"2495\" data-end=\"2565\">\u0110\u1ec3 th\u1ef1c hi\u1ec7n c\u00e1c quy\u1ec1n n\u00e0y, vui l\u00f2ng li\u00ean h\u1ec7 v\u1edbi ch\u00fang t\u00f4i qua c\u00e1c th\u00f4ng tin li\u00ean h\u1ec7 d\u01b0\u1edbi \u0111\u00e2y.<\/p><hr data-start=\"2567\" data-end=\"2570\" \/><h3 data-start=\"2572\" data-end=\"2599\">7. Li\u00ean k\u1ebft c\u1ee7a b\u00ean th\u1ee9 ba<\/h3><p data-start=\"2600\" data-end=\"2719\">Trang web c\u1ee7a ch\u00fang t\u00f4i c\u00f3 th\u1ec3 ch\u1ee9a c\u00e1c li\u00ean k\u1ebft \u0111\u1ebfn c\u00e1c trang web c\u1ee7a b\u00ean th\u1ee9 ba.<br data-start=\"2654\" data-end=\"2657\" \/>Ch\u00fang t\u00f4i kh\u00f4ng ch\u1ecbu tr\u00e1ch nhi\u1ec7m v\u1ec1 c\u00e1c ch\u00ednh s\u00e1ch b\u1ea3o m\u1eadt ho\u1eb7c n\u1ed9i dung c\u1ee7a h\u1ecd.<\/p><hr data-start=\"2721\" data-end=\"2724\" \/><h3>8. Quy\u1ec1n ri\u00eang t\u01b0 c\u1ee7a tr\u1ebb em<\/h3><p data-start=\"2755\" data-end=\"2873\">Trang web v\u00e0 d\u1ecbch v\u1ee5 c\u1ee7a ch\u00fang t\u00f4i l\u00e0 <strong data-start=\"2784\" data-end=\"2822\">Kh\u00f4ng d\u00e0nh cho tr\u1ebb em d\u01b0\u1edbi 13 tu\u1ed5i.<\/strong>.<br data-start=\"2823\" data-end=\"2826\" \/>Ch\u00fang t\u00f4i kh\u00f4ng thu th\u1eadp d\u1eef li\u1ec7u t\u1eeb tr\u1ebb em m\u1ed9t c\u00e1ch c\u1ed1 \u00fd.<\/p><hr data-start=\"2875\" data-end=\"2878\" \/><h3 data-start=\"2880\" data-end=\"2912\">9. Thay \u0111\u1ed5i \u0111\u1ed1i v\u1edbi Ch\u00ednh s\u00e1ch n\u00e0y<\/h3><p data-start=\"2913\" data-end=\"3034\">Ch\u00fang t\u00f4i c\u00f3 th\u1ec3 c\u1eadp nh\u1eadt Ch\u00ednh s\u00e1ch B\u1ea3o m\u1eadt n\u00e0y theo th\u1eddi gian.<br data-start=\"2965\" data-end=\"2968\" \/>C\u00e1c b\u1ea3n c\u1eadp nh\u1eadt s\u1ebd \u0111\u01b0\u1ee3c \u0111\u0103ng tr\u00ean trang n\u00e0y k\u00e8m theo ng\u00e0y c\u1eadp nh\u1eadt m\u1edbi nh\u1ea5t.<\/p><hr data-start=\"3036\" data-end=\"3039\" \/><h3 data-start=\"3041\" data-end=\"3062\">10. Li\u00ean h\u1ec7 v\u1edbi ch\u00fang t\u00f4i<\/h3><p data-start=\"3063\" data-end=\"3166\">N\u1ebfu b\u1ea1n c\u00f3 b\u1ea5t k\u1ef3 c\u00e2u h\u1ecfi n\u00e0o v\u1ec1 Ch\u00ednh s\u00e1ch B\u1ea3o m\u1eadt n\u00e0y ho\u1eb7c mu\u1ed1n y\u00eau c\u1ea7u th\u1ef1c hi\u1ec7n c\u00e1c h\u00e0nh \u0111\u1ed9ng li\u00ean quan \u0111\u1ebfn d\u1eef li\u1ec7u, vui l\u00f2ng li\u00ean h\u1ec7 v\u1edbi ch\u00fang t\u00f4i:<\/p><p data-start=\"3168\" data-end=\"3339\"><strong data-start=\"3168\" data-end=\"3178\">Email:<\/strong> <a class=\"decorated-link cursor-pointer\" rel=\"noopener\" data-start=\"3179\" data-end=\"3196\">info@ledingco.com<\/a><br data-start=\"3196\" data-end=\"3199\" \/><strong data-start=\"3199\" data-end=\"3211\">\u0110\u1ecba ch\u1ec9:<\/strong> 507B, T\u1ea7ng 5, Khu A, Longfor Hongqiao Paradise Walk,&lt;br&gt;Qu\u1eadn Minh H\u1eb1ng, Th\u01b0\u1ee3ng H\u1ea3i, Trung Qu\u1ed1c<br data-start=\"3306\" data-end=\"3309\" \/><strong data-start=\"3309\" data-end=\"3319\">\u0110i\u1ec7n tho\u1ea1i:<\/strong> +86 181 1759 7935<\/p>\t\t\t\t\t\t\t\t<\/div>\n\t\t\t\t\t<\/div>\n\t\t\t\t<\/div>\n\t\t\t\t<\/div>","protected":false},"excerpt":{"rendered":"<p>Privacy Policy Home Privacy Policy Last Updated: December 3, 2025 Thank you for visiting our website. We value your trust and are committed to protecting your personal information. This Privacy Policy explains how we collect, use, disclose, and safeguard your data when you access our website or use our services. 1. Information We Collect 1.1 [&hellip;]<\/p>\n","protected":false},"author":1,"featured_media":0,"parent":0,"menu_order":0,"comment_status":"closed","ping_status":"closed","template":"","meta":{"footnotes":""},"class_list":["post-2803","page","type-page","status-publish","hentry"],"_links":{"self":[{"href":"https:\/\/ledingco.com\/vi\/wp-json\/wp\/v2\/pages\/2803","targetHints":{"allow":["GET"]}}],"collection":[{"href":"https:\/\/ledingco.com\/vi\/wp-json\/wp\/v2\/pages"}],"about":[{"href":"https:\/\/ledingco.com\/vi\/wp-json\/wp\/v2\/types\/page"}],"author":[{"embeddable":true,"href":"https:\/\/ledingco.com\/vi\/wp-json\/wp\/v2\/users\/1"}],"replies":[{"embeddable":true,"href":"https:\/\/ledingco.com\/vi\/wp-json\/wp\/v2\/comments?post=2803"}],"version-history":[{"count":49,"href":"https:\/\/ledingco.com\/vi\/wp-json\/wp\/v2\/pages\/2803\/revisions"}],"predecessor-version":[{"id":2861,"href":"https:\/\/ledingco.com\/vi\/wp-json\/wp\/v2\/pages\/2803\/revisions\/2861"}],"wp:attachment":[{"href":"https:\/\/ledingco.com\/vi\/wp-json\/wp\/v2\/media?parent=2803"}],"curies":[{"name":"wp","href":"https:\/\/api.w.org\/{rel}","templated":true}]}}