{"id":2854,"date":"2025-12-03T07:24:15","date_gmt":"2025-12-03T07:24:15","guid":{"rendered":"https:\/\/ledingco.com\/?page_id=2854"},"modified":"2025-12-03T07:31:25","modified_gmt":"2025-12-03T07:31:25","slug":"dieu-khoan-dich-vu","status":"publish","type":"page","link":"https:\/\/ledingco.com\/vi\/terms-services\/","title":{"rendered":"\u0110i\u1ec1u kho\u1ea3n &amp; D\u1ecbch v\u1ee5"},"content":{"rendered":"<div data-elementor-type=\"wp-page\" data-elementor-id=\"2854\" class=\"elementor elementor-2854\" data-elementor-post-type=\"page\">\n\t\t\t\t<div class=\"elementor-element elementor-element-1947800 e-flex e-con-boxed e-con e-parent\" data-id=\"1947800\" data-element_type=\"container\" data-e-type=\"container\" data-settings=\"{&quot;background_background&quot;:&quot;classic&quot;}\">\n\t\t\t\t\t<div class=\"e-con-inner\">\n\t\t\t\t<div class=\"elementor-element elementor-element-0083c83 elementor-widget__width-inherit elementor-invisible elementor-widget elementor-widget-heading\" data-id=\"0083c83\" data-element_type=\"widget\" data-e-type=\"widget\" data-settings=\"{&quot;_animation&quot;:&quot;fadeIn&quot;}\" data-widget_type=\"heading.default\">\n\t\t\t\t\t<h2 class=\"elementor-heading-title elementor-size-default\">\u0110i\u1ec1u kho\u1ea3n &amp; D\u1ecbch v\u1ee5<\/h2>\t\t\t\t<\/div>\n\t\t\t\t<div class=\"elementor-element elementor-element-a2082b7 elementor-icon-list--layout-inline elementor-align-center elementor-list-item-link-full_width elementor-invisible elementor-widget elementor-widget-icon-list\" data-id=\"a2082b7\" data-element_type=\"widget\" data-e-type=\"widget\" data-settings=\"{&quot;_animation&quot;:&quot;fadeIn&quot;,&quot;_animation_delay&quot;:200}\" data-widget_type=\"icon-list.default\">\n\t\t\t\t\t\t\t<ul class=\"elementor-icon-list-items elementor-inline-items\">\n\t\t\t\t\t\t\t<li class=\"elementor-icon-list-item elementor-inline-item\">\n\t\t\t\t\t\t\t\t\t\t\t<a href=\"#\">\n\n\t\t\t\t\t\t\t\t\t\t\t<span class=\"elementor-icon-list-text\">Trang ch\u1ee7<\/span>\n\t\t\t\t\t\t\t\t\t\t\t<\/a>\n\t\t\t\t\t\t\t\t\t<\/li>\n\t\t\t\t\t\t\t\t<li class=\"elementor-icon-list-item elementor-inline-item\">\n\t\t\t\t\t\t\t\t\t\t\t<a href=\"https:\/\/ledingco.com\/vi\/terms-services\/\">\n\n\t\t\t\t\t\t\t\t\t\t\t\t<span class=\"elementor-icon-list-icon\">\n\t\t\t\t\t\t\t<i aria-hidden=\"true\" class=\"icon icon-arrow-right\"><\/i>\t\t\t\t\t\t<\/span>\n\t\t\t\t\t\t\t\t\t\t<span class=\"elementor-icon-list-text\">\u0110i\u1ec1u kho\u1ea3n &amp; D\u1ecbch v\u1ee5<\/span>\n\t\t\t\t\t\t\t\t\t\t\t<\/a>\n\t\t\t\t\t\t\t\t\t<\/li>\n\t\t\t\t\t\t<\/ul>\n\t\t\t\t\t\t<\/div>\n\t\t\t\t\t<\/div>\n\t\t\t\t<\/div>\n\t\t<div class=\"elementor-element elementor-element-dcbbc5d e-flex e-con-boxed e-con e-parent\" data-id=\"dcbbc5d\" data-element_type=\"container\" data-e-type=\"container\">\n\t\t\t\t\t<div class=\"e-con-inner\">\n\t\t\t\t<div class=\"elementor-element elementor-element-36501f9 elementor-widget elementor-widget-text-editor\" data-id=\"36501f9\" data-element_type=\"widget\" data-e-type=\"widget\" data-widget_type=\"text-editor.default\">\n\t\t\t\t\t\t\t\t\t<p data-start=\"127\" data-end=\"162\"><strong data-start=\"127\" data-end=\"162\">C\u1eadp nh\u1eadt l\u1ea7n cu\u1ed1i: 10 th\u00e1ng 2 n\u0103m 2025<\/strong><\/p><p data-start=\"164\" data-end=\"345\">Ch\u00e0o m\u1eebng \u0111\u1ebfn v\u1edbi LEDINGCO. B\u1eb1ng vi\u1ec7c truy c\u1eadp ho\u1eb7c s\u1eed d\u1ee5ng trang web, s\u1ea3n ph\u1ea9m ho\u1eb7c d\u1ecbch v\u1ee5 c\u1ee7a ch\u00fang t\u00f4i, b\u1ea1n \u0111\u1ed3ng \u00fd tu\u00e2n th\u1ee7 c\u00e1c \u0110i\u1ec1u kho\u1ea3n &amp; D\u1ecbch v\u1ee5 sau \u0111\u00e2y. Vui l\u00f2ng \u0111\u1ecdc k\u1ef9 tr\u01b0\u1edbc khi ti\u1ebfp t\u1ee5c.<\/p><hr data-start=\"347\" data-end=\"350\" \/><h3 data-start=\"352\" data-end=\"381\">1. Ch\u1ea5p nh\u1eadn \u0110i\u1ec1u kho\u1ea3n<\/h3><p data-start=\"382\" data-end=\"543\">B\u1eb1ng c\u00e1ch s\u1eed d\u1ee5ng trang web c\u1ee7a ch\u00fang t\u00f4i ho\u1eb7c tham gia v\u00e0o b\u1ea5t k\u1ef3 giao d\u1ecbch kinh doanh n\u00e0o v\u1edbi LEDINGCO, b\u1ea1n x\u00e1c nh\u1eadn r\u1eb1ng b\u1ea1n \u0111\u00e3 \u0111\u1ecdc, hi\u1ec3u v\u00e0 \u0111\u1ed3ng \u00fd tu\u00e2n th\u1ee7 c\u00e1c \u0110i\u1ec1u kho\u1ea3n &amp; D\u1ecbch v\u1ee5 n\u00e0y.<\/p><p data-start=\"545\" data-end=\"661\">N\u1ebfu b\u1ea1n kh\u00f4ng \u0111\u1ed3ng \u00fd v\u1edbi b\u1ea5t k\u1ef3 ph\u1ea7n n\u00e0o c\u1ee7a c\u00e1c \u0111i\u1ec1u kho\u1ea3n n\u00e0y, vui l\u00f2ng ng\u1eebng s\u1eed d\u1ee5ng trang web ho\u1eb7c d\u1ecbch v\u1ee5 c\u1ee7a ch\u00fang t\u00f4i ngay l\u1eadp t\u1ee9c.<\/p><hr data-start=\"663\" data-end=\"666\" \/><h3 data-start=\"668\" data-end=\"692\">2. Ph\u1ea1m vi ho\u1ea1t \u0111\u1ed9ng kinh doanh<\/h3><p data-start=\"693\" data-end=\"717\">LEDINGCO chuy\u00ean v\u1ec1:<\/p><ul data-start=\"718\" data-end=\"901\"><li data-start=\"718\" data-end=\"770\"><p data-start=\"720\" data-end=\"770\">S\u1ea3n xu\u1ea5t theo \u0111\u01a1n \u0111\u1eb7t h\u00e0ng (OEM) c\u00e1c m\u00f4-\u0111un chi\u1ebfu s\u00e1ng \u00f4 t\u00f4<\/p><\/li><li data-start=\"771\" data-end=\"806\"><p data-start=\"773\" data-end=\"806\">C\u00e1c \u0111\u1ed1i t\u00e1c ph\u00e2n ph\u1ed1i th\u01b0\u01a1ng hi\u1ec7u<\/p><\/li><li data-start=\"807\" data-end=\"859\"><p data-start=\"809\" data-end=\"859\">Cung c\u1ea5p s\u1ec9 c\u00e1c s\u1ea3n ph\u1ea9m chi\u1ebfu s\u00e1ng \u00f4 t\u00f4<\/p><\/li><li data-start=\"860\" data-end=\"901\"><p data-start=\"862\" data-end=\"901\">\u0110\u01a1n h\u00e0ng s\u1ea3n xu\u1ea5t theo l\u00f4 nh\u1ecf ho\u1eb7c theo y\u00eau c\u1ea7u ri\u00eang<\/p><\/li><\/ul><p data-start=\"903\" data-end=\"980\">T\u1ea5t c\u1ea3 c\u00e1c d\u1ecbch v\u1ee5 v\u00e0 s\u1ea3n ph\u1ea9m \u0111\u1ec1u \u0111\u01b0\u1ee3c thi\u1ebft k\u1ebf d\u00e0nh cho <strong data-start=\"946\" data-end=\"974\">Kh\u00e1ch h\u00e0ng doanh nghi\u1ec7p (B2B)<\/strong> ch\u1ec9.<\/p><hr data-start=\"982\" data-end=\"985\" \/><h3 data-start=\"987\" data-end=\"1036\">3. N\u1ed9i dung trang web &amp; Quy\u1ec1n s\u1edf h\u1eefu tr\u00ed tu\u1ec7<\/h3><p data-start=\"1037\" data-end=\"1175\">T\u1ea5t c\u1ea3 n\u1ed9i dung tr\u00ean trang web n\u00e0y\u2014bao g\u1ed3m v\u0103n b\u1ea3n, h\u00ecnh \u1ea3nh, th\u00f4ng tin s\u1ea3n ph\u1ea9m, nh\u00e3n hi\u1ec7u v\u00e0 thi\u1ebft k\u1ebf\u2014l\u00e0 t\u00e0i s\u1ea3n c\u1ee7a LEDINGCO ho\u1eb7c c\u00e1c b\u00ean c\u1ea5p ph\u00e9p c\u1ee7a LEDINGCO.<\/p><p data-start=\"1177\" data-end=\"1189\">B\u1ea1n kh\u00f4ng \u0111\u01b0\u1ee3c:<\/p><ul data-start=\"1190\" data-end=\"1363\"><li data-start=\"1190\" data-end=\"1268\"><p data-start=\"1192\" data-end=\"1268\">Sao ch\u00e9p, s\u1eeda \u0111\u1ed5i, ph\u00e2n ph\u1ed1i ho\u1eb7c sao ch\u00e9p l\u1ea1i b\u1ea5t k\u1ef3 n\u1ed9i dung n\u00e0o m\u00e0 kh\u00f4ng c\u00f3 s\u1ef1 \u0111\u1ed3ng \u00fd b\u1eb1ng v\u0103n b\u1ea3n.<\/p><\/li><li data-start=\"1269\" data-end=\"1363\"><p data-start=\"1271\" data-end=\"1363\">S\u1eed d\u1ee5ng nh\u00e3n hi\u1ec7u, t\u00ean s\u1ea3n ph\u1ea9m ho\u1eb7c h\u00ecnh \u1ea3nh c\u1ee7a ch\u00fang t\u00f4i cho m\u1ee5c \u0111\u00edch th\u01b0\u01a1ng m\u1ea1i m\u00e0 kh\u00f4ng c\u00f3 s\u1ef1 cho ph\u00e9p.<\/p><\/li><\/ul><p data-start=\"1365\" data-end=\"1409\">S\u1eed d\u1ee5ng tr\u00e1i ph\u00e9p c\u00f3 th\u1ec3 d\u1eabn \u0111\u1ebfn c\u00e1c bi\u1ec7n ph\u00e1p ph\u00e1p l\u00fd.<\/p><hr data-start=\"1411\" data-end=\"1414\" \/><h3 data-start=\"1416\" data-end=\"1460\">4. Th\u00f4ng tin s\u1ea3n ph\u1ea9m &amp; T\u00ecnh tr\u1ea1ng s\u1eb5n c\u00f3<\/h3><p data-start=\"1461\" data-end=\"1526\">Ch\u00fang t\u00f4i n\u1ed7 l\u1ef1c \u0111\u1ec3 \u0111\u1ea3m b\u1ea3o t\u1ea5t c\u1ea3 th\u00f4ng tin s\u1ea3n ph\u1ea9m \u0111\u1ec1u ch\u00ednh x\u00e1c. Tuy nhi\u00ean:<\/p><ul data-start=\"1527\" data-end=\"1746\"><li data-start=\"1527\" data-end=\"1611\"><p data-start=\"1529\" data-end=\"1611\">Th\u00f4ng s\u1ed1 k\u1ef9 thu\u1eadt c\u00f3 th\u1ec3 thay \u0111\u1ed5i m\u00e0 kh\u00f4ng c\u1ea7n th\u00f4ng b\u00e1o tr\u01b0\u1edbc nh\u01b0 m\u1ed9t ph\u1ea7n c\u1ee7a qu\u00e1 tr\u00ecnh c\u1ea3i ti\u1ebfn li\u00ean t\u1ee5c.<\/p><\/li><li data-start=\"1612\" data-end=\"1655\"><p data-start=\"1614\" data-end=\"1655\">S\u1ef1 s\u1eb5n c\u00f3 c\u1ee7a s\u1ea3n ph\u1ea9m c\u00f3 th\u1ec3 kh\u00e1c nhau t\u00f9y theo khu v\u1ef1c.<\/p><\/li><li data-start=\"1656\" data-end=\"1746\"><p data-start=\"1658\" data-end=\"1746\">LEDINGCO kh\u00f4ng ch\u1ecbu tr\u00e1ch nhi\u1ec7m v\u1ec1 c\u00e1c l\u1ed7i, thi\u1ebfu s\u00f3t ho\u1eb7c th\u00f4ng tin l\u1ed7i th\u1eddi tr\u00ean trang web.<\/p><\/li><\/ul><p data-start=\"1748\" data-end=\"1811\">\u0110\u1ec3 bi\u1ebft th\u00eam chi ti\u1ebft m\u1edbi nh\u1ea5t, vui l\u00f2ng li\u00ean h\u1ec7 tr\u1ef1c ti\u1ebfp v\u1edbi \u0111\u1ed9i ng\u0169 b\u00e1n h\u00e0ng c\u1ee7a ch\u00fang t\u00f4i.<\/p><hr data-start=\"1813\" data-end=\"1816\" \/><h3>5. \u0110\u01a1n h\u00e0ng &amp; Thanh to\u00e1n<\/h3><p data-start=\"1846\" data-end=\"1916\">Khi \u0111\u1eb7t h\u00e0ng, b\u1ea1n \u0111\u1ed3ng \u00fd v\u1edbi c\u00e1c \u0111i\u1ec1u kho\u1ea3n thanh to\u00e1n c\u1ee7a LEDINGCO, bao g\u1ed3m:<\/p><ul data-start=\"1917\" data-end=\"2064\"><li data-start=\"1917\" data-end=\"1973\"><p data-start=\"1919\" data-end=\"1973\">100% thanh to\u00e1n tr\u01b0\u1edbc ho\u1eb7c \u0111\u1eb7t c\u1ecdc m\u1ed9t ph\u1ea7n d\u1ef1a tr\u00ean gi\u00e1 tr\u1ecb \u0111\u01a1n h\u00e0ng.<\/p><\/li><li data-start=\"1974\" data-end=\"2064\"><p data-start=\"1976\" data-end=\"2064\">C\u00e1c ph\u01b0\u01a1ng th\u1ee9c thanh to\u00e1n \u0111\u01b0\u1ee3c ch\u1ea5p nh\u1eadn: Chuy\u1ec3n kho\u1ea3n ng\u00e2n h\u00e0ng, PingPong, WorldFirst (t\u00e0i kho\u1ea3n nh\u1eadn ti\u1ec1n \u0111\u1ecba ph\u01b0\u01a1ng)<\/p><\/li><\/ul><p data-start=\"2066\" data-end=\"2133\">LEDINGCO c\u00f3 quy\u1ec1n h\u1ee7y b\u1ecf ho\u1eb7c t\u1eeb ch\u1ed1i \u0111\u01a1n h\u00e0ng trong c\u00e1c tr\u01b0\u1eddng h\u1ee3p sau:<\/p><ul data-start=\"2134\" data-end=\"2221\"><li data-start=\"2134\" data-end=\"2155\"><p data-start=\"2136\" data-end=\"2155\">Gi\u00e1 c\u1ea3 kh\u00f4ng ch\u00ednh x\u00e1c<\/p><\/li><li data-start=\"2156\" data-end=\"2188\"><p data-start=\"2158\" data-end=\"2188\">Th\u00f4ng tin kh\u00e1ch h\u00e0ng kh\u00f4ng h\u1ee3p l\u1ec7<\/p><\/li><li data-start=\"2189\" data-end=\"2221\"><p data-start=\"2191\" data-end=\"2221\">Kh\u00f4ng th\u1ec3 x\u1eed l\u00fd thanh to\u00e1n<\/p><\/li><\/ul><hr data-start=\"2223\" data-end=\"2226\" \/><h3 data-start=\"2228\" data-end=\"2257\">6. V\u1eadn chuy\u1ec3n &amp; Giao h\u00e0ng<\/h3><ul data-start=\"2258\" data-end=\"2470\"><li data-start=\"2258\" data-end=\"2326\"><p data-start=\"2260\" data-end=\"2326\">\u0110i\u1ec1u ki\u1ec7n v\u1eadn chuy\u1ec3n tu\u00e2n theo c\u00e1c \u0111i\u1ec1u kho\u1ea3n Incoterms \u0111\u00e3 th\u1ecfa thu\u1eadn (EXW, FOB, CIF, v.v.).<\/p><\/li><li data-start=\"2327\" data-end=\"2378\"><p data-start=\"2329\" data-end=\"2378\">Th\u1eddi gian giao h\u00e0ng l\u00e0 \u01b0\u1edbc t\u00ednh v\u00e0 kh\u00f4ng \u0111\u01b0\u1ee3c \u0111\u1ea3m b\u1ea3o.<\/p><\/li><li data-start=\"2379\" data-end=\"2470\"><p data-start=\"2381\" data-end=\"2470\">LEDINGCO kh\u00f4ng ch\u1ecbu tr\u00e1ch nhi\u1ec7m v\u1ec1 c\u00e1c s\u1ef1 ch\u1eadm tr\u1ec5 do c\u00e1c \u0111\u01a1n v\u1ecb v\u1eadn chuy\u1ec3n, h\u1ea3i quan ho\u1eb7c c\u00e1c y\u1ebfu t\u1ed1 b\u00ean ngo\u00e0i g\u00e2y ra.<\/p><\/li><\/ul><p data-start=\"2472\" data-end=\"2554\">R\u1ee7i ro m\u1ea5t m\u00e1t \u0111\u01b0\u1ee3c chuy\u1ec3n giao cho ng\u01b0\u1eddi mua ngay khi h\u00e0ng h\u00f3a \u0111\u01b0\u1ee3c giao cho nh\u00e0 v\u1eadn chuy\u1ec3n.<\/p><hr data-start=\"2556\" data-end=\"2559\" \/><h3 data-start=\"2561\" data-end=\"2588\">7. B\u1ea3o h\u00e0nh &amp; Khi\u1ebfu n\u1ea1i<\/h3><p data-start=\"2589\" data-end=\"2673\">S\u1ea3n ph\u1ea9m c\u1ee7a ch\u00fang t\u00f4i \u0111\u01b0\u1ee3c b\u1ea3o h\u00e0nh theo c\u00e1c \u0111i\u1ec1u kho\u1ea3n b\u1ea3o h\u00e0nh ti\u00eau chu\u1ea9n nh\u01b0 \u0111\u00e3 th\u1ecfa thu\u1eadn trong h\u1ee3p \u0111\u1ed3ng b\u00e1n h\u00e0ng.<\/p><p data-start=\"2675\" data-end=\"2699\">B\u1ea3o h\u00e0nh kh\u00f4ng \u00e1p d\u1ee5ng cho:<\/p><ul data-start=\"2700\" data-end=\"2841\"><li data-start=\"2700\" data-end=\"2725\"><p data-start=\"2702\" data-end=\"2725\">L\u1eafp \u0111\u1eb7t kh\u00f4ng \u0111\u00fang c\u00e1ch<\/p><\/li><li data-start=\"2726\" data-end=\"2755\"><p data-start=\"2728\" data-end=\"2755\">S\u1eeda \u0111\u1ed5i tr\u00e1i ph\u00e9p<\/p><\/li><li data-start=\"2756\" data-end=\"2841\"><p data-start=\"2758\" data-end=\"2841\">H\u01b0 h\u1ecfng do s\u1eed d\u1ee5ng sai c\u00e1ch, tai n\u1ea1n ho\u1eb7c \u0111i\u1ec1u ki\u1ec7n v\u1eadn h\u00e0nh kh\u00f4ng tu\u00e2n th\u1ee7 quy \u0111\u1ecbnh.<\/p><\/li><\/ul><p data-start=\"2843\" data-end=\"2873\">C\u00e1c y\u00eau c\u1ea7u b\u1ed3i th\u01b0\u1eddng ph\u1ea3i \u0111\u01b0\u1ee3c n\u1ed9p k\u00e8m theo:<\/p><ul data-start=\"2874\" data-end=\"2955\"><li data-start=\"2874\" data-end=\"2890\"><p data-start=\"2876\" data-end=\"2890\">S\u1ed1 \u0111\u01a1n h\u00e0ng<\/p><\/li><li data-start=\"2891\" data-end=\"2919\"><p data-start=\"2893\" data-end=\"2919\">M\u00f4 t\u1ea3 v\u1ea5n \u0111\u1ec1<\/p><\/li><li data-start=\"2920\" data-end=\"2955\"><p data-start=\"2922\" data-end=\"2955\">H\u00ecnh \u1ea3nh ho\u1eb7c video \u0111\u1ec3 \u0111\u00e1nh gi\u00e1<\/p><\/li><\/ul><hr data-start=\"2957\" data-end=\"2960\" \/><h3 data-start=\"2962\" data-end=\"2995\">8. Gi\u1edbi h\u1ea1n tr\u00e1ch nhi\u1ec7m<\/h3><p data-start=\"2996\" data-end=\"3035\">Trong ph\u1ea1m vi t\u1ed1i \u0111a \u0111\u01b0\u1ee3c ph\u00e1p lu\u1eadt cho ph\u00e9p:<\/p><ul data-start=\"3036\" data-end=\"3195\"><li data-start=\"3036\" data-end=\"3113\"><p data-start=\"3038\" data-end=\"3113\">LEDINGCO kh\u00f4ng ch\u1ecbu tr\u00e1ch nhi\u1ec7m v\u1ec1 c\u00e1c thi\u1ec7t h\u1ea1i gi\u00e1n ti\u1ebfp, ng\u1eabu nhi\u00ean ho\u1eb7c do h\u1eadu qu\u1ea3.<\/p><\/li><li data-start=\"3114\" data-end=\"3195\"><p data-start=\"3116\" data-end=\"3195\">T\u1ed5ng tr\u00e1ch nhi\u1ec7m kh\u00f4ng \u0111\u01b0\u1ee3c v\u01b0\u1ee3t qu\u00e1 s\u1ed1 ti\u1ec1n \u0111\u00e3 thanh to\u00e1n cho c\u00e1c s\u1ea3n ph\u1ea9m li\u00ean quan.<\/p><\/li><\/ul><hr data-start=\"3197\" data-end=\"3200\" \/><h3 data-start=\"3202\" data-end=\"3229\">9. Li\u00ean k\u1ebft c\u1ee7a b\u00ean th\u1ee9 ba<\/h3><p data-start=\"3230\" data-end=\"3311\">Trang web c\u1ee7a ch\u00fang t\u00f4i c\u00f3 th\u1ec3 ch\u1ee9a c\u00e1c li\u00ean k\u1ebft \u0111\u1ebfn c\u00e1c trang web b\u00ean ngo\u00e0i. LEDINGCO kh\u00f4ng ch\u1ecbu tr\u00e1ch nhi\u1ec7m v\u1ec1:<\/p><ul data-start=\"3312\" data-end=\"3374\"><li data-start=\"3312\" data-end=\"3321\"><p data-start=\"3314\" data-end=\"3321\">N\u1ed9i dung<\/p><\/li><li data-start=\"3322\" data-end=\"3332\"><p data-start=\"3324\" data-end=\"3332\">Ch\u00ednh s\u00e1ch<\/p><\/li><li data-start=\"3333\" data-end=\"3374\"><p data-start=\"3335\" data-end=\"3374\">An ninh<br data-start=\"3343\" data-end=\"3346\" \/>c\u1ee7a b\u1ea5t k\u1ef3 trang web c\u1ee7a b\u00ean th\u1ee9 ba n\u00e0o.<\/p><\/li><\/ul><hr data-start=\"3376\" data-end=\"3379\" \/><h3 data-start=\"3381\" data-end=\"3406\">10. Ch\u00ednh s\u00e1ch b\u1ea3o m\u1eadt<\/h3><p data-start=\"3407\" data-end=\"3531\">Vi\u1ec7c s\u1eed d\u1ee5ng trang web n\u00e0y c\u1ee7a b\u1ea1n c\u0169ng tu\u00e2n theo c\u00e1c quy \u0111\u1ecbnh c\u1ee7a ch\u00fang t\u00f4i. <strong data-start=\"3456\" data-end=\"3474\">Ch\u00ednh s\u00e1ch b\u1ea3o m\u1eadt<\/strong>, gi\u1ea3i th\u00edch c\u00e1ch ch\u00fang t\u00f4i thu th\u1eadp v\u00e0 s\u1eed d\u1ee5ng th\u00f4ng tin c\u1ee7a b\u1ea1n.<\/p><hr data-start=\"3533\" data-end=\"3536\" \/><h3 data-start=\"3538\" data-end=\"3565\">11. Thay \u0111\u1ed5i \u0110i\u1ec1u kho\u1ea3n<\/h3><p data-start=\"3566\" data-end=\"3730\">LEDINGCO c\u00f3 quy\u1ec1n c\u1eadp nh\u1eadt ho\u1eb7c s\u1eeda \u0111\u1ed5i c\u00e1c \u0110i\u1ec1u kho\u1ea3n &amp; D\u1ecbch v\u1ee5 n\u00e0y v\u00e0o b\u1ea5t k\u1ef3 th\u1eddi \u0111i\u1ec3m n\u00e0o. C\u00e1c phi\u00ean b\u1ea3n c\u1eadp nh\u1eadt s\u1ebd \u0111\u01b0\u1ee3c \u0111\u0103ng t\u1ea3i tr\u00ean trang n\u00e0y k\u00e8m theo ng\u00e0y c\u1eadp nh\u1eadt m\u1edbi nh\u1ea5t.<\/p><p data-start=\"3732\" data-end=\"3795\">Vi\u1ec7c ti\u1ebfp t\u1ee5c s\u1eed d\u1ee5ng trang web \u0111\u1ed3ng ngh\u0129a v\u1edbi vi\u1ec7c ch\u1ea5p nh\u1eadn t\u1ea5t c\u1ea3 c\u00e1c thay \u0111\u1ed5i.<\/p><hr data-start=\"3797\" data-end=\"3800\" \/><h3 data-start=\"3802\" data-end=\"3823\">12. Li\u00ean h\u1ec7 v\u1edbi ch\u00fang t\u00f4i<\/h3><p data-start=\"3824\" data-end=\"3890\">\u0110\u1ec3 \u0111\u01b0\u1ee3c h\u1ed7 tr\u1ee3 v\u1ec1 c\u00e1c \u0110i\u1ec1u kho\u1ea3n &amp; D\u1ecbch v\u1ee5 n\u00e0y, vui l\u00f2ng li\u00ean h\u1ec7 v\u1edbi ch\u00fang t\u00f4i:<\/p><p data-start=\"3892\" data-end=\"4073\">\ud83d\udce7 <strong data-start=\"3895\" data-end=\"3905\">Email:<\/strong> <a class=\"decorated-link cursor-pointer\" rel=\"noopener\" data-start=\"3906\" data-end=\"3923\">info@ledingco.com<\/a><br data-start=\"3923\" data-end=\"3926\" \/>\ud83d\udcde <strong data-start=\"3929\" data-end=\"3939\">\u0110i\u1ec7n tho\u1ea1i:<\/strong> +86 181 1759 7935<br data-start=\"3957\" data-end=\"3960\" \/>\ud83d\udccd <strong data-start=\"3963\" data-end=\"3975\">\u0110\u1ecba ch\u1ec9: <\/strong>507B, T\u1ea7ng 5, Khu A, Longfor Hongqiao Paradise Walk, Qu\u1eadn Minhang, Th\u01b0\u1ee3ng H\u1ea3i, Trung Qu\u1ed1c<\/p>\t\t\t\t\t\t\t\t<\/div>\n\t\t\t\t\t<\/div>\n\t\t\t\t<\/div>\n\t\t\t\t<\/div>","protected":false},"excerpt":{"rendered":"<p>Terms &amp; Services Home Terms &amp; Services Last Updated: February 10, 2025 Welcome to LEDINGCO. By accessing or using our website, products, or services, you agree to comply with the following Terms &amp; Services. Please read them carefully before proceeding. 1. Acceptance of Terms By using our website or engaging in any business with LEDINGCO, [&hellip;]<\/p>\n","protected":false},"author":1,"featured_media":0,"parent":0,"menu_order":0,"comment_status":"closed","ping_status":"closed","template":"","meta":{"footnotes":""},"class_list":["post-2854","page","type-page","status-publish","hentry"],"_links":{"self":[{"href":"https:\/\/ledingco.com\/vi\/wp-json\/wp\/v2\/pages\/2854","targetHints":{"allow":["GET"]}}],"collection":[{"href":"https:\/\/ledingco.com\/vi\/wp-json\/wp\/v2\/pages"}],"about":[{"href":"https:\/\/ledingco.com\/vi\/wp-json\/wp\/v2\/types\/page"}],"author":[{"embeddable":true,"href":"https:\/\/ledingco.com\/vi\/wp-json\/wp\/v2\/users\/1"}],"replies":[{"embeddable":true,"href":"https:\/\/ledingco.com\/vi\/wp-json\/wp\/v2\/comments?post=2854"}],"version-history":[{"count":58,"href":"https:\/\/ledingco.com\/vi\/wp-json\/wp\/v2\/pages\/2854\/revisions"}],"predecessor-version":[{"id":2915,"href":"https:\/\/ledingco.com\/vi\/wp-json\/wp\/v2\/pages\/2854\/revisions\/2915"}],"wp:attachment":[{"href":"https:\/\/ledingco.com\/vi\/wp-json\/wp\/v2\/media?parent=2854"}],"curies":[{"name":"wp","href":"https:\/\/api.w.org\/{rel}","templated":true}]}}